{"id":6061,"date":"2018-01-11T17:59:08","date_gmt":"2018-01-11T21:59:08","guid":{"rendered":"http:\/\/sheilahughmackay.ca\/shmf\/?page_id=6061"},"modified":"2018-01-11T18:02:26","modified_gmt":"2018-01-11T22:02:26","slug":"brigitte-clavette","status":"publish","type":"page","link":"https:\/\/sheilahughmackay.ca\/fr\/fondation\/conseil-dadminisration\/brigitte-clavette\/","title":{"rendered":"Brigitte Clavette"},"content":{"rendered":"<p><a href=\"http:\/\/sheilahughmackay.ca\/\/wp-content\/uploads\/2015\/08\/Brigitte-Bio-Photo-1-1.jpg\"><img loading=\"lazy\" src=\"http:\/\/sheilahughmackay.ca\/\/wp-content\/uploads\/2015\/08\/Brigitte-Bio-Photo-1-1-300x292.jpg\" alt=\"\" width=\"300\" height=\"292\" class=\"aligncenter size-medium wp-image-3677\" srcset=\"https:\/\/sheilahughmackay.ca\/wp-content\/uploads\/2015\/08\/Brigitte-Bio-Photo-1-1-300x292.jpg 300w, https:\/\/sheilahughmackay.ca\/wp-content\/uploads\/2015\/08\/Brigitte-Bio-Photo-1-1-768x747.jpg 768w, https:\/\/sheilahughmackay.ca\/wp-content\/uploads\/2015\/08\/Brigitte-Bio-Photo-1-1-1024x996.jpg 1024w, https:\/\/sheilahughmackay.ca\/wp-content\/uploads\/2015\/08\/Brigitte-Bio-Photo-1-1-100x97.jpg 100w, https:\/\/sheilahughmackay.ca\/wp-content\/uploads\/2015\/08\/Brigitte-Bio-Photo-1-1-150x146.jpg 150w, https:\/\/sheilahughmackay.ca\/wp-content\/uploads\/2015\/08\/Brigitte-Bio-Photo-1-1-200x194.jpg 200w, https:\/\/sheilahughmackay.ca\/wp-content\/uploads\/2015\/08\/Brigitte-Bio-Photo-1-1-450x438.jpg 450w, https:\/\/sheilahughmackay.ca\/wp-content\/uploads\/2015\/08\/Brigitte-Bio-Photo-1-1-600x583.jpg 600w, https:\/\/sheilahughmackay.ca\/wp-content\/uploads\/2015\/08\/Brigitte-Bio-Photo-1-1-900x875.jpg 900w, https:\/\/sheilahughmackay.ca\/wp-content\/uploads\/2015\/08\/Brigitte-Bio-Photo-1-1.jpg 1044w\" sizes=\"(max-width: 300px) 100vw, 300px\" \/><\/a><\/p>\n<p>Brigitte Clavette est une artiste et une \u00e9ducatrice de renomm\u00e9e nationale. Elle a obtenu un baccalaur\u00e9at en beaux-arts du Coll\u00e8ge d&#8217;art et de design de la Nouvelle-\u00c9cosse, sp\u00e9cialis\u00e9 en joaillerie. Elle a enseign\u00e9 au CCNB, au Sunbury Shores Arts and Nature Centre, au Nunavut Arctic College et \u00e0 l&#8217;\u00c9cole des beaux-arts de Haliburton en Ontario et a \u00e9t\u00e9 directrice des ateliers bijoux et m\u00e9tal au Coll\u00e8ge d&#8217;artisanat et de design du Nouveau-Brunswick. Clavette est devenue membre de l&#8217;Acad\u00e9mie royale des arts du Canada en 2000 et a remport\u00e9 le prix d&#8217;excellence de l&#8217;artisanat du Nouveau-Brunswick en 2002. En 2006, elle a re\u00e7u le prix Strathbutler pour son excellence cr\u00e9ative et sa contribution significative au Nouveau-Brunswick. Clavette expose \u00e0 l&#8217;\u00e9chelle nationale et internationale.<\/p>\n<p>Elle est profond\u00e9ment engag\u00e9e \u00e0 servir la communaut\u00e9 artistique au niveau local, r\u00e9gional et national dans un \u00e9ventail d&#8217;activit\u00e9s. En 2017, Clavette a \u00e9t\u00e9 invit\u00e9 \u00e0 se joindre au conseil d&#8217;administration de la SHMF.<\/p>","protected":false},"excerpt":{"rendered":"<p>Brigitte Clavette est une artiste et une \u00e9ducatrice de renomm\u00e9e nationale. Elle a obtenu un baccalaur\u00e9at en beaux-arts du Coll\u00e8ge d&#8217;art et de design de la Nouvelle-\u00c9cosse, sp\u00e9cialis\u00e9 en joaillerie. Elle a enseign\u00e9 au CCNB, au Sunbury Shores Arts and Nature Centre, au Nunavut Arctic College et \u00e0 l&#8217;\u00c9cole des beaux-arts de Haliburton en Ontario<a href=\"https:\/\/sheilahughmackay.ca\/fr\/fondation\/conseil-dadminisration\/brigitte-clavette\/\">[&#8230;]<\/a><\/p>\n","protected":false},"author":1,"featured_media":0,"parent":18,"menu_order":8,"comment_status":"closed","ping_status":"closed","template":"","meta":[],"_links":{"self":[{"href":"https:\/\/sheilahughmackay.ca\/fr\/wp-json\/wp\/v2\/pages\/6061"}],"collection":[{"href":"https:\/\/sheilahughmackay.ca\/fr\/wp-json\/wp\/v2\/pages"}],"about":[{"href":"https:\/\/sheilahughmackay.ca\/fr\/wp-json\/wp\/v2\/types\/page"}],"author":[{"embeddable":true,"href":"https:\/\/sheilahughmackay.ca\/fr\/wp-json\/wp\/v2\/users\/1"}],"replies":[{"embeddable":true,"href":"https:\/\/sheilahughmackay.ca\/fr\/wp-json\/wp\/v2\/comments?post=6061"}],"version-history":[{"count":1,"href":"https:\/\/sheilahughmackay.ca\/fr\/wp-json\/wp\/v2\/pages\/6061\/revisions"}],"predecessor-version":[{"id":6063,"href":"https:\/\/sheilahughmackay.ca\/fr\/wp-json\/wp\/v2\/pages\/6061\/revisions\/6063"}],"up":[{"embeddable":true,"href":"https:\/\/sheilahughmackay.ca\/fr\/wp-json\/wp\/v2\/pages\/18"}],"wp:attachment":[{"href":"https:\/\/sheilahughmackay.ca\/fr\/wp-json\/wp\/v2\/media?parent=6061"}],"curies":[{"name":"wp","href":"https:\/\/api.w.org\/{rel}","templated":true}]}}