{"id":6227,"date":"2018-07-18T15:02:33","date_gmt":"2018-07-18T18:02:33","guid":{"rendered":"http:\/\/sheilahughmackay.ca\/shmf\/?page_id=6227"},"modified":"2023-08-17T16:54:07","modified_gmt":"2023-08-17T19:54:07","slug":"ann-manuel","status":"publish","type":"page","link":"https:\/\/sheilahughmackay.ca\/fr\/fondation\/conseil-dadminisration\/ann-manuel\/","title":{"rendered":"Ann Manuel"},"content":{"rendered":"<p><div id=\"attachment_4741\" style=\"width: 214px\" class=\"wp-caption aligncenter\"><a href=\"http:\/\/sheilahughmackay.ca\/\/wp-content\/uploads\/2016\/03\/Head-Shot-2015-bw.jpg\"><img aria-describedby=\"caption-attachment-4741\" loading=\"lazy\" class=\"size-medium wp-image-4741\" src=\"http:\/\/sheilahughmackay.ca\/\/wp-content\/uploads\/2016\/03\/Head-Shot-2015-bw-204x300.jpg\" alt=\"\" width=\"204\" height=\"300\" srcset=\"https:\/\/sheilahughmackay.ca\/wp-content\/uploads\/2016\/03\/Head-Shot-2015-bw-204x300.jpg 204w, https:\/\/sheilahughmackay.ca\/wp-content\/uploads\/2016\/03\/Head-Shot-2015-bw-768x1132.jpg 768w, https:\/\/sheilahughmackay.ca\/wp-content\/uploads\/2016\/03\/Head-Shot-2015-bw-695x1024.jpg 695w\" sizes=\"(max-width: 204px) 100vw, 204px\" \/><\/a><p id=\"caption-attachment-4741\" class=\"wp-caption-text\">Ann Manuel<\/p><\/div><\/p>\n<p>Artiste visuelle prim\u00e9e, \u00e9ducatrice et protectrice des arts, Ann Manuel a oeuvr\u00e9 pendant plus de trente ans dans des communaut\u00e9s de l\u2019Am\u00e9rique du Nord, du Royaume-Uni, de l\u2019Europe et de l\u2019Asie. N\u00e9e \u00e0 Terre-Neuve, Ann est titulaire d\u2019un baccalaur\u00e9at en beaux-arts (Universit\u00e9 Mount Allison), d\u2019un baccalaur\u00e9at en \u00e9ducation au programme Artist in the Community (Universit\u00e9 Queen\u2019s) et d\u2019une ma\u00eetrise \u00e8s arts en enseignement des arts visuels (Universit\u00e9 de Colombie-Britannique). Ses ant\u00e9c\u00e9dents font \u00e9tat d\u2019un profond engagement envers l\u2019art communautaire qui l\u2019a amen\u00e9 \u00e0 si\u00e9ger au conseil d\u2019administration de centres d\u2019art communautaires et de centres dirig\u00e9s par des artistes.<\/p>\n<p>Mme Manuel a commenc\u00e9 a expos\u00e9 ses oeuvres \u00e0 un jeune \u00e2ge et a toujours exerc\u00e9 son art en atelier en plus d\u2019enseigner dans diverses \u00e9coles secondaires au pays ainsi qu\u2019au NBCCD et au Sunbury Shores Arts and Nature Centre. Son approche multidisciplinaire \u2013 dessin, peinture, estampe et installation \u2013 tourne autour de th\u00e8mes portant sur l\u2019identit\u00e9, les relations et la communaut\u00e9 et est profond\u00e9ment influenc\u00e9e par les processus vitaux et leur reflet dans nos communaut\u00e9s et nos milieux de vie. Son oeuvre a fait l\u2019objet d\u2019expositions collectives et solos tant au Canada, qu\u2019en \u00c9cosse, en France, en Italie, au Br\u00e9sil, \u00e0 Cuba et en Tha\u00eflande.<\/p>\n<p>Apr\u00e8s avoir termin\u00e9 son projet entrepris gr\u00e2ce \u00e0 la bourse d\u2019excellence Marie H\u00e9l\u00e8ne Allain 2016, elle a \u00e9t\u00e9 invit\u00e9e, en 2018, \u00e0 se joindre au conseil d\u2019administration de la Fondation Sheila Hugh Mackay.<\/p>\n<blockquote><p><a href=\"https:\/\/sheilahughmackay.ca\/?p=7741\">La directrice de SHMF, Ann Manuel, re\u00e7oit le prix Eidlitz<\/a><\/p><\/blockquote>\n<p><\/p>","protected":false},"excerpt":{"rendered":"<p>Artiste visuelle prim\u00e9e, \u00e9ducatrice et protectrice des arts, Ann Manuel a oeuvr\u00e9 pendant plus de trente ans dans des communaut\u00e9s de l\u2019Am\u00e9rique du Nord, du Royaume-Uni, de l\u2019Europe et de l\u2019Asie. N\u00e9e \u00e0 Terre-Neuve, Ann est titulaire d\u2019un baccalaur\u00e9at en beaux-arts (Universit\u00e9 Mount Allison), d\u2019un baccalaur\u00e9at en \u00e9ducation au programme Artist in the Community (Universit\u00e9<a href=\"https:\/\/sheilahughmackay.ca\/fr\/fondation\/conseil-dadminisration\/ann-manuel\/\">[&#8230;]<\/a><\/p>\n","protected":false},"author":1,"featured_media":0,"parent":18,"menu_order":4,"comment_status":"closed","ping_status":"closed","template":"","meta":[],"_links":{"self":[{"href":"https:\/\/sheilahughmackay.ca\/fr\/wp-json\/wp\/v2\/pages\/6227"}],"collection":[{"href":"https:\/\/sheilahughmackay.ca\/fr\/wp-json\/wp\/v2\/pages"}],"about":[{"href":"https:\/\/sheilahughmackay.ca\/fr\/wp-json\/wp\/v2\/types\/page"}],"author":[{"embeddable":true,"href":"https:\/\/sheilahughmackay.ca\/fr\/wp-json\/wp\/v2\/users\/1"}],"replies":[{"embeddable":true,"href":"https:\/\/sheilahughmackay.ca\/fr\/wp-json\/wp\/v2\/comments?post=6227"}],"version-history":[{"count":9,"href":"https:\/\/sheilahughmackay.ca\/fr\/wp-json\/wp\/v2\/pages\/6227\/revisions"}],"predecessor-version":[{"id":7920,"href":"https:\/\/sheilahughmackay.ca\/fr\/wp-json\/wp\/v2\/pages\/6227\/revisions\/7920"}],"up":[{"embeddable":true,"href":"https:\/\/sheilahughmackay.ca\/fr\/wp-json\/wp\/v2\/pages\/18"}],"wp:attachment":[{"href":"https:\/\/sheilahughmackay.ca\/fr\/wp-json\/wp\/v2\/media?parent=6227"}],"curies":[{"name":"wp","href":"https:\/\/api.w.org\/{rel}","templated":true}]}}