{"id":6254,"date":"2018-07-27T15:29:32","date_gmt":"2018-07-27T18:29:32","guid":{"rendered":"http:\/\/sheilahughmackay.ca\/shmf\/?page_id=6254"},"modified":"2020-01-16T13:48:03","modified_gmt":"2020-01-16T17:48:03","slug":"2018-sheilas","status":"publish","type":"page","link":"https:\/\/sheilahughmackay.ca\/fr\/subventions\/les-sheila\/2018-sheilas\/","title":{"rendered":"2018 Sheilas"},"content":{"rendered":"<p><\/p>\n<h2>&#8230; choisis pour leur promesse d&#8217;apporter une contribution significative sur la croissance des arts visuels &#8230;<\/h2>\n<p>En 2018, la SHMF a sollicit\u00e9 des demandes pour des projets qui offriraient des occasions significatives de r\u00e9seautage et d&#8217;\u00e9ducation pour le secteur des arts visuels au Nouveau-Brunswick. Le conseil d&#8217;administration est reconnaissant de l&#8217;aide professionnelle des jur\u00e9s Paul Mathieson, Shannon Merrifield et Darren McLeod pour leurs recommandations sur les initiatives suivantes<\/p>\n<h3>New Brunswick International Sculpture Symposium \u00ab Programmes de stages et d\u2019education\u00bb<\/h3>\n<p><a href=\"http:\/\/sheilahughmackay.ca\/\/wp-content\/uploads\/2018\/07\/ssj-logo-1x.png\"><img loading=\"lazy\" class=\"alignleft size-full wp-image-6257\" src=\"http:\/\/sheilahughmackay.ca\/\/wp-content\/uploads\/2018\/07\/ssj-logo-1x.png\" alt=\"\" width=\"90\" height=\"128\" \/><\/a>La Fondation Sheila Hugh Mackay (FSHM) est fi\u00e8re d\u2019annoncer l\u2019octroi d\u2019une subvention de 20 000 $ visant \u00e0 appuyer le programme de stages et de formation du Symposium international de la sculpture du Nouveau-Brunswick. Du 9 ao\u00fbt au 22 septembre, un regroupement d\u2019artistes canadiens et internationaux transformera le front d\u2019eau de Saint John en un atelier de sculpture en plein air. Quatre artistes du Canada, Patrick Sullivan, Oliver Harwood, James Boyd et Dominico Antonio Di Guglielmo, se joindront \u00e0 Songul Telek de Turquie, Radoslav Slutov de Bulgarie, Anna Teresa Rasinska de Pologne et Rafail Georgiev de Bulgarie pour cr\u00e9er des sculptures en granit destin\u00e9es \u00e0 \u00eatre install\u00e9es ici et l\u00e0 au Nouveau-Brunswick.<\/p>\n<p>Des ateliers interactifs sur le processus cr\u00e9atif de ces huit artistes professionnels prim\u00e9s seront \u00e9galement au programme, une occasion formatrice unique sur plusieurs plans destin\u00e9e \u00e0 toute la communaut\u00e9. <a href=\"http:\/\/sheilahughmackay.ca\/\/fr\/2018\/07\/27\/20-000-accordes-au-symposium-international-de-sculpture-du-n-b-de-2018\/\">&#8211; plus<\/a><\/p>\n<h3>Andrew and Laura McCain Gallery Project \u00ab Construire un pole d\u2019excellence cr\u00e9atif \u00bb<\/h3>\n<p><a href=\"https:\/\/sheilahughmackay.ca\/wp-content\/uploads\/2020\/01\/logo_mccain_art_gallery.png\"><img loading=\"lazy\" class=\"alignleft wp-image-6630\" src=\"https:\/\/sheilahughmackay.ca\/wp-content\/uploads\/2020\/01\/logo_mccain_art_gallery.png\" alt=\"Andrew &amp; Laura McCain Art Gallery\" width=\"100\" height=\"95\" \/><\/a>arrive bient\u00f4t<\/p>\n<p>&nbsp;<\/p>\n<p>&nbsp;<\/p>\n<h3>Sunbury Shores Arts and Nature Centre\u2019s mentorship program \u00ab En cours intensifs cr\u00e9atifs \u00bb<\/h3>\n<p><a href=\"https:\/\/sheilahughmackay.ca\/wp-content\/uploads\/2020\/01\/logo_sunbury_shores.png\"><img loading=\"lazy\" class=\"size-full wp-image-6632 alignleft\" src=\"https:\/\/sheilahughmackay.ca\/wp-content\/uploads\/2020\/01\/logo_sunbury_shores.png\" alt=\"Sunbury Shores Arts and Nature Centre\" width=\"200\" height=\"64\" \/><\/a>arrive bient\u00f4t<\/p>\n<p>&nbsp;<\/p>\n<p>&nbsp;<\/p>\n<h3>Bios des jurors<\/h3>\n<p>Darren McLeod est un sp\u00e9cialiste en d\u00e9veloppement et en collecte de fonds depuis de nombreuses ann\u00e9es. Il travaille actuellement aux capacit\u00e9s li\u00e9es aux dons majeurs \u00e0 la Fondation de l\u2019H\u00f4pital r\u00e9gional de Saint John. Il a occup\u00e9 des postes dans les services de d\u00e9veloppement, de promotion et de communication de la Galerie d\u2019art Beaverbrook et du Ballet-th\u00e9\u00e2tre atlantique du Canada. Il s\u2019engage en faveur de la croissance et de la durabilit\u00e9 du secteur artistique et culturel et occupe aujourd\u2019hui le poste de pr\u00e9sident du Conseil d\u2019administration des arts de la communaut\u00e9 de Saint John.<\/p>\n<p>Shannon Merrifield est poti\u00e8re, artiste-entrepreneure et engag\u00e9e en faveur des arts. Apr\u00e8s l\u2019obtention de son dipl\u00f4me du New Brunswick College of Craft and Design, elle a cofond\u00e9 la galerie Buckland Merrifield, un lieu d\u2019exposition pour les beaux-arts et les m\u00e9tiers d\u2019art du Nouveau-Brunswick. Elle fait partie de nombreux jurys de m\u00e9tiers d\u2019art \u00e0 l\u2019\u00e9chelle nationale et participe activement \u00e0 la protection des arts au Nouveau-Brunswick. En 2017, Shannon Merrifield est devenue pr\u00e9sidente du conseil d\u2019administration du Mus\u00e9e du Nouveau-Brunswick.<\/p>\n<p>Paul Mathieson est peintre. Depuis qu\u2019il a quitt\u00e9 l\u2019Angleterre, il a pass\u00e9 toute sa carri\u00e8re artistique au Nouveau-Brunswick. En Angleterre, il a obtenu un baccalaur\u00e9at en arts et en \u00e9ducation \u00e0 l\u2019Universit\u00e9 de Nottingham ainsi qu\u2019une ma\u00eetrise en arts et en \u00e9ducation \u00e0 l\u2019Universit\u00e9 de Londres. \u00c9ducateur en art respect\u00e9, il consacre sa vie \u00e0 la peinture et \u00e0 la musique depuis sa retraite. Paul Mathieson continue de servir la communaut\u00e9 artistique en occupant divers postes b\u00e9n\u00e9voles, notamment en participant au syst\u00e8me de jury de pairs d\u2019ArtsNB. En 2015, Paul Mathieson a obtenu le prix Strathbutler, qui r\u00e9compense son \u0153uvre en tant que peintre et ses contributions \u00e0 titre de mentor et d\u2019\u00e9ducateur en art. Ses \u0153uvres sont expos\u00e9es dans des collections nationales et internationales.<\/p>","protected":false},"excerpt":{"rendered":"<p>&#8230; choisis pour leur promesse d&#8217;apporter une contribution significative sur la croissance des arts visuels &#8230; En 2018, la SHMF a sollicit\u00e9 des demandes pour des projets qui offriraient des occasions significatives de r\u00e9seautage et d&#8217;\u00e9ducation pour le secteur des arts visuels au Nouveau-Brunswick. Le conseil d&#8217;administration est reconnaissant de l&#8217;aide professionnelle des jur\u00e9s Paul<a href=\"https:\/\/sheilahughmackay.ca\/fr\/subventions\/les-sheila\/2018-sheilas\/\">[&#8230;]<\/a><\/p>\n","protected":false},"author":1,"featured_media":0,"parent":2902,"menu_order":0,"comment_status":"closed","ping_status":"closed","template":"","meta":[],"_links":{"self":[{"href":"https:\/\/sheilahughmackay.ca\/fr\/wp-json\/wp\/v2\/pages\/6254"}],"collection":[{"href":"https:\/\/sheilahughmackay.ca\/fr\/wp-json\/wp\/v2\/pages"}],"about":[{"href":"https:\/\/sheilahughmackay.ca\/fr\/wp-json\/wp\/v2\/types\/page"}],"author":[{"embeddable":true,"href":"https:\/\/sheilahughmackay.ca\/fr\/wp-json\/wp\/v2\/users\/1"}],"replies":[{"embeddable":true,"href":"https:\/\/sheilahughmackay.ca\/fr\/wp-json\/wp\/v2\/comments?post=6254"}],"version-history":[{"count":10,"href":"https:\/\/sheilahughmackay.ca\/fr\/wp-json\/wp\/v2\/pages\/6254\/revisions"}],"predecessor-version":[{"id":6651,"href":"https:\/\/sheilahughmackay.ca\/fr\/wp-json\/wp\/v2\/pages\/6254\/revisions\/6651"}],"up":[{"embeddable":true,"href":"https:\/\/sheilahughmackay.ca\/fr\/wp-json\/wp\/v2\/pages\/2902"}],"wp:attachment":[{"href":"https:\/\/sheilahughmackay.ca\/fr\/wp-json\/wp\/v2\/media?parent=6254"}],"curies":[{"name":"wp","href":"https:\/\/api.w.org\/{rel}","templated":true}]}}