{"id":6294,"date":"2018-09-25T14:26:03","date_gmt":"2018-09-25T17:26:03","guid":{"rendered":"http:\/\/sheilahughmackay.ca\/shmf\/?page_id=6294"},"modified":"2018-09-25T19:37:40","modified_gmt":"2018-09-25T22:37:40","slug":"visions-2025-new-brunswick-arts-sector-networking-day","status":"publish","type":"page","link":"https:\/\/sheilahughmackay.ca\/fr\/defense-des-arts\/projets-de-defense\/visions-2025-new-brunswick-arts-sector-networking-day\/","title":{"rendered":"Visions 2025: New Brunswick Arts Sector Networking Day"},"content":{"rendered":"<p class=\"qtranxs-available-languages-message qtranxs-available-languages-message-fr\">D\u00e9sol\u00e9, cet article est seulement disponible en <a href=\"https:\/\/sheilahughmackay.ca\/en\/wp-json\/wp\/v2\/pages\/6294\" class=\"qtranxs-available-language-link qtranxs-available-language-link-en\" title=\"English\">Anglais Am\u00e9ricain<\/a>.<\/p>","protected":false},"excerpt":{"rendered":"<p>D\u00e9sol\u00e9, cet article est seulement disponible en Anglais Am\u00e9ricain.<\/p>\n","protected":false},"author":1,"featured_media":0,"parent":700,"menu_order":0,"comment_status":"closed","ping_status":"closed","template":"","meta":[],"_links":{"self":[{"href":"https:\/\/sheilahughmackay.ca\/fr\/wp-json\/wp\/v2\/pages\/6294"}],"collection":[{"href":"https:\/\/sheilahughmackay.ca\/fr\/wp-json\/wp\/v2\/pages"}],"about":[{"href":"https:\/\/sheilahughmackay.ca\/fr\/wp-json\/wp\/v2\/types\/page"}],"author":[{"embeddable":true,"href":"https:\/\/sheilahughmackay.ca\/fr\/wp-json\/wp\/v2\/users\/1"}],"replies":[{"embeddable":true,"href":"https:\/\/sheilahughmackay.ca\/fr\/wp-json\/wp\/v2\/comments?post=6294"}],"version-history":[{"count":2,"href":"https:\/\/sheilahughmackay.ca\/fr\/wp-json\/wp\/v2\/pages\/6294\/revisions"}],"predecessor-version":[{"id":6303,"href":"https:\/\/sheilahughmackay.ca\/fr\/wp-json\/wp\/v2\/pages\/6294\/revisions\/6303"}],"up":[{"embeddable":true,"href":"https:\/\/sheilahughmackay.ca\/fr\/wp-json\/wp\/v2\/pages\/700"}],"wp:attachment":[{"href":"https:\/\/sheilahughmackay.ca\/fr\/wp-json\/wp\/v2\/media?parent=6294"}],"curies":[{"name":"wp","href":"https:\/\/api.w.org\/{rel}","templated":true}]}}