{"id":6304,"date":"2018-10-01T13:28:57","date_gmt":"2018-10-01T16:28:57","guid":{"rendered":"http:\/\/sheilahughmackay.ca\/shmf\/?page_id=6304"},"modified":"2018-10-01T14:09:52","modified_gmt":"2018-10-01T17:09:52","slug":"november-2018-art-centre-directors-conference","status":"publish","type":"page","link":"https:\/\/sheilahughmackay.ca\/fr\/defense-des-arts\/projets-de-defense\/conference-des-directeurs-des-centres-dart-en-novembre-2018\/","title":{"rendered":"Conf\u00e9rence des directeurs des centres d&#8217;art en novembre 2018"},"content":{"rendered":"<p><div id=\"attachment_6306\" style=\"width: 221px\" class=\"wp-caption aligncenter\"><a href=\"http:\/\/sheilahughmackay.ca\/\/wp-content\/uploads\/2018\/10\/Kathryn_and_Andrew_SJAC_steps.jpg\"><img aria-describedby=\"caption-attachment-6306\" loading=\"lazy\" src=\"http:\/\/sheilahughmackay.ca\/\/wp-content\/uploads\/2018\/10\/Kathryn_and_Andrew_SJAC_steps-211x300.jpg\" alt=\"\" width=\"211\" height=\"300\" class=\"size-medium wp-image-6306\" srcset=\"https:\/\/sheilahughmackay.ca\/wp-content\/uploads\/2018\/10\/Kathryn_and_Andrew_SJAC_steps-211x300.jpg 211w, https:\/\/sheilahughmackay.ca\/wp-content\/uploads\/2018\/10\/Kathryn_and_Andrew_SJAC_steps-721x1024.jpg 721w, https:\/\/sheilahughmackay.ca\/wp-content\/uploads\/2018\/10\/Kathryn_and_Andrew_SJAC_steps.jpg 760w\" sizes=\"(max-width: 211px) 100vw, 211px\" \/><\/a><p id=\"caption-attachment-6306\" class=\"wp-caption-text\">Andrew Kierstead et Kathryn McCarroll sur les \u00e9tapes du SJAC<\/p><\/div><\/p>\n<p>La Fondation Sheila Hugh Mackay favorise la vitalit\u00e9 des arts visuels du Nouveau-Brunswick en d\u00e9cernant des prix, des bourses et des subventions. En 2018, elle s\u2019est engag\u00e9e activement en facilitant la tenue d\u2019activit\u00e9s de r\u00e9seautage visant \u00e0 promouvoir la collaboration et les \u00e9changes. Une subvention de 10\u00a0000\u00a0$ est remise au Centre des arts de Saint John pour la d\u00e9fense des int\u00e9r\u00eats artistiques. Ce centre se veut un facilitateur cl\u00e9 d\u2019une initiative de r\u00e9seautage provincial destin\u00e9 aux directeurs de centres des arts communautaires.<\/p>\n<p>Les centres d\u2019arts communautaires sont essentiels \u00e0 la promotion des arts au Nouveau-Brunswick. FSHM applaudit la vision d\u2019un collectif de directeurs artistiques qui soutient activement le d\u00e9veloppement d\u2019un solide r\u00e9seau d\u2019entraide et de communication entre les nombreux centres uniques de la province. Pour se renseigner sur la conf\u00e9rence du 19\u00a0novembre, on peut s\u2019adresser \u00e0 Andrew Kierstead (directeur \u2013 Centre des arts de Saint John) ou \u00e0 Courtney Steeves (directrice \u2013 Centre d\u2019arts de la rue Charlotte).<\/p>","protected":false},"excerpt":{"rendered":"<p>La Fondation Sheila Hugh Mackay favorise la vitalit\u00e9 des arts visuels du Nouveau-Brunswick en d\u00e9cernant des prix, des bourses et des subventions. En 2018, elle s\u2019est engag\u00e9e activement en facilitant la tenue d\u2019activit\u00e9s de r\u00e9seautage visant \u00e0 promouvoir la collaboration et les \u00e9changes. Une subvention de 10\u00a0000\u00a0$ est remise au Centre des arts de Saint<a href=\"https:\/\/sheilahughmackay.ca\/fr\/defense-des-arts\/projets-de-defense\/conference-des-directeurs-des-centres-dart-en-novembre-2018\/\">[&#8230;]<\/a><\/p>\n","protected":false},"author":1,"featured_media":0,"parent":700,"menu_order":0,"comment_status":"closed","ping_status":"closed","template":"","meta":[],"_links":{"self":[{"href":"https:\/\/sheilahughmackay.ca\/fr\/wp-json\/wp\/v2\/pages\/6304"}],"collection":[{"href":"https:\/\/sheilahughmackay.ca\/fr\/wp-json\/wp\/v2\/pages"}],"about":[{"href":"https:\/\/sheilahughmackay.ca\/fr\/wp-json\/wp\/v2\/types\/page"}],"author":[{"embeddable":true,"href":"https:\/\/sheilahughmackay.ca\/fr\/wp-json\/wp\/v2\/users\/1"}],"replies":[{"embeddable":true,"href":"https:\/\/sheilahughmackay.ca\/fr\/wp-json\/wp\/v2\/comments?post=6304"}],"version-history":[{"count":3,"href":"https:\/\/sheilahughmackay.ca\/fr\/wp-json\/wp\/v2\/pages\/6304\/revisions"}],"predecessor-version":[{"id":6308,"href":"https:\/\/sheilahughmackay.ca\/fr\/wp-json\/wp\/v2\/pages\/6304\/revisions\/6308"}],"up":[{"embeddable":true,"href":"https:\/\/sheilahughmackay.ca\/fr\/wp-json\/wp\/v2\/pages\/700"}],"wp:attachment":[{"href":"https:\/\/sheilahughmackay.ca\/fr\/wp-json\/wp\/v2\/media?parent=6304"}],"curies":[{"name":"wp","href":"https:\/\/api.w.org\/{rel}","templated":true}]}}