{"id":6759,"date":"2020-01-30T12:17:55","date_gmt":"2020-01-30T16:17:55","guid":{"rendered":"https:\/\/sheilahughmackay.ca\/?page_id=6759"},"modified":"2021-02-17T16:04:30","modified_gmt":"2021-02-17T20:04:30","slug":"bruce-gray","status":"publish","type":"page","link":"https:\/\/sheilahughmackay.ca\/fr\/artistes-strathbutler\/bruce-gray\/","title":{"rendered":"Bruce Gray"},"content":{"rendered":"<p><\/p>\n<div style=\"margin-bottom: 100px;\">\n<div id='gallery-2' class='gallery galleryid-6759 gallery-columns-4 gallery-size-thumbnail'><figure class='gallery-item'>\n\t\t\t<div class='gallery-icon landscape'>\n\t\t\t\t<a href='https:\/\/sheilahughmackay.ca\/wp-content\/uploads\/2019\/08\/20-BG-2009-Natural-Energy-Internal-Wall-Mural.jpg'><img width=\"170\" height=\"170\" src=\"https:\/\/sheilahughmackay.ca\/wp-content\/uploads\/2019\/08\/20-BG-2009-Natural-Energy-Internal-Wall-Mural-170x170.jpg\" class=\"attachment-thumbnail size-thumbnail\" alt=\"20 BG 2009 Natural Energy (Internal Wall Mural)\" loading=\"lazy\" aria-describedby=\"gallery-2-6561\" srcset=\"https:\/\/sheilahughmackay.ca\/wp-content\/uploads\/2019\/08\/20-BG-2009-Natural-Energy-Internal-Wall-Mural-170x170.jpg 170w, https:\/\/sheilahughmackay.ca\/wp-content\/uploads\/2019\/08\/20-BG-2009-Natural-Energy-Internal-Wall-Mural-73x73.jpg 73w, https:\/\/sheilahughmackay.ca\/wp-content\/uploads\/2019\/08\/20-BG-2009-Natural-Energy-Internal-Wall-Mural-150x150.jpg 150w, https:\/\/sheilahughmackay.ca\/wp-content\/uploads\/2019\/08\/20-BG-2009-Natural-Energy-Internal-Wall-Mural-174x174.jpg 174w, https:\/\/sheilahughmackay.ca\/wp-content\/uploads\/2019\/08\/20-BG-2009-Natural-Energy-Internal-Wall-Mural-250x250.jpg 250w\" sizes=\"(max-width: 170px) 100vw, 170px\" \/><\/a>\n\t\t\t<\/div>\n\t\t\t\t<figcaption class='wp-caption-text gallery-caption' id='gallery-2-6561'>\n\t\t\t\tNatural Energy internal wall mural; Bruce Gray\n\t\t\t\t<\/figcaption><\/figure><figure class='gallery-item'>\n\t\t\t<div class='gallery-icon landscape'>\n\t\t\t\t<a href='https:\/\/sheilahughmackay.ca\/wp-content\/uploads\/2019\/08\/1-Roots-copy.jpg'><img width=\"170\" height=\"170\" src=\"https:\/\/sheilahughmackay.ca\/wp-content\/uploads\/2019\/08\/1-Roots-copy-170x170.jpg\" class=\"attachment-thumbnail size-thumbnail\" alt=\"1- Roots\" loading=\"lazy\" aria-describedby=\"gallery-2-6562\" srcset=\"https:\/\/sheilahughmackay.ca\/wp-content\/uploads\/2019\/08\/1-Roots-copy-170x170.jpg 170w, https:\/\/sheilahughmackay.ca\/wp-content\/uploads\/2019\/08\/1-Roots-copy-73x73.jpg 73w, https:\/\/sheilahughmackay.ca\/wp-content\/uploads\/2019\/08\/1-Roots-copy-150x150.jpg 150w, https:\/\/sheilahughmackay.ca\/wp-content\/uploads\/2019\/08\/1-Roots-copy-174x174.jpg 174w, https:\/\/sheilahughmackay.ca\/wp-content\/uploads\/2019\/08\/1-Roots-copy-250x250.jpg 250w\" sizes=\"(max-width: 170px) 100vw, 170px\" \/><\/a>\n\t\t\t<\/div>\n\t\t\t\t<figcaption class='wp-caption-text gallery-caption' id='gallery-2-6562'>\n\t\t\t\tRoots; Bruce Gray\n\t\t\t\t<\/figcaption><\/figure><figure class='gallery-item'>\n\t\t\t<div class='gallery-icon portrait'>\n\t\t\t\t<a href='https:\/\/sheilahughmackay.ca\/wp-content\/uploads\/2019\/08\/04-BG-2009-Sculptured-Rocker.jpg'><img width=\"170\" height=\"170\" src=\"https:\/\/sheilahughmackay.ca\/wp-content\/uploads\/2019\/08\/04-BG-2009-Sculptured-Rocker-170x170.jpg\" class=\"attachment-thumbnail size-thumbnail\" alt=\"04 BG 2009 Sculptured Rocker\" loading=\"lazy\" aria-describedby=\"gallery-2-6563\" srcset=\"https:\/\/sheilahughmackay.ca\/wp-content\/uploads\/2019\/08\/04-BG-2009-Sculptured-Rocker-170x170.jpg 170w, https:\/\/sheilahughmackay.ca\/wp-content\/uploads\/2019\/08\/04-BG-2009-Sculptured-Rocker-73x73.jpg 73w, https:\/\/sheilahughmackay.ca\/wp-content\/uploads\/2019\/08\/04-BG-2009-Sculptured-Rocker-150x150.jpg 150w, https:\/\/sheilahughmackay.ca\/wp-content\/uploads\/2019\/08\/04-BG-2009-Sculptured-Rocker-174x174.jpg 174w, https:\/\/sheilahughmackay.ca\/wp-content\/uploads\/2019\/08\/04-BG-2009-Sculptured-Rocker-250x250.jpg 250w\" sizes=\"(max-width: 170px) 100vw, 170px\" \/><\/a>\n\t\t\t<\/div>\n\t\t\t\t<figcaption class='wp-caption-text gallery-caption' id='gallery-2-6563'>\n\t\t\t\tSculptured Rocker; Bruce Gray\n\t\t\t\t<\/figcaption><\/figure><figure class='gallery-item'>\n\t\t\t<div class='gallery-icon landscape'>\n\t\t\t\t<a href='https:\/\/sheilahughmackay.ca\/wp-content\/uploads\/2019\/08\/18-BG-2007-Honeymoon-Beach-External-Wall-Mural.jpg'><img width=\"170\" height=\"170\" src=\"https:\/\/sheilahughmackay.ca\/wp-content\/uploads\/2019\/08\/18-BG-2007-Honeymoon-Beach-External-Wall-Mural-170x170.jpg\" class=\"attachment-thumbnail size-thumbnail\" alt=\"18 BG 2007 Honeymoon Beach (External Wall Mural)\" loading=\"lazy\" aria-describedby=\"gallery-2-6565\" srcset=\"https:\/\/sheilahughmackay.ca\/wp-content\/uploads\/2019\/08\/18-BG-2007-Honeymoon-Beach-External-Wall-Mural-170x170.jpg 170w, https:\/\/sheilahughmackay.ca\/wp-content\/uploads\/2019\/08\/18-BG-2007-Honeymoon-Beach-External-Wall-Mural-73x73.jpg 73w, https:\/\/sheilahughmackay.ca\/wp-content\/uploads\/2019\/08\/18-BG-2007-Honeymoon-Beach-External-Wall-Mural-150x150.jpg 150w, https:\/\/sheilahughmackay.ca\/wp-content\/uploads\/2019\/08\/18-BG-2007-Honeymoon-Beach-External-Wall-Mural-174x174.jpg 174w, https:\/\/sheilahughmackay.ca\/wp-content\/uploads\/2019\/08\/18-BG-2007-Honeymoon-Beach-External-Wall-Mural-250x250.jpg 250w\" sizes=\"(max-width: 170px) 100vw, 170px\" \/><\/a>\n\t\t\t<\/div>\n\t\t\t\t<figcaption class='wp-caption-text gallery-caption' id='gallery-2-6565'>\n\t\t\t\tHoneymoon Beach external wall mural; Bruce Gray\n\t\t\t\t<\/figcaption><\/figure><figure class='gallery-item'>\n\t\t\t<div class='gallery-icon landscape'>\n\t\t\t\t<a href='https:\/\/sheilahughmackay.ca\/wp-content\/uploads\/2019\/08\/15-BG-2018-Specimen-01372695-Alien-Reptile-Fossil.jpg'><img width=\"170\" height=\"170\" src=\"https:\/\/sheilahughmackay.ca\/wp-content\/uploads\/2019\/08\/15-BG-2018-Specimen-01372695-Alien-Reptile-Fossil-170x170.jpg\" class=\"attachment-thumbnail size-thumbnail\" alt=\"15 BG 2018 Specimen-01372695 Alien Reptile Fossil\" loading=\"lazy\" aria-describedby=\"gallery-2-6566\" srcset=\"https:\/\/sheilahughmackay.ca\/wp-content\/uploads\/2019\/08\/15-BG-2018-Specimen-01372695-Alien-Reptile-Fossil-170x170.jpg 170w, https:\/\/sheilahughmackay.ca\/wp-content\/uploads\/2019\/08\/15-BG-2018-Specimen-01372695-Alien-Reptile-Fossil-73x73.jpg 73w, https:\/\/sheilahughmackay.ca\/wp-content\/uploads\/2019\/08\/15-BG-2018-Specimen-01372695-Alien-Reptile-Fossil-150x150.jpg 150w, https:\/\/sheilahughmackay.ca\/wp-content\/uploads\/2019\/08\/15-BG-2018-Specimen-01372695-Alien-Reptile-Fossil-174x174.jpg 174w, https:\/\/sheilahughmackay.ca\/wp-content\/uploads\/2019\/08\/15-BG-2018-Specimen-01372695-Alien-Reptile-Fossil-250x250.jpg 250w\" sizes=\"(max-width: 170px) 100vw, 170px\" \/><\/a>\n\t\t\t<\/div>\n\t\t\t\t<figcaption class='wp-caption-text gallery-caption' id='gallery-2-6566'>\n\t\t\t\tSpecimen 01372695; Bruce Gray\n\t\t\t\t<\/figcaption><\/figure><figure class='gallery-item'>\n\t\t\t<div class='gallery-icon landscape'>\n\t\t\t\t<a href='https:\/\/sheilahughmackay.ca\/wp-content\/uploads\/2020\/06\/Blaine-Higgs.jpg'><img width=\"170\" height=\"170\" src=\"https:\/\/sheilahughmackay.ca\/wp-content\/uploads\/2020\/06\/Blaine-Higgs-170x170.jpg\" class=\"attachment-thumbnail size-thumbnail\" alt=\"\" loading=\"lazy\" aria-describedby=\"gallery-2-6946\" srcset=\"https:\/\/sheilahughmackay.ca\/wp-content\/uploads\/2020\/06\/Blaine-Higgs-170x170.jpg 170w, https:\/\/sheilahughmackay.ca\/wp-content\/uploads\/2020\/06\/Blaine-Higgs-73x73.jpg 73w, https:\/\/sheilahughmackay.ca\/wp-content\/uploads\/2020\/06\/Blaine-Higgs-150x150.jpg 150w, https:\/\/sheilahughmackay.ca\/wp-content\/uploads\/2020\/06\/Blaine-Higgs-174x174.jpg 174w, https:\/\/sheilahughmackay.ca\/wp-content\/uploads\/2020\/06\/Blaine-Higgs-250x250.jpg 250w, https:\/\/sheilahughmackay.ca\/wp-content\/uploads\/2020\/06\/Blaine-Higgs-45x45.jpg 45w\" sizes=\"(max-width: 170px) 100vw, 170px\" \/><\/a>\n\t\t\t<\/div>\n\t\t\t\t<figcaption class='wp-caption-text gallery-caption' id='gallery-2-6946'>\n\t\t\t\tPremier Blaine Higgs at Strathbutler Gala 2019\n\t\t\t\t<\/figcaption><\/figure><figure class='gallery-item'>\n\t\t\t<div class='gallery-icon landscape'>\n\t\t\t\t<a href='https:\/\/sheilahughmackay.ca\/wp-content\/uploads\/2020\/06\/Freeman-Patterson-congratulates-Bruce-Gray-2019.jpg'><img width=\"170\" height=\"170\" src=\"https:\/\/sheilahughmackay.ca\/wp-content\/uploads\/2020\/06\/Freeman-Patterson-congratulates-Bruce-Gray-2019-170x170.jpg\" class=\"attachment-thumbnail size-thumbnail\" alt=\"\" loading=\"lazy\" aria-describedby=\"gallery-2-6945\" srcset=\"https:\/\/sheilahughmackay.ca\/wp-content\/uploads\/2020\/06\/Freeman-Patterson-congratulates-Bruce-Gray-2019-170x170.jpg 170w, https:\/\/sheilahughmackay.ca\/wp-content\/uploads\/2020\/06\/Freeman-Patterson-congratulates-Bruce-Gray-2019-73x73.jpg 73w, https:\/\/sheilahughmackay.ca\/wp-content\/uploads\/2020\/06\/Freeman-Patterson-congratulates-Bruce-Gray-2019-150x150.jpg 150w, https:\/\/sheilahughmackay.ca\/wp-content\/uploads\/2020\/06\/Freeman-Patterson-congratulates-Bruce-Gray-2019-174x174.jpg 174w, https:\/\/sheilahughmackay.ca\/wp-content\/uploads\/2020\/06\/Freeman-Patterson-congratulates-Bruce-Gray-2019-250x250.jpg 250w, https:\/\/sheilahughmackay.ca\/wp-content\/uploads\/2020\/06\/Freeman-Patterson-congratulates-Bruce-Gray-2019-45x45.jpg 45w\" sizes=\"(max-width: 170px) 100vw, 170px\" \/><\/a>\n\t\t\t<\/div>\n\t\t\t\t<figcaption class='wp-caption-text gallery-caption' id='gallery-2-6945'>\n\t\t\t\tNominator Freeman Patterson congratulates Bruce Gray 2019\/ Le proposan,t, Freeman Patterson f\u00e9licite Bruce Gray\n\t\t\t\t<\/figcaption><\/figure>\n\t\t<\/div>\n\n<\/div>\n<p>&nbsp;<\/p>\n<p>&nbsp;<\/p>\n<p>&nbsp;<\/p>\n<p>&nbsp;<\/p>\n<p>&nbsp;<\/p>\n<p>&nbsp;<\/p>\n<p>&nbsp;<\/p>\n<div id=\"attachment_7216\" style=\"width: 210px\" class=\"wp-caption alignleft\"><img aria-describedby=\"caption-attachment-7216\" loading=\"lazy\" class=\"wp-image-7216\" src=\"https:\/\/sheilahughmackay.ca\/wp-content\/uploads\/2020\/12\/Bruce-Gray-Portrait-270x360.jpg\" alt=\"\" width=\"200\" height=\"266\" srcset=\"https:\/\/sheilahughmackay.ca\/wp-content\/uploads\/2020\/12\/Bruce-Gray-Portrait-270x360.jpg 270w, https:\/\/sheilahughmackay.ca\/wp-content\/uploads\/2020\/12\/Bruce-Gray-Portrait-769x1024.jpg 769w, https:\/\/sheilahughmackay.ca\/wp-content\/uploads\/2020\/12\/Bruce-Gray-Portrait-768x1023.jpg 768w, https:\/\/sheilahughmackay.ca\/wp-content\/uploads\/2020\/12\/Bruce-Gray-Portrait-1154x1536.jpg 1154w, https:\/\/sheilahughmackay.ca\/wp-content\/uploads\/2020\/12\/Bruce-Gray-Portrait-1538x2048.jpg 1538w, https:\/\/sheilahughmackay.ca\/wp-content\/uploads\/2020\/12\/Bruce-Gray-Portrait-scaled.jpg 1923w\" sizes=\"(max-width: 200px) 100vw, 200px\" \/><p id=\"caption-attachment-7216\" class=\"wp-caption-text\">Bruce Gray <br \/>Photo: Rob Roy<\/p><\/div>\n<p>L&#8217;art de Bruce Gray est une fusion entre sa ma\u00eetrise technique des mat\u00e9riaux et sa connexion spirituelle profonde avec le monde naturel. Ses meubles en bois et en pierre et ses sculptures et murales c\u00e9l\u00e8brent l\u2019union entre un sens artistique r\u00e9el et un savoir-faire concret en ing\u00e9nierie. Selon Freeman Patterson, qui a propos\u00e9 la candidature de cet artiste, \u00ab\u00a0Bruce Gray ma\u00eetrise tellement bien son art. Il cr\u00e9e des \u0153uvres qui \u00e9voquent des pr\u00e9occupations \u00e9l\u00e9mentaires et des \u00e9motions fortes au sujet de la vie et du sens.\u00a0\u00bb<\/p>\n<p>Inspir\u00e9 par l&#8217;environnement local, Bruce Gray a tout de l\u2019artiste innovateur. Sa carri\u00e8re est marqu\u00e9e par son d\u00e9vouement \u00e0 son art et ses efforts au service de la communaut\u00e9. Le prix Strathbutler\u00a02019 reconna\u00eet en lui un artiste, mais aussi un environnementaliste, un enseignant, un mentor, un jur\u00e9, un consultant et un philanthrope\u00a0&#8211; un homme qui contribue de fa\u00e7on importante et unique au Nouveau-Brunswick.<\/p>\n<p>Le conseil d&#8217;administration tient \u00e0 remercier les membres du jury professionnel de 2019 pour leur participation \u00e0 l&#8217;attribution du prix Strathbutler.<\/p>\n<ul>\n<li><a href=\"https:\/\/sheilahughmackay.ca\/?p=6559\">Announce 2019<\/a><\/li>\n<li><a href=\"https:\/\/sheilahughmackay.ca\/wp-content\/uploads\/2020\/01\/Bruce-Gray-Maltais-Essay-Fr.pdf\" target=\"_blank\" rel=\"noopener noreferrer\">Bruce Gray : La source de la nature &#8211; Marie Maltais essay<\/a><\/li>\n<\/ul>\n<p><\/p>","protected":false},"excerpt":{"rendered":"<p>&nbsp; &nbsp; &nbsp; &nbsp; &nbsp; &nbsp; &nbsp; L&#8217;art de Bruce Gray est une fusion entre sa ma\u00eetrise technique des mat\u00e9riaux et sa connexion spirituelle profonde avec le monde naturel. Ses meubles en bois et en pierre et ses sculptures et murales c\u00e9l\u00e8brent l\u2019union entre un sens artistique r\u00e9el et un savoir-faire concret en ing\u00e9nierie. Selon<a href=\"https:\/\/sheilahughmackay.ca\/fr\/artistes-strathbutler\/bruce-gray\/\">[&#8230;]<\/a><\/p>\n","protected":false},"author":1,"featured_media":0,"parent":6796,"menu_order":0,"comment_status":"closed","ping_status":"closed","template":"","meta":[],"_links":{"self":[{"href":"https:\/\/sheilahughmackay.ca\/fr\/wp-json\/wp\/v2\/pages\/6759"}],"collection":[{"href":"https:\/\/sheilahughmackay.ca\/fr\/wp-json\/wp\/v2\/pages"}],"about":[{"href":"https:\/\/sheilahughmackay.ca\/fr\/wp-json\/wp\/v2\/types\/page"}],"author":[{"embeddable":true,"href":"https:\/\/sheilahughmackay.ca\/fr\/wp-json\/wp\/v2\/users\/1"}],"replies":[{"embeddable":true,"href":"https:\/\/sheilahughmackay.ca\/fr\/wp-json\/wp\/v2\/comments?post=6759"}],"version-history":[{"count":26,"href":"https:\/\/sheilahughmackay.ca\/fr\/wp-json\/wp\/v2\/pages\/6759\/revisions"}],"predecessor-version":[{"id":7337,"href":"https:\/\/sheilahughmackay.ca\/fr\/wp-json\/wp\/v2\/pages\/6759\/revisions\/7337"}],"up":[{"embeddable":true,"href":"https:\/\/sheilahughmackay.ca\/fr\/wp-json\/wp\/v2\/pages\/6796"}],"wp:attachment":[{"href":"https:\/\/sheilahughmackay.ca\/fr\/wp-json\/wp\/v2\/media?parent=6759"}],"curies":[{"name":"wp","href":"https:\/\/api.w.org\/{rel}","templated":true}]}}