{"id":6828,"date":"2020-03-13T16:45:01","date_gmt":"2020-03-13T19:45:01","guid":{"rendered":"https:\/\/sheilahughmackay.ca\/?page_id=6828"},"modified":"2020-03-13T16:45:01","modified_gmt":"2020-03-13T19:45:01","slug":"20000-grant-to-textile-museum-of-canada-supports-new-publication-on-strathbutler-artist-anna-torma","status":"publish","type":"page","link":"https:\/\/sheilahughmackay.ca\/fr\/subventions\/subventions-signature\/une-subvention-de-20-000-permet-au-musee-du-textile-du-canada-de-financer-une-nouvelle-publication-sur-anna-torma-une-artiste-laureate-du-prix-strathbutler\/","title":{"rendered":"Une subvention de 20 000 $ permet au Mus\u00e9e du textile du Canada de financer une nouvelle publication sur Anna Torma, une artiste laur\u00e9ate du prix Strathbutler"},"content":{"rendered":"<p><img loading=\"lazy\" class=\"size-medium wp-image-6826 alignright\" src=\"https:\/\/sheilahughmackay.ca\/wp-content\/uploads\/2020\/03\/Anna-Torma-2-360x360.jpg\" alt=\"Anna Torma\" width=\"360\" height=\"360\" srcset=\"https:\/\/sheilahughmackay.ca\/wp-content\/uploads\/2020\/03\/Anna-Torma-2-360x360.jpg 360w, https:\/\/sheilahughmackay.ca\/wp-content\/uploads\/2020\/03\/Anna-Torma-2-170x170.jpg 170w, https:\/\/sheilahughmackay.ca\/wp-content\/uploads\/2020\/03\/Anna-Torma-2-768x768.jpg 768w, https:\/\/sheilahughmackay.ca\/wp-content\/uploads\/2020\/03\/Anna-Torma-2-73x73.jpg 73w, https:\/\/sheilahughmackay.ca\/wp-content\/uploads\/2020\/03\/Anna-Torma-2-150x150.jpg 150w, https:\/\/sheilahughmackay.ca\/wp-content\/uploads\/2020\/03\/Anna-Torma-2-174x174.jpg 174w, https:\/\/sheilahughmackay.ca\/wp-content\/uploads\/2020\/03\/Anna-Torma-2-250x250.jpg 250w, https:\/\/sheilahughmackay.ca\/wp-content\/uploads\/2020\/03\/Anna-Torma-2-45x45.jpg 45w, https:\/\/sheilahughmackay.ca\/wp-content\/uploads\/2020\/03\/Anna-Torma-2.jpg 800w\" sizes=\"(max-width: 360px) 100vw, 360px\" \/><\/p>\n<p>En 2020, la Fondation Sheila Hugh Mackay axera ses subventions sur les publications dans l\u2019optique de faire progresser la carri\u00e8re des artistes visuels du Nouveau-Brunswick. Le conseil d&#8217;administration a le plaisir d\u2019annoncer que la premi\u00e8re subvention substantielle de ce cycle est attribu\u00e9e au Mus\u00e9e du textile du Canada. Elle permettra de financer une publication fondamentale sur l\u2019\u0153uvre d\u2019Anna Torma, laur\u00e9ate du prix Strathbutler, qui sera r\u00e9alis\u00e9e parall\u00e8lement \u00e0 une importante exposition itin\u00e9rante nationale. Laur\u00e9ate d\u2019un prestigieux prix du Gouverneur g\u00e9n\u00e9ral en arts visuels et en arts m\u00e9diatiques 2020 (prix Saidye-Bronfman), Anna Torma ouvrira le 4 avril prochain une grande exposition solo, <em>Permanent Danger<\/em>, au Mus\u00e9e du textile du Canada. Cette exposition viendra souligner l\u2019engagement de l\u2019artiste qui, pendant 40\u00a0ans, a appliqu\u00e9 une technique novatrice reposant sur l\u2019utilisation de textiles contemporains. On pourra y admirer des \u0153uvres de 2017 qui explorent les troubles et la vuln\u00e9rabilit\u00e9 de l\u2019humain dans le monde moderne. La Fondation Sheila Hugh Mackay se f\u00e9licite de parrainer financi\u00e8rement l\u2019exposition et la publication. Sarah Quinton, commissaire de l\u2019exposition, d\u00e9crit la carri\u00e8re d\u2019Anna Torma en ces termes\u00a0: \u00ab\u00a0Anna Torma a consacr\u00e9 sa vie professionnelle \u00e0 une pratique en atelier incroyablement singuli\u00e8re qui a \u00e9merg\u00e9 d\u2019une compr\u00e9hension pr\u00e9coce et approfondie des traditions de la broderie et de leur place dans la culture visuelle mondiale contemporaine\u00a0\u00bb. L\u2019exposition <em>Permanent Danger <\/em>voyagera dans tout le pays, notamment \u00e0 Sackville, \u00e0 la galerie d\u2019art Owens, en 2021.<\/p>\n<p>Ce projet a \u00e9t\u00e9 s\u00e9lectionn\u00e9 par la Fondation Sheila Hugh Mackay en reconnaissance de l\u2019importance de la pratique de conservation dans la pr\u00e9sentation de l\u2019art. C\u2019\u00e9tait un plaisir de travailler avec le Mus\u00e9e du textile et avec la commissaire, Sarah Quinton, pour mettre \u00e0 l\u2019honneur Anna Torma, une artiste canadienne de tout premier plan.<\/p>\n<p><strong>Anna Torma\u00a0: <\/strong><em><strong>Permanent Danger<\/strong><br \/>\n<\/em>Du 4\u00a0avril au 25\u00a0octobre\u00a02020<br \/>\nMus\u00e9e du textile du Canada<br \/>\n55, Centre Avenue<br \/>\nToronto (Ontario)<\/p>","protected":false},"excerpt":{"rendered":"<p>En 2020, la Fondation Sheila Hugh Mackay axera ses subventions sur les publications dans l\u2019optique de faire progresser la carri\u00e8re des artistes visuels du Nouveau-Brunswick. Le conseil d&#8217;administration a le plaisir d\u2019annoncer que la premi\u00e8re subvention substantielle de ce cycle est attribu\u00e9e au Mus\u00e9e du textile du Canada. Elle permettra de financer une publication fondamentale<a href=\"https:\/\/sheilahughmackay.ca\/fr\/subventions\/subventions-signature\/une-subvention-de-20-000-permet-au-musee-du-textile-du-canada-de-financer-une-nouvelle-publication-sur-anna-torma-une-artiste-laureate-du-prix-strathbutler\/\">[&#8230;]<\/a><\/p>\n","protected":false},"author":1,"featured_media":0,"parent":3615,"menu_order":0,"comment_status":"closed","ping_status":"closed","template":"","meta":[],"_links":{"self":[{"href":"https:\/\/sheilahughmackay.ca\/fr\/wp-json\/wp\/v2\/pages\/6828"}],"collection":[{"href":"https:\/\/sheilahughmackay.ca\/fr\/wp-json\/wp\/v2\/pages"}],"about":[{"href":"https:\/\/sheilahughmackay.ca\/fr\/wp-json\/wp\/v2\/types\/page"}],"author":[{"embeddable":true,"href":"https:\/\/sheilahughmackay.ca\/fr\/wp-json\/wp\/v2\/users\/1"}],"replies":[{"embeddable":true,"href":"https:\/\/sheilahughmackay.ca\/fr\/wp-json\/wp\/v2\/comments?post=6828"}],"version-history":[{"count":1,"href":"https:\/\/sheilahughmackay.ca\/fr\/wp-json\/wp\/v2\/pages\/6828\/revisions"}],"predecessor-version":[{"id":6829,"href":"https:\/\/sheilahughmackay.ca\/fr\/wp-json\/wp\/v2\/pages\/6828\/revisions\/6829"}],"up":[{"embeddable":true,"href":"https:\/\/sheilahughmackay.ca\/fr\/wp-json\/wp\/v2\/pages\/3615"}],"wp:attachment":[{"href":"https:\/\/sheilahughmackay.ca\/fr\/wp-json\/wp\/v2\/media?parent=6828"}],"curies":[{"name":"wp","href":"https:\/\/api.w.org\/{rel}","templated":true}]}}