{"id":6931,"date":"2020-05-22T16:34:32","date_gmt":"2020-05-22T19:34:32","guid":{"rendered":"https:\/\/sheilahughmackay.ca\/?page_id=6931"},"modified":"2020-10-22T09:57:10","modified_gmt":"2020-10-22T12:57:10","slug":"a-25000-salute-to-creativity","status":"publish","type":"page","link":"https:\/\/sheilahughmackay.ca\/fr\/subventions\/subventions-signature\/hommage-de-25-000-a-la-creativite\/","title":{"rendered":"Hommage de 25 000 $ \u00e0 la cr\u00e9ativit\u00e9"},"content":{"rendered":"<p><div id=\"attachment_6932\" style=\"width: 360px\" class=\"wp-caption alignright\"><img aria-describedby=\"caption-attachment-6932\" loading=\"lazy\" class=\"wp-image-6932\" src=\"https:\/\/sheilahughmackay.ca\/wp-content\/uploads\/2020\/05\/Theresa-Macknight-at-Sunbury-Shores-270x360.jpg\" alt=\"Theresa Macknight at Sunbury Shores\" width=\"350\" height=\"467\" srcset=\"https:\/\/sheilahughmackay.ca\/wp-content\/uploads\/2020\/05\/Theresa-Macknight-at-Sunbury-Shores-270x360.jpg 270w, https:\/\/sheilahughmackay.ca\/wp-content\/uploads\/2020\/05\/Theresa-Macknight-at-Sunbury-Shores-768x1024.jpg 768w, https:\/\/sheilahughmackay.ca\/wp-content\/uploads\/2020\/05\/Theresa-Macknight-at-Sunbury-Shores-1152x1536.jpg 1152w, https:\/\/sheilahughmackay.ca\/wp-content\/uploads\/2020\/05\/Theresa-Macknight-at-Sunbury-Shores-1536x2048.jpg 1536w, https:\/\/sheilahughmackay.ca\/wp-content\/uploads\/2020\/05\/Theresa-Macknight-at-Sunbury-Shores-scaled.jpg 1920w\" sizes=\"(max-width: 350px) 100vw, 350px\" \/><p id=\"caption-attachment-6932\" class=\"wp-caption-text\">Theresa Macknight &#8211; une r\u00e9sidence isol\u00e9e, partag\u00e9e virtuellement par Sunbury Shores<\/p><\/div><\/p>\n<p>En 2020, la Fondation Sheila Hugh Mackay a consacr\u00e9 25000 $ en subventions distinctives pour saluer et soutenir l&#8217;esprit cr\u00e9atif des organismes d&#8217;arts visuels du Nouveau-Brunswick qui font face aux d\u00e9fis de la pand\u00e9mie mondiale. La distanciation sociale a n\u00e9cessit\u00e9 la fermeture des lieux traditionnels d&#8217;exposition, d&#8217;\u00e9ducation artistique et de c\u00e9l\u00e9bration. La FSHM salue l&#8217;esprit d&#8217;entreprise du personnel d\u00e9vou\u00e9 de ces institutions qui embrassent le changement et continuent de servir les arts au Nouveau-Brunswick.<\/p>\n<p>Les subventions technologiques de 2020 ont \u00e9t\u00e9 attribu\u00e9es aux organisations suivantes qui ont fait preuve de leadership dans le d\u00e9veloppement de la sensibilisation \u00e9lectronique pour enrichir la communaut\u00e9 artistique. Leur travail et leur vision sont bien plus qu&#8217;une r\u00e9action aux d\u00e9fis op\u00e9rationnels; c&#8217;est un ajout moderne et dynamique \u00e0 l&#8217;offre culturelle de chaque organisation.<\/p>\n<blockquote>\n<p style=\"line-height: 24px;\">Ax: Sussex Arts and Culture Centre<br \/>\nMagazine Canadian Art<br \/>\nConnexion ARC<br \/>\nFredericton Arts Alliance<br \/>\nGalerie d\u2019art Louise-et-Reuben- Cohen<br \/>\nJones Gallery \u2013 s\u00e9rie de conf\u00e9rences sur l\u2019histoire de l\u2019art<br \/>\nGalerie d\u2019art Owens<br \/>\nCentre des arts de Saint John<br \/>\nSunbury Shores Arts and Nature Centre<br \/>\nThird Space Gallery<br \/>\nCentre d\u2019art de l\u2019Universit\u00e9 du Nouveau-Brunswick<\/p>\n<\/blockquote>\n<p><div id=\"attachment_6981\" style=\"width: 360px\" class=\"wp-caption alignright\"><img aria-describedby=\"caption-attachment-6981\" loading=\"lazy\" class=\"wp-image-6981\" src=\"https:\/\/sheilahughmackay.ca\/wp-content\/uploads\/2020\/07\/The_Last_Supper_-_Leonardo_Da_Vinci_-_High_Resolution_32x16detail-360x269.jpg\" alt=\"Leonardo and The Last Supper\" width=\"350\" height=\"261\" srcset=\"https:\/\/sheilahughmackay.ca\/wp-content\/uploads\/2020\/07\/The_Last_Supper_-_Leonardo_Da_Vinci_-_High_Resolution_32x16detail-360x269.jpg 360w, https:\/\/sheilahughmackay.ca\/wp-content\/uploads\/2020\/07\/The_Last_Supper_-_Leonardo_Da_Vinci_-_High_Resolution_32x16detail-1024x765.jpg 1024w, https:\/\/sheilahughmackay.ca\/wp-content\/uploads\/2020\/07\/The_Last_Supper_-_Leonardo_Da_Vinci_-_High_Resolution_32x16detail-768x574.jpg 768w, https:\/\/sheilahughmackay.ca\/wp-content\/uploads\/2020\/07\/The_Last_Supper_-_Leonardo_Da_Vinci_-_High_Resolution_32x16detail-1536x1147.jpg 1536w, https:\/\/sheilahughmackay.ca\/wp-content\/uploads\/2020\/07\/The_Last_Supper_-_Leonardo_Da_Vinci_-_High_Resolution_32x16detail-2048x1529.jpg 2048w, https:\/\/sheilahughmackay.ca\/wp-content\/uploads\/2020\/07\/The_Last_Supper_-_Leonardo_Da_Vinci_-_High_Resolution_32x16detail-285x214.jpg 285w\" sizes=\"(max-width: 350px) 100vw, 350px\" \/><p id=\"caption-attachment-6981\" class=\"wp-caption-text\">Leonardo and The Last Supper<br \/>Jones Gallery Art History Lecture Series<\/p><\/div><\/p>","protected":false},"excerpt":{"rendered":"<p>En 2020, la Fondation Sheila Hugh Mackay a consacr\u00e9 25000 $ en subventions distinctives pour saluer et soutenir l&#8217;esprit cr\u00e9atif des organismes d&#8217;arts visuels du Nouveau-Brunswick qui font face aux d\u00e9fis de la pand\u00e9mie mondiale. La distanciation sociale a n\u00e9cessit\u00e9 la fermeture des lieux traditionnels d&#8217;exposition, d&#8217;\u00e9ducation artistique et de c\u00e9l\u00e9bration. La FSHM salue l&#8217;esprit<a href=\"https:\/\/sheilahughmackay.ca\/fr\/subventions\/subventions-signature\/hommage-de-25-000-a-la-creativite\/\">[&#8230;]<\/a><\/p>\n","protected":false},"author":1,"featured_media":6932,"parent":3615,"menu_order":0,"comment_status":"closed","ping_status":"closed","template":"","meta":[],"_links":{"self":[{"href":"https:\/\/sheilahughmackay.ca\/fr\/wp-json\/wp\/v2\/pages\/6931"}],"collection":[{"href":"https:\/\/sheilahughmackay.ca\/fr\/wp-json\/wp\/v2\/pages"}],"about":[{"href":"https:\/\/sheilahughmackay.ca\/fr\/wp-json\/wp\/v2\/types\/page"}],"author":[{"embeddable":true,"href":"https:\/\/sheilahughmackay.ca\/fr\/wp-json\/wp\/v2\/users\/1"}],"replies":[{"embeddable":true,"href":"https:\/\/sheilahughmackay.ca\/fr\/wp-json\/wp\/v2\/comments?post=6931"}],"version-history":[{"count":19,"href":"https:\/\/sheilahughmackay.ca\/fr\/wp-json\/wp\/v2\/pages\/6931\/revisions"}],"predecessor-version":[{"id":7149,"href":"https:\/\/sheilahughmackay.ca\/fr\/wp-json\/wp\/v2\/pages\/6931\/revisions\/7149"}],"up":[{"embeddable":true,"href":"https:\/\/sheilahughmackay.ca\/fr\/wp-json\/wp\/v2\/pages\/3615"}],"wp:featuredmedia":[{"embeddable":true,"href":"https:\/\/sheilahughmackay.ca\/fr\/wp-json\/wp\/v2\/media\/6932"}],"wp:attachment":[{"href":"https:\/\/sheilahughmackay.ca\/fr\/wp-json\/wp\/v2\/media?parent=6931"}],"curies":[{"name":"wp","href":"https:\/\/api.w.org\/{rel}","templated":true}]}}