{"id":6953,"date":"2020-06-03T12:23:54","date_gmt":"2020-06-03T15:23:54","guid":{"rendered":"https:\/\/sheilahughmackay.ca\/?page_id=6953"},"modified":"2020-06-03T12:23:54","modified_gmt":"2020-06-03T15:23:54","slug":"educational-initiative-for-nel-oudemans-recipients","status":"publish","type":"page","link":"https:\/\/sheilahughmackay.ca\/fr\/les-prix\/la-prix-nel-oudemans\/initiative-educative-pour-les-personnes-laureates-du-prix-nel-oudemans\/","title":{"rendered":"Initiative \u00e9ducative pour les personnes laur\u00e9ates du prix Nel Oudemans"},"content":{"rendered":"<p>Le prix Nel Oudemans est \u00e0 la fois une distinction et un soutien destin\u00e9s \u00e0 des artisanes et artisans \u00e9mergents. Outre le montant qui leur est remis, ces personnes laur\u00e9ates sont admissibles \u00e0 une exp\u00e9rience \u00e9ducative approuv\u00e9e dans l\u2019ann\u00e9e qui suit la remise du prix. Cette d\u00e9marche leur permettra d\u2019acqu\u00e9rir une vaste exp\u00e9rience des tendances du march\u00e9 mondial et de se cr\u00e9er de pr\u00e9cieux r\u00e9seaux et contacts professionnels. La Fondation aidera chacune d\u2019elles \u00e0 choisir la mission \u00e9ducative qui enrichira sa carri\u00e8re. La Fondation saisit toutes les occasions de cerner et d\u2019\u00e9valuer des options avec ses partenaires.<\/p>\n<p><img loading=\"lazy\" class=\"alignright wp-image-6957\" src=\"https:\/\/sheilahughmackay.ca\/wp-content\/uploads\/2020\/06\/Logo_CraftAlliance_BILING-360x205.png\" alt=\"Craft Alliance Atlantic Association\" width=\"250\" height=\"143\" srcset=\"https:\/\/sheilahughmackay.ca\/wp-content\/uploads\/2020\/06\/Logo_CraftAlliance_BILING-360x205.png 360w, https:\/\/sheilahughmackay.ca\/wp-content\/uploads\/2020\/06\/Logo_CraftAlliance_BILING.png 400w\" sizes=\"(max-width: 250px) 100vw, 250px\" \/>Depuis 2013, la Fondation collabore avec l\u2019Alliance des m\u00e9tiers d\u2019art de l\u2019Atlantique, une association commerciale panatlantique, afin de trouver des occasions int\u00e9ressantes pour les laur\u00e9ates et laur\u00e9ats du prix Nel Oudemans. L\u2019Alliance a pour mission de proposer des d\u00e9bouch\u00e9s commerciaux et du perfectionnement professionnel au secteur des m\u00e9tiers d\u2019art au Canada atlantique. Pour son directeur g\u00e9n\u00e9ral, Bernard Burton, la mission \u00e9ducative consiste \u00e0 faire conna\u00eetre aux artisans contemporains de l\u2019Atlantique les nouveaux d\u00e9bouch\u00e9s du march\u00e9 des galeries et \u00e0 introduire de nouveaux concepts pouvant les aider \u00e0 \u00e9tendre leur pr\u00e9sence \u00e0 l\u2019\u00e9chelle mondiale. De 2014 \u00e0 2019, Allison Greene, Phil Savage, Emily McCumber, Matt Watkins et I-Chun Jenkins ont pu assister \u00e0 l\u2019exposition SOFA Chicago, (Sculpture, Objects Function Art and Design Exposition). Parrain\u00e9s par la Fondation, ces participants ont pris part \u00e0 une excursion de quatre jours sous la direction de M.\u00a0Burton, visitant les salons de centaines d\u2019exposants internationaux et participant \u00e0 des s\u00e9ances \u00e9ducatives et \u00e0 des visites de galeries priv\u00e9es et de centres d\u2019art, le tout organis\u00e9 par l\u2019Alliance des m\u00e9tiers d\u2019art.<\/p>\n<div id=\"grid-gallery-18-27824\" data-gg-id=\"18\" data-title=\"Educational Initiative for Nel Oudemans Recipients\" data-grid-type=\"0\" data-offset=\"5.3\" data-area-position=\"center\" data-icons=\"false\" data-preloader=\"true\" data-width=\"200\" data-height=\"200\" data-padding=\"0\" data-quicksand=\"disabled\" data-quicksand-duration=\"none\" data-popup-theme=\"theme_6\" data-popup-type=\"pretty-photo\" data-popup-image-text=\"data-description\" data-popup-widthsize=\"auto\" data-popup-heightsize=\"auto\" data-popup-i18n-words=\"{&quot;close&quot;:&quot;close&quot;,&quot;next&quot;:&quot;next&quot;,&quot;previous&quot;:&quot;previous&quot;,&quot;start_slideshow&quot;:&quot;start slideshow&quot;,&quot;stop_slideshow&quot;:&quot;stop slideshow&quot;,&quot;image&quot;:&quot;image&quot;,&quot;of&quot;:&quot;of&quot;,&quot;prev&quot;:&quot;prev&quot;,&quot;cExpand&quot;:&quot;Expand&quot;,&quot;cPrevious&quot;:&quot;Previous&quot;,&quot;cNext&quot;:&quot;Next&quot;,&quot;cExpandStr&quot;:&quot;Expand the image&quot;,&quot;cRotate&quot;:&quot;Rotate&quot;,&quot;cDetails&quot;:&quot;Details&quot;}\" data-popup-slideshow=\"false\" data-popup-slideshow-speed=\"2500\" data-popup-hoverstop=\"true\" data-popup-slideshow-auto=\"false\" data-popup-background=\"\" data-popup-transparency=\"30\" data-popup-disable-history=\"\" data-popup-disable-changed-url=\"\" data-popup-border-type=\"solid\" data-popup-border-color=\"\" data-popup-border-width=\"\" data-popup-border-enable=\"\" data-fullscreen=\"false\" data-hide-tooltip=\"false\" data-caption-font-family=\"Default\" data-caption-text-size=\"14px\" data-is-mobile=\"0\" data-caption-mobile=\"false\" data-hide-long-tltp-title=\"0\" data-caption-disabled-on-mobile=\"false\" data-lazyload-enable='1' data-lazyload-effect=\"show\" data-lazyload-effect-duration=\"400\" data-popup-placement-type=\"0\" data-social-sharing=\"{&quot;enabled&quot;:&quot;&quot;,&quot;gallerySharing&quot;:{&quot;enabled&quot;:null,&quot;position&quot;:null},&quot;imageSharing&quot;:{&quot;enabled&quot;:null,&quot;wrapperClass&quot;:&quot; vertical \\n &quot;},&quot;popupSharing&quot;:{&quot;enabled&quot;:null,&quot;wrapperClass&quot;:&quot; vertical \\n &quot;}}\" class=\"grid-gallery grid-gallery-fixed \" style=\" width:100%; height:auto ; margin-left:auto; margin-right:auto; position:relative;\" > <div class=\"gallery-loading\"> <div class=\"blocks\"> <div class=\"block\"><\/div> <div class=\"block\"><\/div> <div class=\"block\"><\/div> <div class=\"block\"><\/div> <\/div> <\/div> <div class=\"gallery-sharing-top\"><\/div> <div id=\"photos-18\" class=\"grid-gallery-photos \" > <a id=\"gg-18-161\" class=\"gg-link \" data-attachment-id=\"6955\" href=\"https:\/\/sheilahughmackay.ca\/wp-content\/uploads\/2020\/06\/Bernard-Burton-ED-Craft-Alliance-Atlantic.jpg?gid=18\" target=\"_self\" title=\"Bernard Burton, ED Craft Alliance Atlantic\" data-rel=\"prettyPhoto[pp_gal]\" style=\"border-radius: 0px;\" ><FIGURE class=\"grid-gallery-caption \" data-grid-gallery-type=\"quarter-slide-up\" data-index=\"0\" style=\"display:none;border-radius: 0px; ; margin: 5.3px; width:200px;\" ><div class=\"crop \" style=\" width:200px; height:200px; overflow:hidden; \"><img data-gg-real-image-href=\"https:\/\/sheilahughmackay.ca\/wp-content\/uploads\/2020\/06\/Bernard-Burton-ED-Craft-Alliance-Atlantic-200x200.jpg\" src=\"https:\/\/sheilahughmackay.ca\/wp-content\/plugins\/gallery-by-supsystic\/src\/GridGallery\/Galleries\/assets\/img\/loading.gif\" class=\"ggImg ggLazyImg\" alt=\"Bernard Burton, ED Craft Alliance Atlantic\" title=\"Bernard Burton, ED Craft Alliance Atlantic\" data-description=\"Bernard Burton, ED Craft Alliance Atlantic\" data-caption=\"Bernard Burton, ED Craft Alliance Atlantic\" data-title=\"Bernard Burton, ED Craft Alliance Atlantic\" style=\" width:200px; height:200px; \" \/><\/div><FIGCAPTION class=\"\" data-alpha=\"5\" style=\"color:#ffffff; background-color:#6f0000; font-size:14px; text-align:left; font-family:Default;\" ><div class=\"grid-gallery-figcaption-wrap\" style=\" vertical-align:top; \"><div class=\"gg-image-caption fitvidsignore \" style=\"font-size:14px;\"><object type=\"none\/none\"> Bernard Burton, ED Craft Alliance Atlantic <\/object><\/div><\/div><\/FIGCAPTION><\/FIGURE><\/a> <a id=\"gg-18-162\" class=\"gg-link \" data-attachment-id=\"6954\" href=\"https:\/\/sheilahughmackay.ca\/wp-content\/uploads\/2020\/06\/Allison-Green-visits-Millenium-Park_11-scaled.jpg?gid=18\" target=\"_self\" title=\"Allison Green visits Millenium Park\" data-rel=\"prettyPhoto[pp_gal]\" style=\"border-radius: 0px;\" ><FIGURE class=\"grid-gallery-caption \" data-grid-gallery-type=\"quarter-slide-up\" data-index=\"1\" style=\"display:none;border-radius: 0px; ; margin: 5.3px; width:200px;\" ><div class=\"crop \" style=\" width:200px; height:200px; overflow:hidden; \"><img data-gg-real-image-href=\"https:\/\/sheilahughmackay.ca\/wp-content\/uploads\/2020\/06\/Allison-Green-visits-Millenium-Park_11-scaled-200x200.jpg\" src=\"https:\/\/sheilahughmackay.ca\/wp-content\/plugins\/gallery-by-supsystic\/src\/GridGallery\/Galleries\/assets\/img\/loading.gif\" class=\"ggImg ggLazyImg\" alt=\"Allison Green visits Millenium Park\" title=\"Allison Green visits Millenium Park\" data-description=\"Allison Green visits Millenium Park\" data-caption=\"Allison Green visits Millenium Park\" data-title=\"Allison Green visits Millenium Park\" style=\" width:200px; height:200px; \" \/><\/div><FIGCAPTION class=\"\" data-alpha=\"5\" style=\"color:#ffffff; background-color:#6f0000; font-size:14px; text-align:left; font-family:Default;\" ><div class=\"grid-gallery-figcaption-wrap\" style=\" vertical-align:top; \"><div class=\"gg-image-caption fitvidsignore \" style=\"font-size:14px;\"><object type=\"none\/none\"> Allison Green visits Millenium Park <\/object><\/div><\/div><\/FIGCAPTION><\/FIGURE><\/a> <a id=\"gg-18-163\" class=\"gg-link \" data-attachment-id=\"6956\" href=\"https:\/\/sheilahughmackay.ca\/wp-content\/uploads\/2020\/06\/I-Chun-Jenkins-at-SOFA.jpg?gid=18\" target=\"_self\" title=\"I Chun Jenkins at SOFA\" data-rel=\"prettyPhoto[pp_gal]\" style=\"border-radius: 0px;\" ><FIGURE class=\"grid-gallery-caption \" data-grid-gallery-type=\"quarter-slide-up\" data-index=\"2\" style=\"display:none;border-radius: 0px; ; margin: 5.3px; width:200px;\" ><div class=\"crop \" style=\" width:200px; height:200px; overflow:hidden; \"><img data-gg-real-image-href=\"https:\/\/sheilahughmackay.ca\/wp-content\/uploads\/2020\/06\/I-Chun-Jenkins-at-SOFA-200x200.jpg\" src=\"https:\/\/sheilahughmackay.ca\/wp-content\/plugins\/gallery-by-supsystic\/src\/GridGallery\/Galleries\/assets\/img\/loading.gif\" class=\"ggImg ggLazyImg\" alt=\"I Chun Jenkins at SOFA\" title=\"I Chun Jenkins at SOFA\" data-description=\"I Chun Jenkins at SOFA\" data-caption=\"I Chun Jenkins at SOFA\" data-title=\"I Chun Jenkins at SOFA\" style=\" width:200px; height:200px; \" \/><\/div><FIGCAPTION class=\"\" data-alpha=\"5\" style=\"color:#ffffff; background-color:#6f0000; font-size:14px; text-align:left; font-family:Default;\" ><div class=\"grid-gallery-figcaption-wrap\" style=\" vertical-align:top; \"><div class=\"gg-image-caption fitvidsignore \" style=\"font-size:14px;\"><object type=\"none\/none\"> I Chun Jenkins at SOFA <\/object><\/div><\/div><\/FIGCAPTION><\/FIGURE><\/a> <a id=\"gg-18-164\" class=\"gg-link \" data-attachment-id=\"6958\" href=\"https:\/\/sheilahughmackay.ca\/wp-content\/uploads\/2020\/06\/SOFA-Chicago.jpg?gid=18\" target=\"_self\" title=\"SOFA Chicago\" data-rel=\"prettyPhoto[pp_gal]\" style=\"border-radius: 0px;\" ><FIGURE class=\"grid-gallery-caption \" data-grid-gallery-type=\"quarter-slide-up\" data-index=\"3\" style=\"display:none;border-radius: 0px; ; margin: 5.3px; width:200px;\" ><div class=\"crop \" style=\" width:200px; height:200px; overflow:hidden; \"><img data-gg-real-image-href=\"https:\/\/sheilahughmackay.ca\/wp-content\/uploads\/2020\/06\/SOFA-Chicago-200x200.jpg\" src=\"https:\/\/sheilahughmackay.ca\/wp-content\/plugins\/gallery-by-supsystic\/src\/GridGallery\/Galleries\/assets\/img\/loading.gif\" class=\"ggImg ggLazyImg\" alt=\"SOFA Chicago\" title=\"SOFA Chicago\" data-description=\"SOFA Chicago\" data-caption=\"SOFA Chicago\" data-title=\"SOFA Chicago\" style=\" width:200px; height:200px; \" \/><\/div><FIGCAPTION class=\"\" data-alpha=\"5\" style=\"color:#ffffff; background-color:#6f0000; font-size:14px; text-align:left; font-family:Default;\" ><div class=\"grid-gallery-figcaption-wrap\" style=\" vertical-align:top; \"><div class=\"gg-image-caption fitvidsignore \" style=\"font-size:14px;\"><object type=\"none\/none\"> SOFA Chicago <\/object><\/div><\/div><\/FIGCAPTION><\/FIGURE><\/a> <div class=\"grid-gallery-clearfix\"><\/div> <\/div> <div class=\"gallery-sharing-bottom\"><\/div> <div class=\"grid-gallery-clearfix\"><\/div> <\/div> <!-- Gallery by Supsystic plugin 1.14.10 -->\n<p>En 2020, l\u2019Alliance a lanc\u00e9 un nouveau programme \u00e9ducatif pour Collect London, et le laur\u00e9at du prix Nel Oudemans a pu y participer avec le plus vaste groupe jamais coordonn\u00e9 par l\u2019Alliance. Ralph Simpson, laur\u00e9at\u00a02019 du prix Nel Oudemans, a fait le d\u00e9placement au COLLECT\u00a02020 de Londres, sous les auspices de l\u2019Alliance des m\u00e9tiers d\u2019art. Le congr\u00e8s de cinq jours pr\u00e9voyait une exposition regroupant plus de 450\u00a0artisans ainsi que la visite de douze galeries priv\u00e9es et trois galeries publiques, soit la National Gallery, le Tate Modern et le Victoria and Albert Museum. Pour Ralph Simpson l\u2019exp\u00e9rience s\u2019est av\u00e9r\u00e9e inspirante et exaltante en m\u00eame temps qu\u2019elle constituait une le\u00e7on d\u2019humilit\u00e9 pour un artiste en \u00e9mergence. \u00ab\u00a0Ces cinq jours continus de formidable immersion artistique en compagnie de 17\u00a0autres cr\u00e9ateurs de partout Canada ont chang\u00e9 l&#8217;image que j&#8217;avais de moi en tant qu\u2019artiste et ma fa\u00e7on d\u2019aborder la pratique artistique, explique-t-il. J\u2019en suis revenu enthousiaste et plein d\u2019id\u00e9es cr\u00e9atrices.\u00a0\u00bb<\/p>\n<div id=\"grid-gallery-19-24188\" data-gg-id=\"19\" data-title=\"Educational Initiative for Nel Oudemans Recipients - COLLECT 2020\" data-grid-type=\"0\" data-offset=\"5.3\" data-area-position=\"center\" data-icons=\"false\" data-preloader=\"true\" data-width=\"200\" data-height=\"200\" data-padding=\"0\" data-quicksand=\"disabled\" data-quicksand-duration=\"none\" data-popup-theme=\"theme_6\" data-popup-type=\"pretty-photo\" data-popup-image-text=\"data-description\" data-popup-widthsize=\"auto\" data-popup-heightsize=\"auto\" data-popup-i18n-words=\"{&quot;close&quot;:&quot;close&quot;,&quot;next&quot;:&quot;next&quot;,&quot;previous&quot;:&quot;previous&quot;,&quot;start_slideshow&quot;:&quot;start slideshow&quot;,&quot;stop_slideshow&quot;:&quot;stop slideshow&quot;,&quot;image&quot;:&quot;image&quot;,&quot;of&quot;:&quot;of&quot;,&quot;prev&quot;:&quot;prev&quot;,&quot;cExpand&quot;:&quot;Expand&quot;,&quot;cPrevious&quot;:&quot;Previous&quot;,&quot;cNext&quot;:&quot;Next&quot;,&quot;cExpandStr&quot;:&quot;Expand the image&quot;,&quot;cRotate&quot;:&quot;Rotate&quot;,&quot;cDetails&quot;:&quot;Details&quot;}\" data-popup-slideshow=\"false\" data-popup-slideshow-speed=\"2500\" data-popup-hoverstop=\"true\" data-popup-slideshow-auto=\"false\" data-popup-background=\"\" data-popup-transparency=\"30\" data-popup-disable-history=\"\" data-popup-disable-changed-url=\"\" data-popup-border-type=\"solid\" data-popup-border-color=\"\" data-popup-border-width=\"\" data-popup-border-enable=\"\" data-fullscreen=\"false\" data-hide-tooltip=\"false\" data-caption-font-family=\"Default\" data-caption-text-size=\"14px\" data-is-mobile=\"0\" data-caption-mobile=\"false\" data-hide-long-tltp-title=\"0\" data-caption-disabled-on-mobile=\"false\" data-lazyload-enable='1' data-lazyload-effect=\"show\" data-lazyload-effect-duration=\"400\" data-popup-placement-type=\"0\" data-social-sharing=\"{&quot;enabled&quot;:&quot;&quot;,&quot;gallerySharing&quot;:{&quot;enabled&quot;:null,&quot;position&quot;:null},&quot;imageSharing&quot;:{&quot;enabled&quot;:null,&quot;wrapperClass&quot;:&quot; vertical \\n &quot;},&quot;popupSharing&quot;:{&quot;enabled&quot;:null,&quot;wrapperClass&quot;:&quot; vertical \\n &quot;}}\" class=\"grid-gallery grid-gallery-fixed \" style=\" width:100%; height:auto ; margin-left:auto; margin-right:auto; position:relative;\" > <div class=\"gallery-loading\"> <div class=\"blocks\"> <div class=\"block\"><\/div> <div class=\"block\"><\/div> <div class=\"block\"><\/div> <div class=\"block\"><\/div> <\/div> <\/div> <div class=\"gallery-sharing-top\"><\/div> <div id=\"photos-19\" class=\"grid-gallery-photos \" > <a id=\"gg-19-165\" class=\"gg-link \" data-attachment-id=\"6959\" href=\"https:\/\/sheilahughmackay.ca\/wp-content\/uploads\/2020\/06\/London-Eye-2-scaled.jpg?gid=19\" target=\"_self\" title=\"London Eye\" data-rel=\"prettyPhoto[pp_gal]\" style=\"border-radius: 0px;\" ><FIGURE class=\"grid-gallery-caption \" data-grid-gallery-type=\"quarter-slide-up\" data-index=\"0\" style=\"display:none;border-radius: 0px; ; margin: 5.3px; width:200px;\" ><div class=\"crop \" style=\" width:200px; height:200px; overflow:hidden; \"><img data-gg-real-image-href=\"https:\/\/sheilahughmackay.ca\/wp-content\/uploads\/2020\/06\/London-Eye-2-scaled-200x200.jpg\" src=\"https:\/\/sheilahughmackay.ca\/wp-content\/plugins\/gallery-by-supsystic\/src\/GridGallery\/Galleries\/assets\/img\/loading.gif\" class=\"ggImg ggLazyImg\" alt=\"London Eye\" title=\"London Eye\" data-description=\"London Eye\" data-caption=\"London Eye\" data-title=\"London Eye\" style=\" width:200px; height:200px; \" \/><\/div><FIGCAPTION class=\"\" data-alpha=\"5\" style=\"color:#ffffff; background-color:#6f0000; font-size:14px; text-align:left; font-family:Default;\" ><div class=\"grid-gallery-figcaption-wrap\" style=\" vertical-align:top; \"><div class=\"gg-image-caption fitvidsignore \" style=\"font-size:14px;\"><object type=\"none\/none\"> London Eye <\/object><\/div><\/div><\/FIGCAPTION><\/FIGURE><\/a> <a id=\"gg-19-166\" class=\"gg-link \" data-attachment-id=\"6960\" href=\"https:\/\/sheilahughmackay.ca\/wp-content\/uploads\/2020\/06\/Tate-Modern-scaled.jpg?gid=19\" target=\"_self\" title=\"Tate Modern\" data-rel=\"prettyPhoto[pp_gal]\" style=\"border-radius: 0px;\" ><FIGURE class=\"grid-gallery-caption \" data-grid-gallery-type=\"quarter-slide-up\" data-index=\"1\" style=\"display:none;border-radius: 0px; ; margin: 5.3px; width:200px;\" ><div class=\"crop \" style=\" width:200px; height:200px; overflow:hidden; \"><img data-gg-real-image-href=\"https:\/\/sheilahughmackay.ca\/wp-content\/uploads\/2020\/06\/Tate-Modern-scaled-200x200.jpg\" src=\"https:\/\/sheilahughmackay.ca\/wp-content\/plugins\/gallery-by-supsystic\/src\/GridGallery\/Galleries\/assets\/img\/loading.gif\" class=\"ggImg ggLazyImg\" alt=\"Tate Modern\" title=\"Tate Modern\" data-description=\"Tate Modern\" data-caption=\"Tate Modern\" data-title=\"Tate Modern\" style=\" width:200px; height:200px; \" \/><\/div><FIGCAPTION class=\"\" data-alpha=\"5\" style=\"color:#ffffff; background-color:#6f0000; font-size:14px; text-align:left; font-family:Default;\" ><div class=\"grid-gallery-figcaption-wrap\" style=\" vertical-align:top; \"><div class=\"gg-image-caption fitvidsignore \" style=\"font-size:14px;\"><object type=\"none\/none\"> Tate Modern <\/object><\/div><\/div><\/FIGCAPTION><\/FIGURE><\/a> <a id=\"gg-19-167\" class=\"gg-link \" data-attachment-id=\"6961\" href=\"https:\/\/sheilahughmackay.ca\/wp-content\/uploads\/2020\/06\/Victoria-and-Albert-Museum-scaled.jpg?gid=19\" target=\"_self\" title=\"Victoria and Albert Museum\" data-rel=\"prettyPhoto[pp_gal]\" style=\"border-radius: 0px;\" ><FIGURE class=\"grid-gallery-caption \" data-grid-gallery-type=\"quarter-slide-up\" data-index=\"2\" style=\"display:none;border-radius: 0px; ; margin: 5.3px; width:200px;\" ><div class=\"crop \" style=\" width:200px; height:200px; overflow:hidden; \"><img data-gg-real-image-href=\"https:\/\/sheilahughmackay.ca\/wp-content\/uploads\/2020\/06\/Victoria-and-Albert-Museum-scaled-200x200.jpg\" src=\"https:\/\/sheilahughmackay.ca\/wp-content\/plugins\/gallery-by-supsystic\/src\/GridGallery\/Galleries\/assets\/img\/loading.gif\" class=\"ggImg ggLazyImg\" alt=\"Victoria and Albert Museum\" title=\"Victoria and Albert Museum\" data-description=\"Victoria and Albert Museum\" data-caption=\"Victoria and Albert Museum\" data-title=\"Victoria and Albert Museum\" style=\" width:200px; height:200px; \" \/><\/div><FIGCAPTION class=\"\" data-alpha=\"5\" style=\"color:#ffffff; background-color:#6f0000; font-size:14px; text-align:left; font-family:Default;\" ><div class=\"grid-gallery-figcaption-wrap\" style=\" vertical-align:top; \"><div class=\"gg-image-caption fitvidsignore \" style=\"font-size:14px;\"><object type=\"none\/none\"> Victoria and Albert Museum <\/object><\/div><\/div><\/FIGCAPTION><\/FIGURE><\/a> <div class=\"grid-gallery-clearfix\"><\/div> <\/div> <div class=\"gallery-sharing-bottom\"><\/div> <div class=\"grid-gallery-clearfix\"><\/div> <\/div> <!-- Gallery by Supsystic plugin 1.14.10 -->\n<p>La Fondation prend \u00e9galement les devants en parrainant d\u2019exceptionnelles occasions de croissance professionnelle en collaboration avec la F\u00e9d\u00e9ration canadienne des m\u00e9tiers d\u2019art. En 2018, la Fondation a eu le plaisir de commanditer la participation du Nouveau-Brunswick au congr\u00e8s national de la FCMA intitul\u00e9e Cr\u00e9ation d\u2019espaces et tenue \u00e0 Halifax et \u00e0 Lunenburg, en Nouvelle-\u00c9cosse. En offrant une vitrine dans les congr\u00e8s nationaux ou internationaux aux personnes laur\u00e9ates du prix Nel Oudemans et \u00e0 d\u2019autres artisanes et artisans \u00e9mergents, la Fondation favorise la croissance cr\u00e9ative et d\u00e9veloppe de pr\u00e9cieux r\u00e9seaux pour les artistes du Nouveau-Brunswick.<\/p>","protected":false},"excerpt":{"rendered":"<p>Le prix Nel Oudemans est \u00e0 la fois une distinction et un soutien destin\u00e9s \u00e0 des artisanes et artisans \u00e9mergents. Outre le montant qui leur est remis, ces personnes laur\u00e9ates sont admissibles \u00e0 une exp\u00e9rience \u00e9ducative approuv\u00e9e dans l\u2019ann\u00e9e qui suit la remise du prix. Cette d\u00e9marche leur permettra d\u2019acqu\u00e9rir une vaste exp\u00e9rience des tendances<a href=\"https:\/\/sheilahughmackay.ca\/fr\/les-prix\/la-prix-nel-oudemans\/initiative-educative-pour-les-personnes-laureates-du-prix-nel-oudemans\/\">[&#8230;]<\/a><\/p>\n","protected":false},"author":1,"featured_media":0,"parent":30,"menu_order":0,"comment_status":"closed","ping_status":"closed","template":"","meta":[],"_links":{"self":[{"href":"https:\/\/sheilahughmackay.ca\/fr\/wp-json\/wp\/v2\/pages\/6953"}],"collection":[{"href":"https:\/\/sheilahughmackay.ca\/fr\/wp-json\/wp\/v2\/pages"}],"about":[{"href":"https:\/\/sheilahughmackay.ca\/fr\/wp-json\/wp\/v2\/types\/page"}],"author":[{"embeddable":true,"href":"https:\/\/sheilahughmackay.ca\/fr\/wp-json\/wp\/v2\/users\/1"}],"replies":[{"embeddable":true,"href":"https:\/\/sheilahughmackay.ca\/fr\/wp-json\/wp\/v2\/comments?post=6953"}],"version-history":[{"count":3,"href":"https:\/\/sheilahughmackay.ca\/fr\/wp-json\/wp\/v2\/pages\/6953\/revisions"}],"predecessor-version":[{"id":6966,"href":"https:\/\/sheilahughmackay.ca\/fr\/wp-json\/wp\/v2\/pages\/6953\/revisions\/6966"}],"up":[{"embeddable":true,"href":"https:\/\/sheilahughmackay.ca\/fr\/wp-json\/wp\/v2\/pages\/30"}],"wp:attachment":[{"href":"https:\/\/sheilahughmackay.ca\/fr\/wp-json\/wp\/v2\/media?parent=6953"}],"curies":[{"name":"wp","href":"https:\/\/api.w.org\/{rel}","templated":true}]}}