{"id":700,"date":"2011-01-27T18:50:25","date_gmt":"2011-01-27T22:50:25","guid":{"rendered":"http:\/\/sheilahughmackay.com\/shmf\/"},"modified":"2023-01-13T12:44:10","modified_gmt":"2023-01-13T16:44:10","slug":"symposia","status":"publish","type":"page","link":"https:\/\/sheilahughmackay.ca\/fr\/defense-des-arts\/projets-de-defense\/","title":{"rendered":"Projets de d\u00e9fense pour les arts"},"content":{"rendered":"<p><\/p>\n<h2>2018 Association des directeurs de centres d&#8217;art du Nouveau-Brunswick<\/h2>\n<div style=\"float: left; width: 55%; margin-right: 5px;\">\n<p>De 2018 \u00e0 aujourd\u2019hui, le FSHM est fier d\u2019appuyer une initiative de r\u00e9seautage ,r\u00e9unissant neuf directeurs de centres d\u2019art du Nouveau-Brunswick. Li\u00e9s par leurs principes communs d\u2019intendants de la culture, ces dirigeants travaillent ensemble \u00e0 l\u2019\u00e9laboration de strat\u00e9gies financi\u00e8res pour soutenir les contributions importantes des centres artistiques r\u00e9gionaux de la province.\u00a0 Ils ont mis sur pied une association pour partager des id\u00e9es et des occasions d\u2019offrir des programmes de qualit\u00e9, d\u2019offrir des exp\u00e9riences d\u2019exposition professionnelles et de promouvoir l\u2019inclusion par l\u2019art.\u00a0 Des fonds sont mis \u00e0 la disposition de ce collectif pour soutenir la croissance d\u2019une association professionnelle durable.<\/p>\n<p>Le FSHM joue un r\u00f4le actif en favorisant la collaboration et le dialogue dans la communaut\u00e9 artistique du Nouveau-Brunswick. Les administrateurs des arts, les conservateurs et les donateurs jouent un r\u00f4le essentiel dans la vision, l\u2019organisation et la gestion des biens culturels.\u00a0\u00a0 En favorisant les activit\u00e9s de r\u00e9seautage, la FSHM cherche \u00e0 favoriser les relations de travail qui se traduiront par la croissance et le d\u00e9veloppement.<\/p>\n<p>&nbsp;<\/p>\n<\/div>\n<div style=\"float: right; width: 40%; border-radius: 25px; border: 2px solid #000000; background: #398434; padding: 20px; color: #ffffff;\">\n<p>Le conseil d\u2019administration de la Fondation Sheila Hugh Mackay f\u00e9licite les administrateurs pour leur travail continu\u00a0:<\/p>\n<p>Andrew and Laura McCain Art Gallery \u2013 Florenceville<br \/>\nAX \u2013 Sussex<br \/>\nAberdeen Cultural Centre \u2013 Moncton<br \/>\nCentre des arts et de la culture de Dieppe<br \/>\nCentre des arts d\u2019Edmunston<br \/>\nCentre culturel de Kent Sud \u2013 Buctouche<br \/>\nCharlotte Street Arts Centre -Fredericton<br \/>\nSaint John Arts Centre \u2013 Saint John<br \/>\nSunbury Shores Arts and Nature Centre \u2013 St. Andrews<\/p>\n<\/div>\n<div style=\"clear: both;\"><\/div>\n<h2>Forum Jack Weldon Humphrey 2013<\/h2>\n<p><a href=\"http:\/\/sheilahughmackay.ca\/\/wp-content\/uploads\/2016\/02\/humphrey-portrait-fr.jpg\" rel=\"attachment wp-att-4627\"><img class=\"size-medium wp-image-4627 alignleft\" style=\"padding-bottom: 20px;\" src=\"http:\/\/sheilahughmackay.ca\/\/wp-content\/uploads\/2016\/02\/humphrey-portrait-fr-300x290.jpg\" alt=\"humphrey-portrait-fr\" width=\"200\" srcset=\"https:\/\/sheilahughmackay.ca\/wp-content\/uploads\/2016\/02\/humphrey-portrait-fr-300x290.jpg 300w, https:\/\/sheilahughmackay.ca\/wp-content\/uploads\/2016\/02\/humphrey-portrait-fr.jpg 360w\" sizes=\"(max-width: 300px) 100vw, 300px\" \/><\/a>Nomm\u00e9 en l\u2019honneur du peintre de Saint John Jack Weldon Humphrey, ce forum poursuit le dialogue national que Humphreya aid\u00e9 \u00e0 lancer dans les ann\u00e9es 1940 sur l\u2019art visuel au Canada.\u00a0Un groupe d\u2019experts bien connus \u00e0 l\u2019\u00e9chelle du pays r\u00e9agira \u00e0 ce qu\u2019avance M. Landry <a href=\"http:\/\/sheilahughmackay.ca\/\/fr\/defense-des-arts\/projets-de-defense\/forum-jack-weldon-humphrey-2013\/\">&#8230; plus<\/a><\/p>\n<h2>A l\u2019Est de L\u00e0 2013<\/h2>\n<div id=\"attachment_4621\" style=\"width: 310px\" class=\"wp-caption alignright\"><a href=\"http:\/\/sheilahughmackay.ca\/\/wp-content\/uploads\/2016\/02\/SJ-Map.jpg\" rel=\"attachment wp-att-4621\"><img aria-describedby=\"caption-attachment-4621\" loading=\"lazy\" class=\"size-medium wp-image-4621\" src=\"http:\/\/sheilahughmackay.ca\/\/wp-content\/uploads\/2016\/02\/SJ-Map-300x184.jpg\" alt=\"East of There: Saint John 2013\" width=\"300\" height=\"184\" srcset=\"https:\/\/sheilahughmackay.ca\/wp-content\/uploads\/2016\/02\/SJ-Map-300x184.jpg 300w, https:\/\/sheilahughmackay.ca\/wp-content\/uploads\/2016\/02\/SJ-Map.jpg 768w\" sizes=\"(max-width: 300px) 100vw, 300px\" \/><\/a><p id=\"caption-attachment-4621\" class=\"wp-caption-text\">East of There: Saint John 2013<\/p><\/div>\n<p>&#8211; une conf\u00e9rence collaborative et bilingue tenue par l\u2019Atlantic Provinces Art Gallery Association (APAGA), l\u2019Association des centres d\u2019artistes autog\u00e9r\u00e9s de la r\u00e9gion atlantique (ACAARA), et, de port\u00e9e nationale, Artist-Run Centres and Collectives Conference \/ Conf\u00e9rence des collectivit\u00e9s et des centres d\u2019artistes autog\u00e9r\u00e9s (ARCCC-CCCAA), et l\u2019Association des groupes en arts visuels francophones (AGAVF). Les repr\u00e9sentants de plus de 30 galeries et centres auto-g\u00e9r\u00e9s d\u2019artistes, des quatre provinces de l\u2019Atlantique, ont \u00e9change\u00e9 des renseignements et ont discut\u00e9 des affaires en commun <a title=\"l\u2019Est de l\u00e0 Saint-Jean 2013\" href=\"http:\/\/sheilahughmackay.ca\/\/fr\/defense-des-arts\/projets-de-defense\/lest-de-la-saint-jean-2013\/\">&#8230; plus <\/a><\/p>\n<h2>Symposium Strathbutler 2010<\/h2>\n<p><a href=\"http:\/\/sheilahughmackay.ca\/\/wp-content\/uploads\/2016\/02\/symposium-french.jpg\" rel=\"attachment wp-att-4623\"><img loading=\"lazy\" class=\"alignleft size-medium wp-image-4623\" src=\"http:\/\/sheilahughmackay.ca\/\/wp-content\/uploads\/2016\/02\/symposium-french-300x254.jpg\" alt=\"symposium-french\" width=\"300\" height=\"254\" srcset=\"https:\/\/sheilahughmackay.ca\/wp-content\/uploads\/2016\/02\/symposium-french-300x254.jpg 300w, https:\/\/sheilahughmackay.ca\/wp-content\/uploads\/2016\/02\/symposium-french.jpg 597w\" sizes=\"(max-width: 300px) 100vw, 300px\" \/><\/a>En conjugaison avec le 20e anniversaire du Prix Strathbutler, le Conseil d&#8217;administration de la Fondation Sheila Hugh MacKay est fier de pr\u00e9senter un symposium de deux jours qui examinera l&#8217;\u00e9tat actuel des arts visuels au Nouveau-Brunswick. La Fondation vise a promouvoir l&#8217;excellence dans le domaine des arts visuels au Nouveau- Brunswick, ce symposium donnera Sheila MacKay a la province du Nouveau-Brunswick <a title=\"Symposium Strathbutler 2010\" href=\"http:\/\/sheilahughmackay.ca\/\/fr\/defense-des-arts\/projets-de-defense\/symposium-strathbutler-2010\/\">&#8230; plus<\/a><\/p>\n<div class=\"bio-links\">\n<div class=\"updates\">Tous les postes sur <a title=\"Aller \u00e0 la cat\u00e9gorie subventions\" href=\"http:\/\/sheilahughmackay.ca\/\/fr\/?cat=25\">nos Subventions<\/a><\/div>\n<div class=\"cat-post\">\n<p>Tous les postes sur <a title=\"Aller \u00e0 la cat\u00e9gorie Symposia\" href=\"http:\/\/sheilahughmackay.ca\/\/fr\/?cat=44\">les Symposia <\/a><\/p>\n<p class=\"clear\">\n<\/div>\n<\/div>\n<p><\/p>","protected":false},"excerpt":{"rendered":"<p>2018 Association des directeurs de centres d&#8217;art du Nouveau-Brunswick De 2018 \u00e0 aujourd\u2019hui, le FSHM est fier d\u2019appuyer une initiative de r\u00e9seautage ,r\u00e9unissant neuf directeurs de centres d\u2019art du Nouveau-Brunswick. Li\u00e9s par leurs principes communs d\u2019intendants de la culture, ces dirigeants travaillent ensemble \u00e0 l\u2019\u00e9laboration de strat\u00e9gies financi\u00e8res pour soutenir les contributions importantes des centres<a href=\"https:\/\/sheilahughmackay.ca\/fr\/defense-des-arts\/projets-de-defense\/\">[&#8230;]<\/a><\/p>\n","protected":false},"author":1,"featured_media":0,"parent":2610,"menu_order":5,"comment_status":"closed","ping_status":"closed","template":"","meta":[],"_links":{"self":[{"href":"https:\/\/sheilahughmackay.ca\/fr\/wp-json\/wp\/v2\/pages\/700"}],"collection":[{"href":"https:\/\/sheilahughmackay.ca\/fr\/wp-json\/wp\/v2\/pages"}],"about":[{"href":"https:\/\/sheilahughmackay.ca\/fr\/wp-json\/wp\/v2\/types\/page"}],"author":[{"embeddable":true,"href":"https:\/\/sheilahughmackay.ca\/fr\/wp-json\/wp\/v2\/users\/1"}],"replies":[{"embeddable":true,"href":"https:\/\/sheilahughmackay.ca\/fr\/wp-json\/wp\/v2\/comments?post=700"}],"version-history":[{"count":24,"href":"https:\/\/sheilahughmackay.ca\/fr\/wp-json\/wp\/v2\/pages\/700\/revisions"}],"predecessor-version":[{"id":7795,"href":"https:\/\/sheilahughmackay.ca\/fr\/wp-json\/wp\/v2\/pages\/700\/revisions\/7795"}],"up":[{"embeddable":true,"href":"https:\/\/sheilahughmackay.ca\/fr\/wp-json\/wp\/v2\/pages\/2610"}],"wp:attachment":[{"href":"https:\/\/sheilahughmackay.ca\/fr\/wp-json\/wp\/v2\/media?parent=700"}],"curies":[{"name":"wp","href":"https:\/\/api.w.org\/{rel}","templated":true}]}}