{"id":7003,"date":"2020-08-31T17:08:30","date_gmt":"2020-08-31T20:08:30","guid":{"rendered":"https:\/\/sheilahughmackay.ca\/?page_id=7003"},"modified":"2020-09-09T09:24:18","modified_gmt":"2020-09-09T12:24:18","slug":"new-brunswick-mat-registry-sharing-our-new-brunswick-mat-hooking-heritage-building-a-permanent-virtual-exhibtion","status":"publish","type":"page","link":"https:\/\/sheilahughmackay.ca\/fr\/subventions\/subventions-signature\/faire-decouvrir-le-patrimoine-de-tapis-hookes-du-nouveau-brunswick-creation-dune-exposition-virtuelle-permanente\/","title":{"rendered":"Faire d\u00e9couvrir le patrimoine de tapis hook\u00e9s du Nouveau-Brunswick \u2013 Cr\u00e9ation d\u2019une exposition virtuelle permanente"},"content":{"rendered":"<p><div id=\"attachment_7005\" style=\"width: 650px\" class=\"wp-caption aligncenter\"><img aria-describedby=\"caption-attachment-7005\" loading=\"lazy\" class=\"wp-image-7005 size-large\" src=\"https:\/\/sheilahughmackay.ca\/wp-content\/uploads\/2020\/08\/NBMR-Kayle-Enos-Mat-ExaminationMoncton-2016-1024x768.jpg\" alt=\"NBMR Kayle Eno's Mat Examination Moncton 2016\" width=\"640\" height=\"480\" srcset=\"https:\/\/sheilahughmackay.ca\/wp-content\/uploads\/2020\/08\/NBMR-Kayle-Enos-Mat-ExaminationMoncton-2016-1024x768.jpg 1024w, https:\/\/sheilahughmackay.ca\/wp-content\/uploads\/2020\/08\/NBMR-Kayle-Enos-Mat-ExaminationMoncton-2016-360x270.jpg 360w, https:\/\/sheilahughmackay.ca\/wp-content\/uploads\/2020\/08\/NBMR-Kayle-Enos-Mat-ExaminationMoncton-2016-768x576.jpg 768w, https:\/\/sheilahughmackay.ca\/wp-content\/uploads\/2020\/08\/NBMR-Kayle-Enos-Mat-ExaminationMoncton-2016-1536x1152.jpg 1536w, https:\/\/sheilahughmackay.ca\/wp-content\/uploads\/2020\/08\/NBMR-Kayle-Enos-Mat-ExaminationMoncton-2016-2048x1536.jpg 2048w, https:\/\/sheilahughmackay.ca\/wp-content\/uploads\/2020\/08\/NBMR-Kayle-Enos-Mat-ExaminationMoncton-2016-285x214.jpg 285w\" sizes=\"(max-width: 640px) 100vw, 640px\" \/><p id=\"caption-attachment-7005\" class=\"wp-caption-text\">NBMR Kayle Eno&#8217;s Mat Examination Moncton 2016<br \/>Left to right: Peter Larocque NBM, Marielle Poirier, NBMR, Doris Norman, NBMR, Lois MacDonald, NBMR<\/p><\/div><\/p>\n<p>La SHMF est fi\u00e8re de devenir un commanditaire principal de l&#8217;exposition virtuelle permanente le patrimoine de tapis hook\u00e9s du Nouveau-Brunswick Bas\u00e9e sur un projet pluriannuel documentant plus de 600 nattes \u00e0 crochets du patrimoine du Nouveau-Brunswick, cette exposition pr\u00e9servera et interpr\u00e9tera un artisanat du patrimoine du Nouveau-Brunswick. Cette exposition \u00e9largira la connaissance et l&#8217;appr\u00e9ciation de la forme d&#8217;art elle-m\u00eame, ainsi que des personnes cr\u00e9atives derri\u00e8re les nattes. Ce sera une ressource importante pour les chercheurs et les cr\u00e9ateurs contemporains qui participent \u00e0 la renaissance mondiale des arts de la fibre.<\/p>\n<div id=\"attachment_7004\" style=\"width: 370px\" class=\"wp-caption alignleft\"><img aria-describedby=\"caption-attachment-7004\" loading=\"lazy\" class=\"wp-image-7004 size-medium\" src=\"https:\/\/sheilahughmackay.ca\/wp-content\/uploads\/2020\/08\/Laura-Babineau-with-Marielle-Poirier-360x270.jpg\" alt=\"Laura Babineau with Marielle Poirier\" width=\"360\" height=\"270\" srcset=\"https:\/\/sheilahughmackay.ca\/wp-content\/uploads\/2020\/08\/Laura-Babineau-with-Marielle-Poirier-360x270.jpg 360w, https:\/\/sheilahughmackay.ca\/wp-content\/uploads\/2020\/08\/Laura-Babineau-with-Marielle-Poirier-1024x768.jpg 1024w, https:\/\/sheilahughmackay.ca\/wp-content\/uploads\/2020\/08\/Laura-Babineau-with-Marielle-Poirier-768x576.jpg 768w, https:\/\/sheilahughmackay.ca\/wp-content\/uploads\/2020\/08\/Laura-Babineau-with-Marielle-Poirier-1536x1152.jpg 1536w, https:\/\/sheilahughmackay.ca\/wp-content\/uploads\/2020\/08\/Laura-Babineau-with-Marielle-Poirier-2048x1536.jpg 2048w, https:\/\/sheilahughmackay.ca\/wp-content\/uploads\/2020\/08\/Laura-Babineau-with-Marielle-Poirier-285x214.jpg 285w\" sizes=\"(max-width: 360px) 100vw, 360px\" \/><p id=\"caption-attachment-7004\" class=\"wp-caption-text\">Laura Babineau with Marielle Poirier<\/p><\/div>\n<p>SHMF salue les efforts de beaucoup de ceux qui ont travaill\u00e9 pour cr\u00e9er une archive d&#8217;informations sur l&#8217;accrochage de tapis et les personnes cr\u00e9atives derri\u00e8re les tapis. Les copr\u00e9sidentes du registre des tapis du Nouveau-Brunswick, Judy Morrison et MIrielle Poirier, ont dirig\u00e9 une \u00e9quipe d\u00e9vou\u00e9e de b\u00e9n\u00e9voles dans la collecte de donn\u00e9es pour une exposition virtuelle permanente sur le site Web du Mus\u00e9e du Nouveau-Brunswick. Il pr\u00e9sentera des informations sur les tapis, des images et des histoires, y compris des vid\u00e9os d&#8217;entretiens oraux, un module \u00e9ducatif sur les tapis artisanaux. \u00abCela a favoris\u00e9 un sentiment renouvel\u00e9 de fiert\u00e9 et de compr\u00e9hension des fabricants de tapis, de leurs motivations, de leurs talents et de leurs contributions uniques \u00e0 l&#8217;histoire du Nouveau-Brunswick\u00bb, dit Judy Morison.<\/p>\n<p>Les subventions Signature sont accord\u00e9es pour soutenir des projets importants et opportuns qui sont importants pour les arts visuels du Nouveau-Brunswick.<\/p>\n<p><strong>&gt;<\/strong> <a href=\"https:\/\/www.nbm-mnb.ca\/fr\/la-fondation-sheila-hugh-mackay-fait-un-don-au-registre-des-tapis-du-nouveau-brunswick\/\" target=\"_blank\" rel=\"noopener noreferrer\">Mus\u00e9e du Nouveau-Brunswick &#8211; La Fondation Sheila Hugh Mackay fait un don au Registre des tapis du Nouveau-Brunswick<\/a><\/p>","protected":false},"excerpt":{"rendered":"<p>La SHMF est fi\u00e8re de devenir un commanditaire principal de l&#8217;exposition virtuelle permanente le patrimoine de tapis hook\u00e9s du Nouveau-Brunswick Bas\u00e9e sur un projet pluriannuel documentant plus de 600 nattes \u00e0 crochets du patrimoine du Nouveau-Brunswick, cette exposition pr\u00e9servera et interpr\u00e9tera un artisanat du patrimoine du Nouveau-Brunswick. Cette exposition \u00e9largira la connaissance et l&#8217;appr\u00e9ciation de<a href=\"https:\/\/sheilahughmackay.ca\/fr\/subventions\/subventions-signature\/faire-decouvrir-le-patrimoine-de-tapis-hookes-du-nouveau-brunswick-creation-dune-exposition-virtuelle-permanente\/\">[&#8230;]<\/a><\/p>\n","protected":false},"author":1,"featured_media":0,"parent":3615,"menu_order":0,"comment_status":"closed","ping_status":"closed","template":"","meta":[],"_links":{"self":[{"href":"https:\/\/sheilahughmackay.ca\/fr\/wp-json\/wp\/v2\/pages\/7003"}],"collection":[{"href":"https:\/\/sheilahughmackay.ca\/fr\/wp-json\/wp\/v2\/pages"}],"about":[{"href":"https:\/\/sheilahughmackay.ca\/fr\/wp-json\/wp\/v2\/types\/page"}],"author":[{"embeddable":true,"href":"https:\/\/sheilahughmackay.ca\/fr\/wp-json\/wp\/v2\/users\/1"}],"replies":[{"embeddable":true,"href":"https:\/\/sheilahughmackay.ca\/fr\/wp-json\/wp\/v2\/comments?post=7003"}],"version-history":[{"count":6,"href":"https:\/\/sheilahughmackay.ca\/fr\/wp-json\/wp\/v2\/pages\/7003\/revisions"}],"predecessor-version":[{"id":7015,"href":"https:\/\/sheilahughmackay.ca\/fr\/wp-json\/wp\/v2\/pages\/7003\/revisions\/7015"}],"up":[{"embeddable":true,"href":"https:\/\/sheilahughmackay.ca\/fr\/wp-json\/wp\/v2\/pages\/3615"}],"wp:attachment":[{"href":"https:\/\/sheilahughmackay.ca\/fr\/wp-json\/wp\/v2\/media?parent=7003"}],"curies":[{"name":"wp","href":"https:\/\/api.w.org\/{rel}","templated":true}]}}