{"id":72,"date":"2010-12-02T15:04:20","date_gmt":"2010-12-02T19:04:20","guid":{"rendered":"http:\/\/sheilahughmackay.com\/shmf\/"},"modified":"2016-10-04T14:38:38","modified_gmt":"2016-10-04T17:38:38","slug":"the-jury-process","status":"publish","type":"page","link":"https:\/\/sheilahughmackay.ca\/fr\/fondation\/le-processus-du-jury\/","title":{"rendered":"Processus de jury"},"content":{"rendered":"<p><\/p>\n<p class=\"western\" lang=\"fr-CA\">La Fondation Sheila Hugh Mackay place l\u2019\u00e9valuation professionnelle de la qualification au c\u0153ur de ses programmes de prix et de bourses. \u00c0 cet effet, elle s\u2019appuie sur une expertise confirm\u00e9e \u00e0 l\u2019\u00e9chelle nationale, internationale et provinciale.<\/p>\n<p class=\"western\" lang=\"fr-CA\">L\u2019\u00e9valuation des candidatures et des demandes par un jury mis sur pied avec l&#8217;aide et les recommandations d\u2019organismes gouvernementaux, \u00e9ducatifs et professionnels nationaux et provinciaux. L\u2019impartialit\u00e9 est assur\u00e9e par l\u2019utilisation de proc\u00e9dures officielles concernant la divulgation li\u00e9e aux conflits d\u2019int\u00e9r\u00eats. La proc\u00e9dure relative \u00e0 la s\u00e9lection du jury a \u00e9t\u00e9 revue par le Conseil des arts du Canada en 2009 et fait l\u2019objet d\u2019un examen scrupuleux dans le cadre du cycle bisannuel de planification strat\u00e9gique de la Fondation.<\/p>\n<p class=\"western\" lang=\"fr-CA\">Le conseil d&#8217;administration respecte les choix du jury pour l\u2019ensemble de ses programmes de prix et de bourses.<\/p>\n<p class=\"western\" lang=\"fr-CA\">La Fondation se r\u00e9serve le droit de refuser les candidatures et les demandes qui ne respectent pas les crit\u00e8res publi\u00e9s ou les dates limites de d\u00e9p\u00f4t.<\/p>\n<ul>\n<li>Tous les postes sur <a title=\"Aller \u00e0 la cat\u00e9gorie les Prix\" href=\"http:\/\/sheilahughmackay.ca\/\/fr\/?cat=11\">nos prix<\/a><\/li>\n<li>Tous les postes sur <a title=\"Aller \u00e0 la cat\u00e9gorie Jury pour les Prix\" href=\"http:\/\/sheilahughmackay.ca\/\/fr\/?cat=54\">le Jury pour les Prix<\/a><\/li>\n<li>Tous les postes sur <a title=\"Aller \u00e0 la cat\u00e9gorie D\u00e9claration du jury Strathbutler\" href=\"http:\/\/sheilahughmackay.ca\/\/fr\/?cat=41\">le D\u00e9claration du jury Strathbutler<\/a><\/li>\n<li>Tous les postes sur <a title=\"Aller \u00e0 la cat\u00e9gorie D\u00e9claration du jury Nel Oudemans\" href=\"http:\/\/sheilahughmackay.ca\/\/fr\/?cat=24\">le D\u00e9claration du jury Nel Oudemans<\/a><\/li>\n<li>Tous les postes sur <a href=\"http:\/\/sheilahughmackay.ca\/\/fr\/?cat=161\">le D\u00e9claration du jury la bourse d\u2019excellence Allain<\/a><\/li>\n<\/ul>\n<p><\/p>","protected":false},"excerpt":{"rendered":"<p>La Fondation Sheila Hugh Mackay place l\u2019\u00e9valuation professionnelle de la qualification au c\u0153ur de ses programmes de prix et de bourses. \u00c0 cet effet, elle s\u2019appuie sur une expertise confirm\u00e9e \u00e0 l\u2019\u00e9chelle nationale, internationale et provinciale. L\u2019\u00e9valuation des candidatures et des demandes par un jury mis sur pied avec l&#8217;aide et les recommandations d\u2019organismes gouvernementaux,<a href=\"https:\/\/sheilahughmackay.ca\/fr\/fondation\/le-processus-du-jury\/\">[&#8230;]<\/a><\/p>\n","protected":false},"author":1,"featured_media":0,"parent":5,"menu_order":5,"comment_status":"closed","ping_status":"closed","template":"","meta":[],"_links":{"self":[{"href":"https:\/\/sheilahughmackay.ca\/fr\/wp-json\/wp\/v2\/pages\/72"}],"collection":[{"href":"https:\/\/sheilahughmackay.ca\/fr\/wp-json\/wp\/v2\/pages"}],"about":[{"href":"https:\/\/sheilahughmackay.ca\/fr\/wp-json\/wp\/v2\/types\/page"}],"author":[{"embeddable":true,"href":"https:\/\/sheilahughmackay.ca\/fr\/wp-json\/wp\/v2\/users\/1"}],"replies":[{"embeddable":true,"href":"https:\/\/sheilahughmackay.ca\/fr\/wp-json\/wp\/v2\/comments?post=72"}],"version-history":[{"count":6,"href":"https:\/\/sheilahughmackay.ca\/fr\/wp-json\/wp\/v2\/pages\/72\/revisions"}],"predecessor-version":[{"id":5338,"href":"https:\/\/sheilahughmackay.ca\/fr\/wp-json\/wp\/v2\/pages\/72\/revisions\/5338"}],"up":[{"embeddable":true,"href":"https:\/\/sheilahughmackay.ca\/fr\/wp-json\/wp\/v2\/pages\/5"}],"wp:attachment":[{"href":"https:\/\/sheilahughmackay.ca\/fr\/wp-json\/wp\/v2\/media?parent=72"}],"curies":[{"name":"wp","href":"https:\/\/api.w.org\/{rel}","templated":true}]}}