{"id":7237,"date":"2020-12-08T15:12:17","date_gmt":"2020-12-08T19:12:17","guid":{"rendered":"https:\/\/sheilahughmackay.ca\/?page_id=7237"},"modified":"2020-12-08T15:23:15","modified_gmt":"2020-12-08T19:23:15","slug":"2020-sheilas","status":"publish","type":"page","link":"https:\/\/sheilahughmackay.ca\/fr\/subventions\/les-sheila\/2020-sheilas\/","title":{"rendered":"2020 Sheilas"},"content":{"rendered":"<p>En 2020, l&#8217;objectif des subventions de facilitation,\u00abThe Sheila\u2019s\u00bb \u00a0, \u00a0\u00e9tait la publication d&#8217;examens analytiques bien document\u00e9s du travail d&#8217;artistes du Nouveau-Brunswick. Trois subventions majeures ont \u00e9t\u00e9 accord\u00e9es sur la recommandation de comit\u00e9s d&#8217;\u00e9valuation ind\u00e9pendants pour aider les organismes artistiques \u00e0 r\u00e9aliser des publications imprim\u00e9es.<\/p>\n<p><strong>Created Here Magazine<\/strong><\/p>\n<p>Created Here est une nouvelle publication trimestrielle \u00e0 but non lucratif consacr\u00e9e \u00e0 un m\u00e9lange d&#8217;histoires \u00e0 la premi\u00e8re personne, d&#8217;\u00e9criture artistique critique, de superbes visuels et d&#8217;essais bas\u00e9s sur la recherche qui d\u00e9couvrent des histoires d&#8217;artistes visuels, d&#8217;artisans et de designers du Nouveau-Brunswick. Les histoires en anglais et en fran\u00e7ais \u00e9l\u00e8vent les cr\u00e9ateurs locaux et cultivent une communaut\u00e9 artistique connect\u00e9e.<\/p>\n<div id='gallery-2' class='gallery galleryid-7237 gallery-columns-5 gallery-size-thumbnail'><figure class='gallery-item'>\n\t\t\t<div class='gallery-icon landscape'>\n\t\t\t\t<a href='https:\/\/sheilahughmackay.ca\/wp-content\/uploads\/2020\/12\/Created-Here-Issues.jpg'><img width=\"170\" height=\"170\" src=\"https:\/\/sheilahughmackay.ca\/wp-content\/uploads\/2020\/12\/Created-Here-Issues-170x170.jpg\" class=\"attachment-thumbnail size-thumbnail\" alt=\"\" loading=\"lazy\" srcset=\"https:\/\/sheilahughmackay.ca\/wp-content\/uploads\/2020\/12\/Created-Here-Issues-170x170.jpg 170w, https:\/\/sheilahughmackay.ca\/wp-content\/uploads\/2020\/12\/Created-Here-Issues-73x73.jpg 73w, https:\/\/sheilahughmackay.ca\/wp-content\/uploads\/2020\/12\/Created-Here-Issues-150x150.jpg 150w, https:\/\/sheilahughmackay.ca\/wp-content\/uploads\/2020\/12\/Created-Here-Issues-174x174.jpg 174w, https:\/\/sheilahughmackay.ca\/wp-content\/uploads\/2020\/12\/Created-Here-Issues-250x250.jpg 250w, https:\/\/sheilahughmackay.ca\/wp-content\/uploads\/2020\/12\/Created-Here-Issues-45x45.jpg 45w\" sizes=\"(max-width: 170px) 100vw, 170px\" \/><\/a>\n\t\t\t<\/div><\/figure><figure class='gallery-item'>\n\t\t\t<div class='gallery-icon landscape'>\n\t\t\t\t<a href='https:\/\/sheilahughmackay.ca\/wp-content\/uploads\/2020\/12\/Created-Here-Issue-14-Sylvie-Pilotte-Spread-scaled.jpg'><img width=\"170\" height=\"170\" src=\"https:\/\/sheilahughmackay.ca\/wp-content\/uploads\/2020\/12\/Created-Here-Issue-14-Sylvie-Pilotte-Spread-170x170.jpg\" class=\"attachment-thumbnail size-thumbnail\" alt=\"\" loading=\"lazy\" srcset=\"https:\/\/sheilahughmackay.ca\/wp-content\/uploads\/2020\/12\/Created-Here-Issue-14-Sylvie-Pilotte-Spread-170x170.jpg 170w, https:\/\/sheilahughmackay.ca\/wp-content\/uploads\/2020\/12\/Created-Here-Issue-14-Sylvie-Pilotte-Spread-73x73.jpg 73w, https:\/\/sheilahughmackay.ca\/wp-content\/uploads\/2020\/12\/Created-Here-Issue-14-Sylvie-Pilotte-Spread-150x150.jpg 150w, https:\/\/sheilahughmackay.ca\/wp-content\/uploads\/2020\/12\/Created-Here-Issue-14-Sylvie-Pilotte-Spread-174x174.jpg 174w, https:\/\/sheilahughmackay.ca\/wp-content\/uploads\/2020\/12\/Created-Here-Issue-14-Sylvie-Pilotte-Spread-250x250.jpg 250w, https:\/\/sheilahughmackay.ca\/wp-content\/uploads\/2020\/12\/Created-Here-Issue-14-Sylvie-Pilotte-Spread-45x45.jpg 45w\" sizes=\"(max-width: 170px) 100vw, 170px\" \/><\/a>\n\t\t\t<\/div><\/figure><figure class='gallery-item'>\n\t\t\t<div class='gallery-icon portrait'>\n\t\t\t\t<a href='https:\/\/sheilahughmackay.ca\/wp-content\/uploads\/2020\/12\/Created-Here-Issue-14-Ode-to-Studios-Cover2.jpg'><img width=\"170\" height=\"170\" src=\"https:\/\/sheilahughmackay.ca\/wp-content\/uploads\/2020\/12\/Created-Here-Issue-14-Ode-to-Studios-Cover2-170x170.jpg\" class=\"attachment-thumbnail size-thumbnail\" alt=\"\" loading=\"lazy\" srcset=\"https:\/\/sheilahughmackay.ca\/wp-content\/uploads\/2020\/12\/Created-Here-Issue-14-Ode-to-Studios-Cover2-170x170.jpg 170w, https:\/\/sheilahughmackay.ca\/wp-content\/uploads\/2020\/12\/Created-Here-Issue-14-Ode-to-Studios-Cover2-73x73.jpg 73w, https:\/\/sheilahughmackay.ca\/wp-content\/uploads\/2020\/12\/Created-Here-Issue-14-Ode-to-Studios-Cover2-150x150.jpg 150w, https:\/\/sheilahughmackay.ca\/wp-content\/uploads\/2020\/12\/Created-Here-Issue-14-Ode-to-Studios-Cover2-174x174.jpg 174w, https:\/\/sheilahughmackay.ca\/wp-content\/uploads\/2020\/12\/Created-Here-Issue-14-Ode-to-Studios-Cover2-250x250.jpg 250w, https:\/\/sheilahughmackay.ca\/wp-content\/uploads\/2020\/12\/Created-Here-Issue-14-Ode-to-Studios-Cover2-45x45.jpg 45w\" sizes=\"(max-width: 170px) 100vw, 170px\" \/><\/a>\n\t\t\t<\/div><\/figure><figure class='gallery-item'>\n\t\t\t<div class='gallery-icon portrait'>\n\t\t\t\t<a href='https:\/\/sheilahughmackay.ca\/wp-content\/uploads\/2020\/12\/Created-Here-Magazine_Enviro-Cover2.jpg'><img width=\"170\" height=\"170\" src=\"https:\/\/sheilahughmackay.ca\/wp-content\/uploads\/2020\/12\/Created-Here-Magazine_Enviro-Cover2-170x170.jpg\" class=\"attachment-thumbnail size-thumbnail\" alt=\"\" loading=\"lazy\" srcset=\"https:\/\/sheilahughmackay.ca\/wp-content\/uploads\/2020\/12\/Created-Here-Magazine_Enviro-Cover2-170x170.jpg 170w, https:\/\/sheilahughmackay.ca\/wp-content\/uploads\/2020\/12\/Created-Here-Magazine_Enviro-Cover2-73x73.jpg 73w, https:\/\/sheilahughmackay.ca\/wp-content\/uploads\/2020\/12\/Created-Here-Magazine_Enviro-Cover2-150x150.jpg 150w, https:\/\/sheilahughmackay.ca\/wp-content\/uploads\/2020\/12\/Created-Here-Magazine_Enviro-Cover2-174x174.jpg 174w, https:\/\/sheilahughmackay.ca\/wp-content\/uploads\/2020\/12\/Created-Here-Magazine_Enviro-Cover2-250x250.jpg 250w, https:\/\/sheilahughmackay.ca\/wp-content\/uploads\/2020\/12\/Created-Here-Magazine_Enviro-Cover2-45x45.jpg 45w\" sizes=\"(max-width: 170px) 100vw, 170px\" \/><\/a>\n\t\t\t<\/div><\/figure><figure class='gallery-item'>\n\t\t\t<div class='gallery-icon landscape'>\n\t\t\t\t<a href='https:\/\/sheilahughmackay.ca\/wp-content\/uploads\/2020\/12\/Created-Here-Ann-Manuel-Enviro-Contributor_1.jpg'><img width=\"170\" height=\"170\" src=\"https:\/\/sheilahughmackay.ca\/wp-content\/uploads\/2020\/12\/Created-Here-Ann-Manuel-Enviro-Contributor_1-170x170.jpg\" class=\"attachment-thumbnail size-thumbnail\" alt=\"\" loading=\"lazy\" srcset=\"https:\/\/sheilahughmackay.ca\/wp-content\/uploads\/2020\/12\/Created-Here-Ann-Manuel-Enviro-Contributor_1-170x170.jpg 170w, https:\/\/sheilahughmackay.ca\/wp-content\/uploads\/2020\/12\/Created-Here-Ann-Manuel-Enviro-Contributor_1-73x73.jpg 73w, https:\/\/sheilahughmackay.ca\/wp-content\/uploads\/2020\/12\/Created-Here-Ann-Manuel-Enviro-Contributor_1-150x150.jpg 150w, https:\/\/sheilahughmackay.ca\/wp-content\/uploads\/2020\/12\/Created-Here-Ann-Manuel-Enviro-Contributor_1-174x174.jpg 174w, https:\/\/sheilahughmackay.ca\/wp-content\/uploads\/2020\/12\/Created-Here-Ann-Manuel-Enviro-Contributor_1-250x250.jpg 250w, https:\/\/sheilahughmackay.ca\/wp-content\/uploads\/2020\/12\/Created-Here-Ann-Manuel-Enviro-Contributor_1-45x45.jpg 45w\" sizes=\"(max-width: 170px) 100vw, 170px\" \/><\/a>\n\t\t\t<\/div><\/figure>\n\t\t<\/div>\n\n<p>&nbsp;<\/p>\n<p>&nbsp;&nbsp;&nbsp;&nbsp;&nbsp;&nbsp;&nbsp;<\/p>\n<p><strong>Andrew and Laura McCain Art Gallery<\/strong><\/p>\n<p>Bas\u00e9 sur un atelier de conservation et d&#8217;\u00e9criture critique en septembre 2019, une publication en couleur avec le titre provisoire Thicker Than Water pr\u00e9sentera un regard en profondeur sur 3 artistes du Nouveau-Brunswick, Istvan Zsako, David Zsako et Anna Torma. Travaillant en partenariat avec la Owens Art Gallery, la publication sera publi\u00e9e en conjonction avec une grande exposition itin\u00e9rante nationale de l&#8217;\u0153uvre d&#8217;Anna Torma. Cet examen du milieu cr\u00e9atif de cette famille artistique approfondira l&#8217;appr\u00e9ciation et la compr\u00e9hension des 3 artistes.<\/p>\n<p>&nbsp;<\/p>\n<p><strong>Third Space Artist Run Centre<\/strong><\/p>\n<p>Third Space, en partenariat avec l&#8217;association environnementale \u00e0 but non lucratif, le Programme d&#8217;action c\u00f4tier de l&#8217;Atlantique (ACAP) a re\u00e7u un soutien pour la publication Shorelines. La publication est un m\u00e9lange cr\u00e9atif d&#8217;\u00e9criture cr\u00e9ative, d&#8217;essais, de photographie et de dessin d\u00e9di\u00e9 aux menaces et aux d\u00e9fis du changement environnemental. De plus, la galerie accueillera une s\u00e9rie de programmes associ\u00e9s au lancement du livre qui offriront au public l&#8217;occasion d&#8217;un engagement plus profond avec le contenu visuel et les artistes qui l&#8217;ont produit.<\/p>","protected":false},"excerpt":{"rendered":"<p>En 2020, l&#8217;objectif des subventions de facilitation,\u00abThe Sheila\u2019s\u00bb \u00a0, \u00a0\u00e9tait la publication d&#8217;examens analytiques bien document\u00e9s du travail d&#8217;artistes du Nouveau-Brunswick. Trois subventions majeures ont \u00e9t\u00e9 accord\u00e9es sur la recommandation de comit\u00e9s d&#8217;\u00e9valuation ind\u00e9pendants pour aider les organismes artistiques \u00e0 r\u00e9aliser des publications imprim\u00e9es. Created Here Magazine Created Here est une nouvelle publication trimestrielle \u00e0<a href=\"https:\/\/sheilahughmackay.ca\/fr\/subventions\/les-sheila\/2020-sheilas\/\">[&#8230;]<\/a><\/p>\n","protected":false},"author":1,"featured_media":0,"parent":2902,"menu_order":0,"comment_status":"closed","ping_status":"closed","template":"","meta":[],"_links":{"self":[{"href":"https:\/\/sheilahughmackay.ca\/fr\/wp-json\/wp\/v2\/pages\/7237"}],"collection":[{"href":"https:\/\/sheilahughmackay.ca\/fr\/wp-json\/wp\/v2\/pages"}],"about":[{"href":"https:\/\/sheilahughmackay.ca\/fr\/wp-json\/wp\/v2\/types\/page"}],"author":[{"embeddable":true,"href":"https:\/\/sheilahughmackay.ca\/fr\/wp-json\/wp\/v2\/users\/1"}],"replies":[{"embeddable":true,"href":"https:\/\/sheilahughmackay.ca\/fr\/wp-json\/wp\/v2\/comments?post=7237"}],"version-history":[{"count":9,"href":"https:\/\/sheilahughmackay.ca\/fr\/wp-json\/wp\/v2\/pages\/7237\/revisions"}],"predecessor-version":[{"id":7253,"href":"https:\/\/sheilahughmackay.ca\/fr\/wp-json\/wp\/v2\/pages\/7237\/revisions\/7253"}],"up":[{"embeddable":true,"href":"https:\/\/sheilahughmackay.ca\/fr\/wp-json\/wp\/v2\/pages\/2902"}],"wp:attachment":[{"href":"https:\/\/sheilahughmackay.ca\/fr\/wp-json\/wp\/v2\/media?parent=7237"}],"curies":[{"name":"wp","href":"https:\/\/api.w.org\/{rel}","templated":true}]}}