{"id":7271,"date":"2020-12-08T16:52:09","date_gmt":"2020-12-08T20:52:09","guid":{"rendered":"https:\/\/sheilahughmackay.ca\/?page_id=7271"},"modified":"2023-06-22T17:42:01","modified_gmt":"2023-06-22T20:42:01","slug":"margaret-woodson-nae-mentorship","status":"publish","type":"page","link":"https:\/\/sheilahughmackay.ca\/fr\/programme-de-bourses\/mentorat-margaret-woodson-nea\/","title":{"rendered":"Mentorat Margaret Woodson Nea"},"content":{"rendered":"<p><strong>La Fondation Sheila Hugh MacKay appuie le perfectionnement professionnel dans le domaine des arts visuels <\/strong><\/p>\n<p>L\u2019acquisition de comp\u00e9tences et l\u2019aide \u00e0 l\u2019exploration et \u00e0 l\u2019innovation sont les valeurs fondamentales des programmes d\u2019avancement de carri\u00e8re de la Fondation Sheila Hugh MacKay. Le programme de mentorat Margaret Woodson Nea, qui repose sur la conviction que le mentorat interpersonnel organis\u00e9 en contextes \u00e0 la fois formels et informels offre des possibilit\u00e9s uniques aux artistes professionnels, fait partie de ces occasions d\u2019avancement de carri\u00e8re offertes par la Fondation Sheila Hugh Mackay.<\/p>\n<div id=\"attachment_7272\" style=\"width: 263px\" class=\"wp-caption alignright\"><img aria-describedby=\"caption-attachment-7272\" loading=\"lazy\" class=\"wp-image-7272 size-medium\" src=\"https:\/\/sheilahughmackay.ca\/wp-content\/uploads\/2020\/12\/Margaret-Woodson-Nae-photo-by-Freeman-Patterson-253x360.png\" alt=\"Margaret Woodson Nea\" width=\"253\" height=\"360\" srcset=\"https:\/\/sheilahughmackay.ca\/wp-content\/uploads\/2020\/12\/Margaret-Woodson-Nae-photo-by-Freeman-Patterson-253x360.png 253w, https:\/\/sheilahughmackay.ca\/wp-content\/uploads\/2020\/12\/Margaret-Woodson-Nae-photo-by-Freeman-Patterson.png 289w\" sizes=\"(max-width: 253px) 100vw, 253px\" \/><p id=\"caption-attachment-7272\" class=\"wp-caption-text\">Photo: Freeman Patterson<\/p><\/div>\n<p><strong>Programme de mentorat Margaret Woodson Nea<\/strong><\/p>\n<p>Le programme de mentorat Margaret Woodson Nea est n\u00e9 de la vision et de l\u2019engagement philanthropiques de Margaret Woodson Nea, photographe professionnelle, qui estime que \u00ab l\u2019\u00e9tablissement de relations personnelles uniques permet aux artistes d\u2019aller plus loin dans leur r\u00e9flexion cr\u00e9ative \u00bb. En l\u2019honneur de l\u2019impact que l\u2019artiste laur\u00e9at du prix Strathbutler, Freeman Patterson, a eu sur sa carri\u00e8re, M<sup>me<\/sup> Nea a collabor\u00e9 avec la Fondation Sheila Hugh MacKay \u00e0 la mise sur pied de possibilit\u00e9s de mentorat. Gr\u00e2ce au soutien et \u00e0 la vision de cette photographe professionnelle, la Fondation a lanc\u00e9, en 2013, un programme pilote de mentorat. En 2014 et 2015, M<sup>me<\/sup> Nea a accord\u00e9 un soutien financier suppl\u00e9mentaire pour rendre hommage \u00e0 deux autres Prix Strathbutler, Cathy Hooper et Marie H\u00e9l\u00e8ne Allain, qu\u2019elle consid\u00e8re toutes deux comme des mentores personnelles. En 2020, ces premi\u00e8res initiatives s\u2019\u00e9tant av\u00e9r\u00e9es fructueuses, le programme de mentorat Margaret Woodson Nea a \u00e9t\u00e9 int\u00e9gr\u00e9 de mani\u00e8re permanente \u00e0 la programmation en mati\u00e8re d\u2019avancement de carri\u00e8re de la Fondation Sheila Hugh MacKay. Nomm\u00e9 en l\u2019honneur d\u2019une grande protectrice des arts, ce programme rend un hommage durable \u00e0 son esprit de cr\u00e9atif.<\/p>\n<p><strong>Mentorats ant\u00e9rieurs<\/strong><\/p>\n<p>Des mentorats distincts et individuels ont \u00e9t\u00e9 attribu\u00e9s aux artistes suivants : Serge Richard, Deborah Payne, Ann Manuel, Vicky Lentz, Theresa MacKnight et Bonny Hill.<\/p>\n<p><strong>Comment manifester son int\u00e9r\u00eat<\/strong><\/p>\n<p>La Fondation Sheila Hugh MacKay attribuera p\u00e9riodiquement des mentorats Margaret Woodson Nea sur recommandation de son comit\u00e9 charg\u00e9 des programmes d\u2019avancement de carri\u00e8re. Ces mentorats seront octroy\u00e9s \u00e0 partir de propositions convaincantes de la part d\u2019artistes ou de mentors, sans exigence de dates limites de candidature. L\u2019\u00e9valuation se fera au cas par cas, compte tenu du potentiel d\u2019interaction professionnelle exceptionnelle. Le comit\u00e9 s\u2019int\u00e9ressera \u00e0 des propositions d\u2019artistes qui souhaitent explorer plus avant des id\u00e9es ou des techniques, sans n\u00e9cessairement viser la production d\u2019un ensemble d\u2019\u0153uvres. Un mentorat Margaret Woodson Nea doit offrir la promesse d\u2019un \u00e9panouissement personnel profond d\u00e9coulant d\u2019exp\u00e9riences partag\u00e9es entre artistes professionnels. Les propositions de mentorat devront obligatoirement faire \u00e9tat des raisons imp\u00e9rieuses qui justifient le soutien financier. Les manifestations d\u2019int\u00e9r\u00eat doivent \u00eatre adress\u00e9es \u00e0 :<\/p>\n<p><strong>Comit\u00e9 des programmes d\u2019avancement de carri\u00e8re de la FSHM<br \/>\n<\/strong><strong>C.P.\u00a0416, succ. principale<br \/>\n<\/strong><strong>Saint John (N.-B.)\u00a0 E2L 4L9<\/strong><\/p>\n<p><strong>Caract\u00e9ristiques des mentorats Margaret Woodson Nea<\/strong><\/p>\n<ul>\n<li>Les mentorats Margaret Woodson Nea favorisent des occasions exceptionnelles de collaboration.<\/li>\n<li>Les mentorats se font pendant une p\u00e9riode de changement, de croissance et de d\u00e9fi professionnels; ils sont uniques et personnels.<\/li>\n<li>Le mentorat est, \u00e0 la base, une p\u00e9riode d\u00e9termin\u00e9e d\u2019\u00e9changes cr\u00e9atifs, mais \u00e9volue g\u00e9n\u00e9ralement vers une relation durable et mutuellement enrichissante.<\/li>\n<li>Le mentorat permet d\u2019\u00e9largir naturellement son r\u00e9seau professionnel.<\/li>\n<li>Le mentorat s\u2019accompagne de la pr\u00e9paration de divers outils et documents\u00a0:\n<ul>\n<li>Une premi\u00e8re liste d\u2019objectifs et d\u2019attentes, \u00e9tablie par le mentor et le mentor\u00e9.<\/li>\n<li>Un calendrier de rencontres clairement d\u00e9fini, avec co\u00fbts connexes, est un \u00e9l\u00e9ment cl\u00e9.<\/li>\n<li>Un journal des interventions, pour suivre le processus de mentorat.<\/li>\n<li>Une comptabilit\u00e9 de toutes les d\u00e9penses li\u00e9es au mentorat, y compris les indemnit\u00e9s, les frais de d\u00e9placement et le mat\u00e9riel.<\/li>\n<\/ul>\n<\/li>\n<\/ul>\n<p><\/p>","protected":false},"excerpt":{"rendered":"<p>La Fondation Sheila Hugh MacKay appuie le perfectionnement professionnel dans le domaine des arts visuels L\u2019acquisition de comp\u00e9tences et l\u2019aide \u00e0 l\u2019exploration et \u00e0 l\u2019innovation sont les valeurs fondamentales des programmes d\u2019avancement de carri\u00e8re de la Fondation Sheila Hugh MacKay. Le programme de mentorat Margaret Woodson Nea, qui repose sur la conviction que le mentorat<a href=\"https:\/\/sheilahughmackay.ca\/fr\/programme-de-bourses\/mentorat-margaret-woodson-nea\/\">[&#8230;]<\/a><\/p>\n","protected":false},"author":1,"featured_media":0,"parent":76,"menu_order":0,"comment_status":"closed","ping_status":"closed","template":"","meta":[],"_links":{"self":[{"href":"https:\/\/sheilahughmackay.ca\/fr\/wp-json\/wp\/v2\/pages\/7271"}],"collection":[{"href":"https:\/\/sheilahughmackay.ca\/fr\/wp-json\/wp\/v2\/pages"}],"about":[{"href":"https:\/\/sheilahughmackay.ca\/fr\/wp-json\/wp\/v2\/types\/page"}],"author":[{"embeddable":true,"href":"https:\/\/sheilahughmackay.ca\/fr\/wp-json\/wp\/v2\/users\/1"}],"replies":[{"embeddable":true,"href":"https:\/\/sheilahughmackay.ca\/fr\/wp-json\/wp\/v2\/comments?post=7271"}],"version-history":[{"count":5,"href":"https:\/\/sheilahughmackay.ca\/fr\/wp-json\/wp\/v2\/pages\/7271\/revisions"}],"predecessor-version":[{"id":7894,"href":"https:\/\/sheilahughmackay.ca\/fr\/wp-json\/wp\/v2\/pages\/7271\/revisions\/7894"}],"up":[{"embeddable":true,"href":"https:\/\/sheilahughmackay.ca\/fr\/wp-json\/wp\/v2\/pages\/76"}],"wp:attachment":[{"href":"https:\/\/sheilahughmackay.ca\/fr\/wp-json\/wp\/v2\/media?parent=7271"}],"curies":[{"name":"wp","href":"https:\/\/api.w.org\/{rel}","templated":true}]}}