{"id":7887,"date":"2023-04-14T15:58:33","date_gmt":"2023-04-14T18:58:33","guid":{"rendered":"https:\/\/sheilahughmackay.ca\/?page_id=7887"},"modified":"2023-04-14T16:01:55","modified_gmt":"2023-04-14T19:01:55","slug":"audrey-pinnock","status":"publish","type":"page","link":"https:\/\/sheilahughmackay.ca\/fr\/programme-de-bourses\/bourse-fred-ross\/audrey-pinnock\/","title":{"rendered":"Audrey Pinnock"},"content":{"rendered":"<p><div id=\"attachment_7871\" style=\"width: 535px\" class=\"wp-caption aligncenter\"><img aria-describedby=\"caption-attachment-7871\" loading=\"lazy\" class=\"wp-image-7871\" src=\"https:\/\/sheilahughmackay.ca\/wp-content\/uploads\/2023\/04\/Audrey-Pinnock-360x240.jpg\" alt=\"\" width=\"525\" height=\"350\" srcset=\"https:\/\/sheilahughmackay.ca\/wp-content\/uploads\/2023\/04\/Audrey-Pinnock-360x240.jpg 360w, https:\/\/sheilahughmackay.ca\/wp-content\/uploads\/2023\/04\/Audrey-Pinnock-1024x683.jpg 1024w, https:\/\/sheilahughmackay.ca\/wp-content\/uploads\/2023\/04\/Audrey-Pinnock-768x512.jpg 768w, https:\/\/sheilahughmackay.ca\/wp-content\/uploads\/2023\/04\/Audrey-Pinnock-1536x1024.jpg 1536w, https:\/\/sheilahughmackay.ca\/wp-content\/uploads\/2023\/04\/Audrey-Pinnock-2048x1366.jpg 2048w, https:\/\/sheilahughmackay.ca\/wp-content\/uploads\/2023\/04\/Audrey-Pinnock-750x500.jpg 750w\" sizes=\"(max-width: 525px) 100vw, 525px\" \/><p id=\"caption-attachment-7871\" class=\"wp-caption-text\">Audrey Pinnock<\/p><\/div><\/p>\n<p><a href=\"https:\/\/sheilahughmackay.ca\/fr\/programme-de-bourses\/bourse-fred-ross\/\">La Bourse Fred Ross<\/a>\u00a02023 est attribu\u00e9e \u00e0 Audrey Anne Pinnock de la Stanley Consolidated High School. M<sup>me<\/sup>\u00a0Pinnock, qui a \u00e9t\u00e9 une leader \u00e9tudiante tout au long de ses \u00e9tudes secondaires, entrera \u00e0 la Toronto Metropolitan University (Ryerson) en septembre dans le but de se sp\u00e9cialiser en \u00e9tudes cin\u00e9matographiques. D\u2019une valeur de 8\u00a0000\u00a0dollars, cette bourse d\u2019une dur\u00e9e de quatre ans est un hommage permanent \u00e0 l\u2019artiste n\u00e9o-brunswickois Fred Ross.<\/p>","protected":false},"excerpt":{"rendered":"<p>La Bourse Fred Ross\u00a02023 est attribu\u00e9e \u00e0 Audrey Anne Pinnock de la Stanley Consolidated High School. Mme\u00a0Pinnock, qui a \u00e9t\u00e9 une leader \u00e9tudiante tout au long de ses \u00e9tudes secondaires, entrera \u00e0 la Toronto Metropolitan University (Ryerson) en septembre dans le but de se sp\u00e9cialiser en \u00e9tudes cin\u00e9matographiques. D\u2019une valeur de 8\u00a0000\u00a0dollars, cette bourse d\u2019une<a href=\"https:\/\/sheilahughmackay.ca\/fr\/programme-de-bourses\/bourse-fred-ross\/audrey-pinnock\/\">[&#8230;]<\/a><\/p>\n","protected":false},"author":1,"featured_media":0,"parent":91,"menu_order":0,"comment_status":"closed","ping_status":"closed","template":"","meta":[],"_links":{"self":[{"href":"https:\/\/sheilahughmackay.ca\/fr\/wp-json\/wp\/v2\/pages\/7887"}],"collection":[{"href":"https:\/\/sheilahughmackay.ca\/fr\/wp-json\/wp\/v2\/pages"}],"about":[{"href":"https:\/\/sheilahughmackay.ca\/fr\/wp-json\/wp\/v2\/types\/page"}],"author":[{"embeddable":true,"href":"https:\/\/sheilahughmackay.ca\/fr\/wp-json\/wp\/v2\/users\/1"}],"replies":[{"embeddable":true,"href":"https:\/\/sheilahughmackay.ca\/fr\/wp-json\/wp\/v2\/comments?post=7887"}],"version-history":[{"count":1,"href":"https:\/\/sheilahughmackay.ca\/fr\/wp-json\/wp\/v2\/pages\/7887\/revisions"}],"predecessor-version":[{"id":7888,"href":"https:\/\/sheilahughmackay.ca\/fr\/wp-json\/wp\/v2\/pages\/7887\/revisions\/7888"}],"up":[{"embeddable":true,"href":"https:\/\/sheilahughmackay.ca\/fr\/wp-json\/wp\/v2\/pages\/91"}],"wp:attachment":[{"href":"https:\/\/sheilahughmackay.ca\/fr\/wp-json\/wp\/v2\/media?parent=7887"}],"curies":[{"name":"wp","href":"https:\/\/api.w.org\/{rel}","templated":true}]}}