{"id":7907,"date":"2023-08-03T14:22:58","date_gmt":"2023-08-03T17:22:58","guid":{"rendered":"https:\/\/sheilahughmackay.ca\/?page_id=7907"},"modified":"2023-08-03T14:33:03","modified_gmt":"2023-08-03T17:33:03","slug":"dan-steeves","status":"publish","type":"page","link":"https:\/\/sheilahughmackay.ca\/fr\/fondation\/conseil-dadminisration\/dan-steeves\/","title":{"rendered":"Dan Steeves"},"content":{"rendered":"<p><div id=\"attachment_7904\" style=\"width: 296px\" class=\"wp-caption aligncenter\"><img aria-describedby=\"caption-attachment-7904\" loading=\"lazy\" class=\"size-medium wp-image-7904\" src=\"https:\/\/sheilahughmackay.ca\/wp-content\/uploads\/2023\/08\/Dan-Steeves-286x360.jpg\" alt=\"\" width=\"286\" height=\"360\" srcset=\"https:\/\/sheilahughmackay.ca\/wp-content\/uploads\/2023\/08\/Dan-Steeves-286x360.jpg 286w, https:\/\/sheilahughmackay.ca\/wp-content\/uploads\/2023\/08\/Dan-Steeves-813x1024.jpg 813w, https:\/\/sheilahughmackay.ca\/wp-content\/uploads\/2023\/08\/Dan-Steeves-768x967.jpg 768w, https:\/\/sheilahughmackay.ca\/wp-content\/uploads\/2023\/08\/Dan-Steeves-1219x1536.jpg 1219w, https:\/\/sheilahughmackay.ca\/wp-content\/uploads\/2023\/08\/Dan-Steeves-1626x2048.jpg 1626w, https:\/\/sheilahughmackay.ca\/wp-content\/uploads\/2023\/08\/Dan-Steeves-scaled.jpg 2032w\" sizes=\"(max-width: 286px) 100vw, 286px\" \/><p id=\"caption-attachment-7904\" class=\"wp-caption-text\">Dan Steeves, Chair<\/p><\/div><\/p>\n<p>Graveur et formateur, Dan Steeves a \u00e9t\u00e9 \u00e9lu pr\u00e9sident de la Fondation Sheila Hugh Mackay en 2023, mettant sa connaissance des pr\u00e9occupations en mati\u00e8re de carri\u00e8re professionnelle et sa passion pour la jeunesse au service de la gestion des programmes de la Fondation. Laur\u00e9at du prestigieux prix Elizabeth Greenshields et du Strathbutler, une distinction qui reconna\u00eet l\u2019excellence, M. Steeves a \u00e9galement remport\u00e9 la premi\u00e8re place du concours pour le prix national de l\u2019estampe d\u2019Open Studio. Il a \u00e9galement \u00e9t\u00e9 \u00e9lu \u00e0 l\u2019Acad\u00e9mie royale des arts du Canada. Son travail a fait l\u2019objet d\u2019expositions dans plusieurs pays d\u2019Asie et d\u2019Europe, notamment en Ukraine ainsi qu\u2019aux \u00c9tats-Unis et au Canada. On trouve ses images dans les banques d\u2019\u0153uvres d\u2019art du Conseil des Arts du Canada et du Nouveau-Brunswick, ainsi que dans des collections publiques, institutionnelles et priv\u00e9es. Dan Steeves a publi\u00e9 deux livres, The Bone Fields et The Light That Lives in Darkness, en plus d\u2019avoir fait para\u00eetre The Mutability of Knowing, une compilation d\u2019images r\u00e9unies dans un coffret et accompagn\u00e9es d\u2019essais, le tout imprim\u00e9 par Andrew Steeves de Gaspereau Press. Dan Steeves est repr\u00e9sent\u00e9 par la galerie Abbozzo de Toronto (Ontario) et la galerie Spicer Merrifield de Saint John (Nouveau-Brunswick).<\/p>\n<p>Aujourd\u2019hui \u00e0 la retraite de son poste de technicien en gravure au d\u00e9partement des beaux-arts de l\u2019Universit\u00e9 Mount Allison, Dan Steeves poursuit l\u2019enseignement \u00e0 temps partiel \u00e0 l\u2019\u00c9cole des beaux-arts Pierre Lassonde de l\u2019Universit\u00e9 Mount Allison, continuant d\u2019inspirer et d\u2019encadrer de jeunes artistes.<\/p>\n<p>Site web : <a href=\"http:\/\/www.dansteeves.com\" target=\"_blank\" rel=\"noopener\">www.dansteeves.com<\/a><\/p>","protected":false},"excerpt":{"rendered":"<p>Graveur et formateur, Dan Steeves a \u00e9t\u00e9 \u00e9lu pr\u00e9sident de la Fondation Sheila Hugh Mackay en 2023, mettant sa connaissance des pr\u00e9occupations en mati\u00e8re de carri\u00e8re professionnelle et sa passion pour la jeunesse au service de la gestion des programmes de la Fondation. Laur\u00e9at du prestigieux prix Elizabeth Greenshields et du Strathbutler, une distinction qui<a href=\"https:\/\/sheilahughmackay.ca\/fr\/fondation\/conseil-dadminisration\/dan-steeves\/\">[&#8230;]<\/a><\/p>\n","protected":false},"author":1,"featured_media":0,"parent":18,"menu_order":0,"comment_status":"closed","ping_status":"closed","template":"","meta":[],"_links":{"self":[{"href":"https:\/\/sheilahughmackay.ca\/fr\/wp-json\/wp\/v2\/pages\/7907"}],"collection":[{"href":"https:\/\/sheilahughmackay.ca\/fr\/wp-json\/wp\/v2\/pages"}],"about":[{"href":"https:\/\/sheilahughmackay.ca\/fr\/wp-json\/wp\/v2\/types\/page"}],"author":[{"embeddable":true,"href":"https:\/\/sheilahughmackay.ca\/fr\/wp-json\/wp\/v2\/users\/1"}],"replies":[{"embeddable":true,"href":"https:\/\/sheilahughmackay.ca\/fr\/wp-json\/wp\/v2\/comments?post=7907"}],"version-history":[{"count":2,"href":"https:\/\/sheilahughmackay.ca\/fr\/wp-json\/wp\/v2\/pages\/7907\/revisions"}],"predecessor-version":[{"id":7912,"href":"https:\/\/sheilahughmackay.ca\/fr\/wp-json\/wp\/v2\/pages\/7907\/revisions\/7912"}],"up":[{"embeddable":true,"href":"https:\/\/sheilahughmackay.ca\/fr\/wp-json\/wp\/v2\/pages\/18"}],"wp:attachment":[{"href":"https:\/\/sheilahughmackay.ca\/fr\/wp-json\/wp\/v2\/media?parent=7907"}],"curies":[{"name":"wp","href":"https:\/\/api.w.org\/{rel}","templated":true}]}}