{"id":7909,"date":"2023-08-03T14:24:28","date_gmt":"2023-08-03T17:24:28","guid":{"rendered":"https:\/\/sheilahughmackay.ca\/?page_id=7909"},"modified":"2023-08-03T14:24:28","modified_gmt":"2023-08-03T17:24:28","slug":"barbara-lee-white","status":"publish","type":"page","link":"https:\/\/sheilahughmackay.ca\/fr\/fondation\/conseil-dadminisration\/barbara-lee-white\/","title":{"rendered":"Barbara Lee-White"},"content":{"rendered":"<p><div id=\"attachment_7906\" style=\"width: 263px\" class=\"wp-caption aligncenter\"><img aria-describedby=\"caption-attachment-7906\" loading=\"lazy\" class=\"size-medium wp-image-7906\" src=\"https:\/\/sheilahughmackay.ca\/wp-content\/uploads\/2023\/08\/Barbara-Lee-White-253x360.jpg\" alt=\"\" width=\"253\" height=\"360\" srcset=\"https:\/\/sheilahughmackay.ca\/wp-content\/uploads\/2023\/08\/Barbara-Lee-White-253x360.jpg 253w, https:\/\/sheilahughmackay.ca\/wp-content\/uploads\/2023\/08\/Barbara-Lee-White-718x1024.jpg 718w, https:\/\/sheilahughmackay.ca\/wp-content\/uploads\/2023\/08\/Barbara-Lee-White-768x1095.jpg 768w, https:\/\/sheilahughmackay.ca\/wp-content\/uploads\/2023\/08\/Barbara-Lee-White-1078x1536.jpg 1078w, https:\/\/sheilahughmackay.ca\/wp-content\/uploads\/2023\/08\/Barbara-Lee-White.jpg 1159w\" sizes=\"(max-width: 253px) 100vw, 253px\" \/><p id=\"caption-attachment-7906\" class=\"wp-caption-text\">Barbara Lee-White<\/p><\/div><\/p>\n<p>En 2023, la Fondation Sheila Hugh Mackay a invit\u00e9 Barbara Lee-White \u00e0 se joindre \u00e0 son conseil d\u2019administration pour qu\u2019elle lui fasse profiter de sa vaste exp\u00e9rience en mati\u00e8re de ressources humaines, de planification strat\u00e9gique et de sensibilisation \u00e0 la culture mondiale. Son enthousiasme contagieux pour tout ce qui touche \u00e0 la cr\u00e9ativit\u00e9 et ses solides comp\u00e9tences en mati\u00e8re de gestion confortent le conseil d\u2019administration dans sa vision de faire de la Fondation une ressource pr\u00e9cieuse pour l\u2019avenir des arts visuels au Nouveau-Brunswick.<\/p>\n<p>Dipl\u00f4m\u00e9e de l\u2019Universit\u00e9 Saint Mary\u2019s \u00e0 Halifax, Barbara Lee-White est titulaire d\u2019un baccalaur\u00e9at en langues et civilisations modernes. Membre fondatrice du festival d\u2019artisanat de Rothesay et fid\u00e8le soutien de la Fondation tout au long de son \u00e9volution, elle activement d\u00e9fendu les arts tout au long de sa carri\u00e8re professionnelle. Elle a d\u00e9but\u00e9 sa carri\u00e8re comme agente de voyage de premi\u00e8re ligne avant d\u2019ouvrir, en 1985, Uniglobe Travel, \u00e0 Saint John, entreprise qu\u2019elle a exploit\u00e9e jusqu\u2019\u00e0 son rachat par Maritime Travel en 2013. Elle a si\u00e9g\u00e9 au conseil d\u2019administration de l\u2019Uniglobe Franchise Association repr\u00e9sentant le Canada atlantique et, plus tard, au conseil d\u2019administration de l\u2019Association canadienne des agences de voyages et des conseillers en voyages, tant \u00e0 l\u2019\u00e9chelle nationale qu\u2019\u00e0 la pr\u00e9sidence de la r\u00e9gion du Canada atlantique.<\/p>","protected":false},"excerpt":{"rendered":"<p>En 2023, la Fondation Sheila Hugh Mackay a invit\u00e9 Barbara Lee-White \u00e0 se joindre \u00e0 son conseil d\u2019administration pour qu\u2019elle lui fasse profiter de sa vaste exp\u00e9rience en mati\u00e8re de ressources humaines, de planification strat\u00e9gique et de sensibilisation \u00e0 la culture mondiale. Son enthousiasme contagieux pour tout ce qui touche \u00e0 la cr\u00e9ativit\u00e9 et ses<a href=\"https:\/\/sheilahughmackay.ca\/fr\/fondation\/conseil-dadminisration\/barbara-lee-white\/\">[&#8230;]<\/a><\/p>\n","protected":false},"author":1,"featured_media":0,"parent":18,"menu_order":0,"comment_status":"closed","ping_status":"closed","template":"","meta":[],"_links":{"self":[{"href":"https:\/\/sheilahughmackay.ca\/fr\/wp-json\/wp\/v2\/pages\/7909"}],"collection":[{"href":"https:\/\/sheilahughmackay.ca\/fr\/wp-json\/wp\/v2\/pages"}],"about":[{"href":"https:\/\/sheilahughmackay.ca\/fr\/wp-json\/wp\/v2\/types\/page"}],"author":[{"embeddable":true,"href":"https:\/\/sheilahughmackay.ca\/fr\/wp-json\/wp\/v2\/users\/1"}],"replies":[{"embeddable":true,"href":"https:\/\/sheilahughmackay.ca\/fr\/wp-json\/wp\/v2\/comments?post=7909"}],"version-history":[{"count":1,"href":"https:\/\/sheilahughmackay.ca\/fr\/wp-json\/wp\/v2\/pages\/7909\/revisions"}],"predecessor-version":[{"id":7910,"href":"https:\/\/sheilahughmackay.ca\/fr\/wp-json\/wp\/v2\/pages\/7909\/revisions\/7910"}],"up":[{"embeddable":true,"href":"https:\/\/sheilahughmackay.ca\/fr\/wp-json\/wp\/v2\/pages\/18"}],"wp:attachment":[{"href":"https:\/\/sheilahughmackay.ca\/fr\/wp-json\/wp\/v2\/media?parent=7909"}],"curies":[{"name":"wp","href":"https:\/\/api.w.org\/{rel}","templated":true}]}}