{"id":7916,"date":"2023-08-17T16:19:46","date_gmt":"2023-08-17T19:19:46","guid":{"rendered":"https:\/\/sheilahughmackay.ca\/?page_id=7916"},"modified":"2023-08-17T16:19:46","modified_gmt":"2023-08-17T19:19:46","slug":"erik-edson","status":"publish","type":"page","link":"https:\/\/sheilahughmackay.ca\/fr\/fondation\/conseil-dadminisration\/erik-edson\/","title":{"rendered":"Erik Edson"},"content":{"rendered":"<p><div id=\"attachment_7905\" style=\"width: 290px\" class=\"wp-caption aligncenter\"><img aria-describedby=\"caption-attachment-7905\" loading=\"lazy\" class=\"size-medium wp-image-7905\" src=\"https:\/\/sheilahughmackay.ca\/wp-content\/uploads\/2023\/08\/Erik-Edson-280x360.jpg\" alt=\"Erik Edson\" width=\"280\" height=\"360\" srcset=\"https:\/\/sheilahughmackay.ca\/wp-content\/uploads\/2023\/08\/Erik-Edson-280x360.jpg 280w, https:\/\/sheilahughmackay.ca\/wp-content\/uploads\/2023\/08\/Erik-Edson-798x1024.jpg 798w, https:\/\/sheilahughmackay.ca\/wp-content\/uploads\/2023\/08\/Erik-Edson-768x986.jpg 768w, https:\/\/sheilahughmackay.ca\/wp-content\/uploads\/2023\/08\/Erik-Edson-1196x1536.jpg 1196w, https:\/\/sheilahughmackay.ca\/wp-content\/uploads\/2023\/08\/Erik-Edson.jpg 1434w\" sizes=\"(max-width: 280px) 100vw, 280px\" \/><p id=\"caption-attachment-7905\" class=\"wp-caption-text\">Erik Edson<\/p><\/div><\/p>\n<p>Artiste et formateur, Erik Edson est entr\u00e9 au conseil d\u2019administration en 2023. Titutaire d\u2019une ma\u00eetrise en arts visuels \u00e0 l\u2019Universit\u00e9 de Windsor (Ontario) et d\u2019un baccalaur\u00e9at en beaux-arts \u00e0 l\u2019Universit\u00e9 Queen\u2019s (Kingston, Ontario), il enseigne \u00e0 son tour \u00e0 l\u2019\u00c9cole des beaux-arts Pierre Lassonde de l\u2019Universit\u00e9 Mount Allison, \u00e0 Sackville.<\/p>\n<p>Erik Edson se sert de la gravure pour exprimer sa cr\u00e9ativit\u00e9 et de l\u2019installation pour approfondir et explorer ses pr\u00e9occupations. B\u00e9n\u00e9ficiaire de plusieurs subventions du Conseil des arts du Canada et du Conseil des arts du Nouveau-Brunswick, cet artiste a remport\u00e9 le concours canadien de gravure, a \u00e9t\u00e9 finaliste et laur\u00e9at de la deuxi\u00e8me \u00e9dition des prix nationaux de la gravure Open Studio, en plus d\u2019avoir \u00e9t\u00e9 pr\u00e9s\u00e9lectionn\u00e9 pour le Sobey Art Award. Ses \u0153uvres font partie des collections de la Banque d\u2019\u0153uvres d\u2019art du Conseil des arts du Canada, de la Banque d\u2019\u0153uvres d\u2019art du Nouveau-Brunswick et du Whitney Museum of American Art (New York, \u00c9tats-Unis) ainsi que d\u2019autres collections publiques, priv\u00e9es et d\u2019entreprises. Sa r\u00e9putation d\u2019enseignant et de mentor inspirant et son exp\u00e9rience d\u2019artiste professionnel exposant dans tout le Canada font de lui un d\u00e9fenseur exceptionnel du travail de la Fondation Sheila Hugh Mackay.<\/p>","protected":false},"excerpt":{"rendered":"<p>Artiste et formateur, Erik Edson est entr\u00e9 au conseil d\u2019administration en 2023. Titutaire d\u2019une ma\u00eetrise en arts visuels \u00e0 l\u2019Universit\u00e9 de Windsor (Ontario) et d\u2019un baccalaur\u00e9at en beaux-arts \u00e0 l\u2019Universit\u00e9 Queen\u2019s (Kingston, Ontario), il enseigne \u00e0 son tour \u00e0 l\u2019\u00c9cole des beaux-arts Pierre Lassonde de l\u2019Universit\u00e9 Mount Allison, \u00e0 Sackville. Erik Edson se sert de<a href=\"https:\/\/sheilahughmackay.ca\/fr\/fondation\/conseil-dadminisration\/erik-edson\/\">[&#8230;]<\/a><\/p>\n","protected":false},"author":1,"featured_media":0,"parent":18,"menu_order":0,"comment_status":"closed","ping_status":"closed","template":"","meta":[],"_links":{"self":[{"href":"https:\/\/sheilahughmackay.ca\/fr\/wp-json\/wp\/v2\/pages\/7916"}],"collection":[{"href":"https:\/\/sheilahughmackay.ca\/fr\/wp-json\/wp\/v2\/pages"}],"about":[{"href":"https:\/\/sheilahughmackay.ca\/fr\/wp-json\/wp\/v2\/types\/page"}],"author":[{"embeddable":true,"href":"https:\/\/sheilahughmackay.ca\/fr\/wp-json\/wp\/v2\/users\/1"}],"replies":[{"embeddable":true,"href":"https:\/\/sheilahughmackay.ca\/fr\/wp-json\/wp\/v2\/comments?post=7916"}],"version-history":[{"count":1,"href":"https:\/\/sheilahughmackay.ca\/fr\/wp-json\/wp\/v2\/pages\/7916\/revisions"}],"predecessor-version":[{"id":7917,"href":"https:\/\/sheilahughmackay.ca\/fr\/wp-json\/wp\/v2\/pages\/7916\/revisions\/7917"}],"up":[{"embeddable":true,"href":"https:\/\/sheilahughmackay.ca\/fr\/wp-json\/wp\/v2\/pages\/18"}],"wp:attachment":[{"href":"https:\/\/sheilahughmackay.ca\/fr\/wp-json\/wp\/v2\/media?parent=7916"}],"curies":[{"name":"wp","href":"https:\/\/api.w.org\/{rel}","templated":true}]}}