{"id":7924,"date":"2023-08-30T13:43:28","date_gmt":"2023-08-30T16:43:28","guid":{"rendered":"https:\/\/sheilahughmackay.ca\/?page_id=7924"},"modified":"2023-08-31T22:25:54","modified_gmt":"2023-09-01T01:25:54","slug":"john-murchie","status":"publish","type":"page","link":"https:\/\/sheilahughmackay.ca\/fr\/artistes-strathbutler\/john-murchie\/","title":{"rendered":"John Murchie"},"content":{"rendered":"<p><div id='gallery-2' class='gallery galleryid-7924 gallery-columns-2 gallery-size-medium'><figure class='gallery-item'>\n\t\t\t<div class='gallery-icon landscape'>\n\t\t\t\t<a href='https:\/\/sheilahughmackay.ca\/wp-content\/uploads\/2023\/08\/John-Murchie-15JMMonumentstoInequality1993-2000.jpg'><img width=\"360\" height=\"240\" src=\"https:\/\/sheilahughmackay.ca\/wp-content\/uploads\/2023\/08\/John-Murchie-15JMMonumentstoInequality1993-2000-360x240.jpg\" class=\"attachment-medium size-medium\" alt=\"\" loading=\"lazy\" srcset=\"https:\/\/sheilahughmackay.ca\/wp-content\/uploads\/2023\/08\/John-Murchie-15JMMonumentstoInequality1993-2000-360x240.jpg 360w, https:\/\/sheilahughmackay.ca\/wp-content\/uploads\/2023\/08\/John-Murchie-15JMMonumentstoInequality1993-2000-1024x683.jpg 1024w, https:\/\/sheilahughmackay.ca\/wp-content\/uploads\/2023\/08\/John-Murchie-15JMMonumentstoInequality1993-2000-768x512.jpg 768w, https:\/\/sheilahughmackay.ca\/wp-content\/uploads\/2023\/08\/John-Murchie-15JMMonumentstoInequality1993-2000-1536x1024.jpg 1536w, https:\/\/sheilahughmackay.ca\/wp-content\/uploads\/2023\/08\/John-Murchie-15JMMonumentstoInequality1993-2000-750x500.jpg 750w, https:\/\/sheilahughmackay.ca\/wp-content\/uploads\/2023\/08\/John-Murchie-15JMMonumentstoInequality1993-2000.jpg 1900w\" sizes=\"(max-width: 360px) 100vw, 360px\" \/><\/a>\n\t\t\t<\/div><\/figure><figure class='gallery-item'>\n\t\t\t<div class='gallery-icon landscape'>\n\t\t\t\t<a href='https:\/\/sheilahughmackay.ca\/wp-content\/uploads\/2023\/08\/John-Murchie-12JMAbstraction11996.jpg'><img width=\"360\" height=\"240\" src=\"https:\/\/sheilahughmackay.ca\/wp-content\/uploads\/2023\/08\/John-Murchie-12JMAbstraction11996-360x240.jpg\" class=\"attachment-medium size-medium\" alt=\"\" loading=\"lazy\" srcset=\"https:\/\/sheilahughmackay.ca\/wp-content\/uploads\/2023\/08\/John-Murchie-12JMAbstraction11996-360x240.jpg 360w, https:\/\/sheilahughmackay.ca\/wp-content\/uploads\/2023\/08\/John-Murchie-12JMAbstraction11996-1024x683.jpg 1024w, https:\/\/sheilahughmackay.ca\/wp-content\/uploads\/2023\/08\/John-Murchie-12JMAbstraction11996-768x512.jpg 768w, https:\/\/sheilahughmackay.ca\/wp-content\/uploads\/2023\/08\/John-Murchie-12JMAbstraction11996-1536x1025.jpg 1536w, https:\/\/sheilahughmackay.ca\/wp-content\/uploads\/2023\/08\/John-Murchie-12JMAbstraction11996-750x500.jpg 750w, https:\/\/sheilahughmackay.ca\/wp-content\/uploads\/2023\/08\/John-Murchie-12JMAbstraction11996.jpg 1800w\" sizes=\"(max-width: 360px) 100vw, 360px\" \/><\/a>\n\t\t\t<\/div><\/figure>\n\t\t<\/div>\n<\/p>\n<div style=\"clear: both;\"><\/div>\n<p>&nbsp;<\/p>\n<div id=\"attachment_7925\" style=\"width: 280px\" class=\"wp-caption alignleft\"><img aria-describedby=\"caption-attachment-7925\" loading=\"lazy\" class=\"wp-image-7925 size-medium\" src=\"https:\/\/sheilahughmackay.ca\/wp-content\/uploads\/2023\/08\/John-Murchie_Headshot-270x360.jpg\" alt=\"John Murchie\" width=\"270\" height=\"360\" srcset=\"https:\/\/sheilahughmackay.ca\/wp-content\/uploads\/2023\/08\/John-Murchie_Headshot-270x360.jpg 270w, https:\/\/sheilahughmackay.ca\/wp-content\/uploads\/2023\/08\/John-Murchie_Headshot-767x1024.jpg 767w, https:\/\/sheilahughmackay.ca\/wp-content\/uploads\/2023\/08\/John-Murchie_Headshot-768x1025.jpg 768w, https:\/\/sheilahughmackay.ca\/wp-content\/uploads\/2023\/08\/John-Murchie_Headshot.jpg 959w\" sizes=\"(max-width: 270px) 100vw, 270px\" \/><p id=\"caption-attachment-7925\" class=\"wp-caption-text\">John Murchie<\/p><\/div>\n<p>Nous avons le plaisir de d\u00e9signer John Murchie comme laur\u00e9at du prix Strathbutler de cette ann\u00e9e. En plus de 50\u00a0ans d\u2019activit\u00e9 en tant qu\u2019artiste, conservateur, critique et administrateur, M.\u00a0Murchie s\u2019est consacr\u00e9 \u00e0 l\u2019\u00e9tude et \u00e0 la mise en place des conditions favorables \u00e0 la cr\u00e9ation.<\/p>\n<p>Dans sa lettre de recommandation, Paul Henderson (directeur de la galerie Struts) d\u00e9crit la pratique artistique de M.\u00a0Murchie comme \u00ab\u00a0une adh\u00e9sion \u00e0 un ensemble strict de param\u00e8tres\u00a0\u00bb qui, paradoxalement, g\u00e9n\u00e8rent des r\u00e9sultats ludiques et inattendus. Cette m\u00e9thode de travail s\u2019\u00e9tend au style de mentorat influent de M.\u00a0Murchie, lequel n\u2019est pas du tout normatif, proposant plut\u00f4t une plateforme et des outils de r\u00e9flexion, un espace pour respirer et une structure flexible qui permet \u00e0 la cr\u00e9ativit\u00e9 de s\u2019\u00e9panouir.<\/p>\n<p>La pr\u00e9sence de M.\u00a0Murchie au sein de la communaut\u00e9 est une extension de son art. Le respect que beaucoup portent \u00e0 sa pratique et \u00e0 son r\u00f4le dans le milieu artistique local et national est g\u00e9n\u00e9ralis\u00e9 et exprim\u00e9 de tout c\u0153ur. La conservatrice Denise Markonish (conservatrice principale au mus\u00e9e d\u2019art contemporain du Massachusetts) est parfaitement au fait des contributions de M.\u00a0Murchie, d\u00e9clarant qu\u2019il est \u00ab\u00a0manifeste \u00e0 quel point John est une ressource importante pour les artistes du Canada et de l\u2019\u00e9tranger. Comme directeur de la galerie Struts, il (\u00e9tait) toujours pr\u00eat \u00e0 donner aux artistes la possibilit\u00e9 de cr\u00e9er, de penser, d\u2019\u00eatre. Je ne connais pas de plus grande g\u00e9n\u00e9rosit\u00e9. En tant que conservatrice, il est pour moi non seulement un coll\u00e8gue et un ami, mais aussi une personne que j\u2019admire, un homme qui a r\u00e9ussi \u00e0 faire les choses \u00e0 sa mani\u00e8re pendant toute sa carri\u00e8re.\u00a0\u00bb<\/p>\n<p>Dans leur d\u00e9claration de proposition de candidature, Emily Falvey (directrice de la galerie d\u2019art Owens) et Andrea Mortson (artiste) \u00e9crivent\u00a0: \u00ab\u00a0M.\u00a0Murchie est convaincu que l\u2019art contemporain peut \u00eatre critique et influent m\u00eame s\u2019il \u00e9volue en marge de la soci\u00e9t\u00e9. Son approche est \u00e0 la fois communautaire et inclusive. Sa capacit\u00e9 \u00e0 s\u2019engager et \u00e0 fournir un soutien continu aux artistes est r\u00e9guli\u00e8rement d\u00e9crite comme \u00e9tant cruciale pour la carri\u00e8re de nombreux professionnels du milieu artistique n\u00e9o-brunswickois. Plus important encore, il a prouv\u00e9 que les actions men\u00e9es dans une petite communaut\u00e9 rurale peuvent avoir un effet d\u2019entra\u00eenement \u00e0 l\u2019\u00e9chelle nationale.\u00a0\u00bb<\/p>\n<p>Paul Henderson ajoute\u00a0: \u00ab\u00a0Plus que toute autre chose, John reste pour moi un mod\u00e8le d\u2019existence dans ce monde. Il est g\u00e9n\u00e9reux, solidaire et fervent d\u00e9fenseur des droits des artistes; il se consacre enti\u00e8rement \u00e0 son m\u00e9tier et est fid\u00e8le \u00e0 sa d\u00e9marche intellectuelle. Sa carri\u00e8re prolifique d\u00e9montre que la polyvalence est possible, qu\u2019il existe une fluidit\u00e9 entre l\u2019art et le travail de conservateur, entre l\u2019atelier solitaire ou l\u2019activit\u00e9 universitaire et l\u2019engagement social, le mentorat et le militantisme. Son empreinte sur les artistes du Nouveau-Brunswick, de la r\u00e9gion atlantique et du pays est incomparable et m\u00e9rite d\u2019\u00eatre soulign\u00e9e.\u00a0\u00bb<\/p>\n<p>Le travail de toute une vie de M.\u00a0Murchie constitue un \u00e9l\u00e9ment important de l\u2019\u00e9cologie culturelle de cette province, tant par ses \u0153uvres que par son action en faveur des arts. Sa carri\u00e8re est remarquable et sa fa\u00e7on d\u2019\u00eatre est repr\u00e9sentative des plus grandes qualit\u00e9s de la r\u00e9gion atlantique\u00a0: la valeur du local en tant qu\u2019espace de collaboration et de construction communautaire, le respect des diff\u00e9rentes fa\u00e7ons de penser et de cr\u00e9er, la promotion du risque et de l\u2019exp\u00e9rimentation ainsi que la conviction que l\u2019art peut enrichir la vie de tous les jours.<\/p>\n<p><iframe loading=\"lazy\" title=\"YouTube video player\" src=\"https:\/\/www.youtube.com\/embed\/UuVOWn3LvOA?si=5AtgIVzfgioGVN1i\" width=\"800\" height=\"450\" frameborder=\"0\" allowfullscreen=\"allowfullscreen\"><span data-mce-type=\"bookmark\" style=\"display: inline-block; width: 0px; overflow: hidden; line-height: 0;\" class=\"mce_SELRES_start\">\ufeff<\/span><\/iframe><br \/>\n<i>* Audio disponible en anglais seulement.<\/i><\/p>","protected":false},"excerpt":{"rendered":"<p>&nbsp; Nous avons le plaisir de d\u00e9signer John Murchie comme laur\u00e9at du prix Strathbutler de cette ann\u00e9e. En plus de 50\u00a0ans d\u2019activit\u00e9 en tant qu\u2019artiste, conservateur, critique et administrateur, M.\u00a0Murchie s\u2019est consacr\u00e9 \u00e0 l\u2019\u00e9tude et \u00e0 la mise en place des conditions favorables \u00e0 la cr\u00e9ation. Dans sa lettre de recommandation, Paul Henderson (directeur de<a href=\"https:\/\/sheilahughmackay.ca\/fr\/artistes-strathbutler\/john-murchie\/\">[&#8230;]<\/a><\/p>\n","protected":false},"author":1,"featured_media":0,"parent":6796,"menu_order":0,"comment_status":"closed","ping_status":"closed","template":"","meta":[],"_links":{"self":[{"href":"https:\/\/sheilahughmackay.ca\/fr\/wp-json\/wp\/v2\/pages\/7924"}],"collection":[{"href":"https:\/\/sheilahughmackay.ca\/fr\/wp-json\/wp\/v2\/pages"}],"about":[{"href":"https:\/\/sheilahughmackay.ca\/fr\/wp-json\/wp\/v2\/types\/page"}],"author":[{"embeddable":true,"href":"https:\/\/sheilahughmackay.ca\/fr\/wp-json\/wp\/v2\/users\/1"}],"replies":[{"embeddable":true,"href":"https:\/\/sheilahughmackay.ca\/fr\/wp-json\/wp\/v2\/comments?post=7924"}],"version-history":[{"count":9,"href":"https:\/\/sheilahughmackay.ca\/fr\/wp-json\/wp\/v2\/pages\/7924\/revisions"}],"predecessor-version":[{"id":7946,"href":"https:\/\/sheilahughmackay.ca\/fr\/wp-json\/wp\/v2\/pages\/7924\/revisions\/7946"}],"up":[{"embeddable":true,"href":"https:\/\/sheilahughmackay.ca\/fr\/wp-json\/wp\/v2\/pages\/6796"}],"wp:attachment":[{"href":"https:\/\/sheilahughmackay.ca\/fr\/wp-json\/wp\/v2\/media?parent=7924"}],"curies":[{"name":"wp","href":"https:\/\/api.w.org\/{rel}","templated":true}]}}