{"id":80,"date":"2010-12-02T15:46:45","date_gmt":"2010-12-02T19:46:45","guid":{"rendered":"http:\/\/sheilahughmackay.com\/shmf\/"},"modified":"2020-01-24T13:54:20","modified_gmt":"2020-01-24T17:54:20","slug":"scholarship-jury","status":"publish","type":"page","link":"https:\/\/sheilahughmackay.ca\/fr\/programme-de-bourses\/jury-pour-les-bourses\/","title":{"rendered":"Jury pour les bourses"},"content":{"rendered":"<p>La Fondation Sheila Hugh Mackay est fi\u00e8re de pr\u00e9senter un processus d\u2019arbitrage \u00e9quitable et impartial pour ses deux programmes de prix et de bourses d\u2019\u00e9tudes. L\u2019\u00e9valuation de toutes les candidatures et demandes est faite par des jurys ind\u00e9pendants en mati\u00e8re d\u2019arts visuels. Ils se r\u00e9unissent avec l\u2019aide et les recommandations des gouvernements national et provincial, des agences p\u00e9dagogiques et professionnelles. L\u2019impartialit\u00e9 est assur\u00e9e par l\u2019utilisation de proc\u00e9dures officielles concernant la divulgation li\u00e9e aux conflits d\u2019int\u00e9r\u00eats. La proc\u00e9dure relative \u00e0 la s\u00e9lection du jury a \u00e9t\u00e9 revue par le Conseil des arts du Canada en 2009.<\/p>\n<p>La Fondation se r\u00e9serve le droit de refuser les candidatures et les demandes qui ne respectent pas les crit\u00e8res publi\u00e9s ou les dates-limites de pr\u00e9sentation.<\/p>\n<ul>\n<li>Tous les postes sur <a href=\"http:\/\/sheilahughmackay.ca\/\/fr\/?cat=30\" title=\"Aller \u00e0 la cat\u00e9gorie les bourses\">nos bourses<\/a><\/li>\n<li>Tous les postes sur <a href=\"http:\/\/sheilahughmackay.ca\/\/fr\/?cat=28\" title=\"Aller \u00e0 la cat\u00e9gorie Jury pour les bourses\">Jury pour les bourses<\/a><\/li>\n<\/ul>\n<p><\/p>","protected":false},"excerpt":{"rendered":"<p>La Fondation Sheila Hugh Mackay est fi\u00e8re de pr\u00e9senter un processus d\u2019arbitrage \u00e9quitable et impartial pour ses deux programmes de prix et de bourses d\u2019\u00e9tudes. L\u2019\u00e9valuation de toutes les candidatures et demandes est faite par des jurys ind\u00e9pendants en mati\u00e8re d\u2019arts visuels. Ils se r\u00e9unissent avec l\u2019aide et les recommandations des gouvernements national et provincial,<a href=\"https:\/\/sheilahughmackay.ca\/fr\/programme-de-bourses\/jury-pour-les-bourses\/\">[&#8230;]<\/a><\/p>\n","protected":false},"author":1,"featured_media":0,"parent":76,"menu_order":3,"comment_status":"closed","ping_status":"closed","template":"template-fullwidth.php","meta":[],"_links":{"self":[{"href":"https:\/\/sheilahughmackay.ca\/fr\/wp-json\/wp\/v2\/pages\/80"}],"collection":[{"href":"https:\/\/sheilahughmackay.ca\/fr\/wp-json\/wp\/v2\/pages"}],"about":[{"href":"https:\/\/sheilahughmackay.ca\/fr\/wp-json\/wp\/v2\/types\/page"}],"author":[{"embeddable":true,"href":"https:\/\/sheilahughmackay.ca\/fr\/wp-json\/wp\/v2\/users\/1"}],"replies":[{"embeddable":true,"href":"https:\/\/sheilahughmackay.ca\/fr\/wp-json\/wp\/v2\/comments?post=80"}],"version-history":[{"count":2,"href":"https:\/\/sheilahughmackay.ca\/fr\/wp-json\/wp\/v2\/pages\/80\/revisions"}],"predecessor-version":[{"id":6744,"href":"https:\/\/sheilahughmackay.ca\/fr\/wp-json\/wp\/v2\/pages\/80\/revisions\/6744"}],"up":[{"embeddable":true,"href":"https:\/\/sheilahughmackay.ca\/fr\/wp-json\/wp\/v2\/pages\/76"}],"wp:attachment":[{"href":"https:\/\/sheilahughmackay.ca\/fr\/wp-json\/wp\/v2\/media?parent=80"}],"curies":[{"name":"wp","href":"https:\/\/api.w.org\/{rel}","templated":true}]}}