{"id":8100,"date":"2024-05-01T14:09:05","date_gmt":"2024-05-01T17:09:05","guid":{"rendered":"https:\/\/sheilahughmackay.ca\/?page_id=8100"},"modified":"2024-05-01T14:38:23","modified_gmt":"2024-05-01T17:38:23","slug":"ella-gionet","status":"publish","type":"page","link":"https:\/\/sheilahughmackay.ca\/fr\/programme-de-bourses\/bourse-fred-ross\/ella-gionet\/","title":{"rendered":"Ella Gionet"},"content":{"rendered":"<p><\/p>\n<h3>2024 Bourse d\u2019\u00e9tudes Fred Ross<\/h3>\n<div id=\"grid-gallery-24-23111\" data-gg-id=\"24\" data-title=\"Ella Gionet\" data-grid-type=\"0\" data-offset=\"5.3\" data-area-position=\"left\" data-icons=\"false\" data-preloader=\"true\" data-width=\"270\" data-height=\"270\" data-padding=\"0\" data-quicksand=\"disabled\" data-quicksand-duration=\"none\" data-popup-theme=\"theme_6\" data-popup-type=\"pretty-photo\" data-popup-image-text=\"data-description\" data-popup-widthsize=\"auto\" data-popup-heightsize=\"auto\" data-popup-i18n-words=\"{&quot;close&quot;:&quot;close&quot;,&quot;next&quot;:&quot;next&quot;,&quot;previous&quot;:&quot;previous&quot;,&quot;start_slideshow&quot;:&quot;start slideshow&quot;,&quot;stop_slideshow&quot;:&quot;stop slideshow&quot;,&quot;image&quot;:&quot;image&quot;,&quot;of&quot;:&quot;of&quot;,&quot;prev&quot;:&quot;prev&quot;,&quot;cExpand&quot;:&quot;Expand&quot;,&quot;cPrevious&quot;:&quot;Previous&quot;,&quot;cNext&quot;:&quot;Next&quot;,&quot;cExpandStr&quot;:&quot;Expand the image&quot;,&quot;cRotate&quot;:&quot;Rotate&quot;,&quot;cDetails&quot;:&quot;Details&quot;}\" data-popup-slideshow=\"false\" data-popup-slideshow-speed=\"2500\" data-popup-hoverstop=\"true\" data-popup-slideshow-auto=\"false\" data-popup-background=\"\" data-popup-transparency=\"30\" data-popup-disable-history=\"\" data-popup-disable-changed-url=\"\" data-popup-border-type=\"solid\" data-popup-border-color=\"\" data-popup-border-width=\"\" data-popup-border-enable=\"\" data-fullscreen=\"false\" data-hide-tooltip=\"false\" data-caption-font-family=\"Default\" data-caption-text-size=\"14px\" data-is-mobile=\"0\" data-caption-mobile=\"false\" data-hide-long-tltp-title=\"0\" data-caption-disabled-on-mobile=\"false\" data-lazyload-enable='1' data-lazyload-effect=\"show\" data-lazyload-effect-duration=\"400\" data-popup-placement-type=\"0\" data-social-sharing=\"{&quot;enabled&quot;:&quot;&quot;,&quot;gallerySharing&quot;:{&quot;enabled&quot;:null,&quot;position&quot;:null},&quot;imageSharing&quot;:{&quot;enabled&quot;:null,&quot;wrapperClass&quot;:&quot; vertical \\n &quot;},&quot;popupSharing&quot;:{&quot;enabled&quot;:null,&quot;wrapperClass&quot;:&quot; vertical \\n &quot;}}\" class=\"grid-gallery grid-gallery-fixed \" style=\" width:100%; height:auto ; float: left; position:relative;\" > <div class=\"gallery-loading\"> <div class=\"blocks\"> <div class=\"block\"><\/div> <div class=\"block\"><\/div> <div class=\"block\"><\/div> <div class=\"block\"><\/div> <\/div> <\/div> <div class=\"gallery-sharing-top\"><\/div> <div id=\"photos-24\" class=\"grid-gallery-photos \" > <a id=\"gg-24-215\" class=\"gg-link \" data-attachment-id=\"8106\" href=\"https:\/\/sheilahughmackay.ca\/wp-content\/uploads\/2024\/05\/Ella-Gionet-2023-Nina-Simone-rotated.jpg?gid=24\" target=\"_self\" title=\"Ella Gionet 2023 Nina Simone\" data-rel=\"prettyPhoto[pp_gal]\" style=\"border-radius: 0px;\" ><FIGURE class=\"grid-gallery-caption \" data-grid-gallery-type=\"quarter-slide-up\" data-index=\"0\" style=\"display:none;border-radius: 0px; ; margin: 5.3px; width:270px;\" ><div class=\"crop \" style=\" width:270px; height:270px; overflow:hidden; \"><img data-gg-real-image-href=\"https:\/\/sheilahughmackay.ca\/wp-content\/uploads\/2024\/05\/Ella-Gionet-2023-Nina-Simone-rotated-270x270.jpg\" src=\"https:\/\/sheilahughmackay.ca\/wp-content\/plugins\/gallery-by-supsystic\/src\/GridGallery\/Galleries\/assets\/img\/loading.gif\" class=\"ggImg ggLazyImg\" alt=\"Ella Gionet 2023 Nina Simone\" title=\"Ella Gionet 2023 Nina Simone\" data-description=\"Ella Gionet 2023 Nina Simone\" data-caption=\"Nina Simone\" data-title=\"Ella Gionet 2023 Nina Simone\" style=\" width:270px; height:270px; \" \/><\/div><FIGCAPTION class=\"\" data-alpha=\"5\" style=\"color:#ffffff; background-color:#6f0000; font-size:14px; text-align:left; font-family:Default;\" ><div class=\"grid-gallery-figcaption-wrap\" style=\" vertical-align:top; \"><div class=\"gg-image-caption fitvidsignore \" style=\"font-size:14px;\"><object type=\"none\/none\"> Nina Simone <\/object><\/div><\/div><\/FIGCAPTION><\/FIGURE><\/a> <a id=\"gg-24-216\" class=\"gg-link \" data-attachment-id=\"8105\" href=\"https:\/\/sheilahughmackay.ca\/wp-content\/uploads\/2024\/05\/Ella-Gionet-2023-Faces-in-the-Crowd.jpg?gid=24\" target=\"_self\" title=\"Ella Gionet 2023 Faces in the Crowd\" data-rel=\"prettyPhoto[pp_gal]\" style=\"border-radius: 0px;\" ><FIGURE class=\"grid-gallery-caption \" data-grid-gallery-type=\"quarter-slide-up\" data-index=\"1\" style=\"display:none;border-radius: 0px; ; margin: 5.3px; width:270px;\" ><div class=\"crop \" style=\" width:270px; height:270px; overflow:hidden; \"><img data-gg-real-image-href=\"https:\/\/sheilahughmackay.ca\/wp-content\/uploads\/2024\/05\/Ella-Gionet-2023-Faces-in-the-Crowd-270x270.jpg\" src=\"https:\/\/sheilahughmackay.ca\/wp-content\/plugins\/gallery-by-supsystic\/src\/GridGallery\/Galleries\/assets\/img\/loading.gif\" class=\"ggImg ggLazyImg\" alt=\"Ella Gionet 2023 Faces in the Crowd\" title=\"Ella Gionet 2023 Faces in the Crowd\" data-description=\"Ella Gionet 2023 Faces in the Crowd\" data-caption=\"Faces in the Crowd\" data-title=\"Ella Gionet 2023 Faces in the Crowd\" style=\" width:270px; height:270px; \" \/><\/div><FIGCAPTION class=\"\" data-alpha=\"5\" style=\"color:#ffffff; background-color:#6f0000; font-size:14px; text-align:left; font-family:Default;\" ><div class=\"grid-gallery-figcaption-wrap\" style=\" vertical-align:top; \"><div class=\"gg-image-caption fitvidsignore \" style=\"font-size:14px;\"><object type=\"none\/none\"> Faces in the Crowd <\/object><\/div><\/div><\/FIGCAPTION><\/FIGURE><\/a> <a id=\"gg-24-217\" class=\"gg-link \" data-attachment-id=\"8104\" href=\"https:\/\/sheilahughmackay.ca\/wp-content\/uploads\/2024\/05\/Ella-Gionet-2024-The-Minotaur.jpg?gid=24\" target=\"_self\" title=\"Ella Gionet 2024 The Minotaur\" data-rel=\"prettyPhoto[pp_gal]\" style=\"border-radius: 0px;\" ><FIGURE class=\"grid-gallery-caption \" data-grid-gallery-type=\"quarter-slide-up\" data-index=\"2\" style=\"display:none;border-radius: 0px; ; margin: 5.3px; width:270px;\" ><div class=\"crop \" style=\" width:270px; height:270px; overflow:hidden; \"><img data-gg-real-image-href=\"https:\/\/sheilahughmackay.ca\/wp-content\/uploads\/2024\/05\/Ella-Gionet-2024-The-Minotaur-270x270.jpg\" src=\"https:\/\/sheilahughmackay.ca\/wp-content\/plugins\/gallery-by-supsystic\/src\/GridGallery\/Galleries\/assets\/img\/loading.gif\" class=\"ggImg ggLazyImg\" alt=\"Ella Gionet 2024 The Minotaur\" title=\"Ella Gionet 2024 The Minotaur\" data-description=\"Ella Gionet 2024 The Minotaur\" data-caption=\"The Minotaur\" data-title=\"Ella Gionet 2024 The Minotaur\" style=\" width:270px; height:270px; \" \/><\/div><FIGCAPTION class=\"\" data-alpha=\"5\" style=\"color:#ffffff; background-color:#6f0000; font-size:14px; text-align:left; font-family:Default;\" ><div class=\"grid-gallery-figcaption-wrap\" style=\" vertical-align:top; \"><div class=\"gg-image-caption fitvidsignore \" style=\"font-size:14px;\"><object type=\"none\/none\"> The Minotaur <\/object><\/div><\/div><\/FIGCAPTION><\/FIGURE><\/a> <div class=\"grid-gallery-clearfix\"><\/div> <\/div> <div class=\"gallery-sharing-bottom\"><\/div> <div class=\"grid-gallery-clearfix\"><\/div> <\/div> <!-- Gallery by Supsystic plugin 1.14.10 -->\n<div id=\"attachment_8101\" style=\"width: 193px\" class=\"wp-caption alignleft\"><img aria-describedby=\"caption-attachment-8101\" loading=\"lazy\" class=\"wp-image-8101\" src=\"https:\/\/sheilahughmackay.ca\/wp-content\/uploads\/2024\/05\/Ella-Gionet-2024-264x360.jpg\" alt=\"Ella Gionet\" width=\"183\" height=\"250\" srcset=\"https:\/\/sheilahughmackay.ca\/wp-content\/uploads\/2024\/05\/Ella-Gionet-2024-264x360.jpg 264w, https:\/\/sheilahughmackay.ca\/wp-content\/uploads\/2024\/05\/Ella-Gionet-2024-750x1024.jpg 750w, https:\/\/sheilahughmackay.ca\/wp-content\/uploads\/2024\/05\/Ella-Gionet-2024-768x1049.jpg 768w, https:\/\/sheilahughmackay.ca\/wp-content\/uploads\/2024\/05\/Ella-Gionet-2024.jpg 915w\" sizes=\"(max-width: 183px) 100vw, 183px\" \/><p id=\"caption-attachment-8101\" class=\"wp-caption-text\">Ella Gionet<\/p><\/div>\n<p><strong>D\u00e9claration du jury Fred Ross 2024 :<\/strong><\/p>\n<p>Le travail d\u2019Ella \u00e9tait impressionnant dans sa force et son orgininalit\u00e9. Ella s\u2019identifie d\u00e9j\u00e0 en tant qu\u2019artiste, ce qui indique la sensibilisation, la d\u00e9termination et l\u2019ambition \u00e0 un jeune \u00e2ge de travailler vers une carri\u00e8re dans les arts. Dans ses \u0153uvres, elle explore diff\u00e9rents m\u00e9dias artistiques et d\u00e9montre une conscience des r\u00e9f\u00e9rences historiques culturelles et artistiques. Elle est habile \u00e0 d\u00e9crire les \u00e9motions \u00e0 travers l\u2019expression picturale. Ses choix de composition, de couleur et de valeur sont tr\u00e8s forts, mais elle montre aussi le d\u00e9sir de prendre des risques afin de cr\u00e9er une image forte et m\u00e9morable.\u00a0 Ella est une excellente candidate pour la bourse Fred Ross et nous avons h\u00e2te de suivre ses progr\u00e8s. F\u00e9licitations Ella!<\/p>\n<p>&#8211; Theresa MacKnight, Cathy Ross et Caroline Walker<\/p>","protected":false},"excerpt":{"rendered":"<p>2024 Bourse d\u2019\u00e9tudes Fred Ross D\u00e9claration du jury Fred Ross 2024 : Le travail d\u2019Ella \u00e9tait impressionnant dans sa force et son orgininalit\u00e9. Ella s\u2019identifie d\u00e9j\u00e0 en tant qu\u2019artiste, ce qui indique la sensibilisation, la d\u00e9termination et l\u2019ambition \u00e0 un jeune \u00e2ge de travailler vers une carri\u00e8re dans les arts. Dans ses \u0153uvres, elle explore<a href=\"https:\/\/sheilahughmackay.ca\/fr\/programme-de-bourses\/bourse-fred-ross\/ella-gionet\/\">[&#8230;]<\/a><\/p>\n","protected":false},"author":1,"featured_media":0,"parent":91,"menu_order":0,"comment_status":"closed","ping_status":"closed","template":"","meta":[],"_links":{"self":[{"href":"https:\/\/sheilahughmackay.ca\/fr\/wp-json\/wp\/v2\/pages\/8100"}],"collection":[{"href":"https:\/\/sheilahughmackay.ca\/fr\/wp-json\/wp\/v2\/pages"}],"about":[{"href":"https:\/\/sheilahughmackay.ca\/fr\/wp-json\/wp\/v2\/types\/page"}],"author":[{"embeddable":true,"href":"https:\/\/sheilahughmackay.ca\/fr\/wp-json\/wp\/v2\/users\/1"}],"replies":[{"embeddable":true,"href":"https:\/\/sheilahughmackay.ca\/fr\/wp-json\/wp\/v2\/comments?post=8100"}],"version-history":[{"count":5,"href":"https:\/\/sheilahughmackay.ca\/fr\/wp-json\/wp\/v2\/pages\/8100\/revisions"}],"predecessor-version":[{"id":8116,"href":"https:\/\/sheilahughmackay.ca\/fr\/wp-json\/wp\/v2\/pages\/8100\/revisions\/8116"}],"up":[{"embeddable":true,"href":"https:\/\/sheilahughmackay.ca\/fr\/wp-json\/wp\/v2\/pages\/91"}],"wp:attachment":[{"href":"https:\/\/sheilahughmackay.ca\/fr\/wp-json\/wp\/v2\/media?parent=8100"}],"curies":[{"name":"wp","href":"https:\/\/api.w.org\/{rel}","templated":true}]}}