{"id":8309,"date":"2025-08-11T16:03:27","date_gmt":"2025-08-11T19:03:27","guid":{"rendered":"https:\/\/sheilahughmackay.ca\/?page_id=8309"},"modified":"2025-08-12T11:57:17","modified_gmt":"2025-08-12T14:57:17","slug":"judy-blake","status":"publish","type":"page","link":"https:\/\/sheilahughmackay.ca\/fr\/artistes-strathbutler\/judy-blake\/","title":{"rendered":"Judy Blake"},"content":{"rendered":"<p><div id=\"attachment_8311\" style=\"width: 250px\" class=\"wp-caption alignleft\"><img aria-describedby=\"caption-attachment-8311\" loading=\"lazy\" class=\"wp-image-8311 size-medium\" src=\"https:\/\/sheilahughmackay.ca\/wp-content\/uploads\/2025\/08\/Judy-Blake-Portrait-240x360.jpg\" alt=\"Judy Blake\" width=\"240\" height=\"360\" srcset=\"https:\/\/sheilahughmackay.ca\/wp-content\/uploads\/2025\/08\/Judy-Blake-Portrait-240x360.jpg 240w, https:\/\/sheilahughmackay.ca\/wp-content\/uploads\/2025\/08\/Judy-Blake-Portrait-683x1024.jpg 683w, https:\/\/sheilahughmackay.ca\/wp-content\/uploads\/2025\/08\/Judy-Blake-Portrait-768x1152.jpg 768w, https:\/\/sheilahughmackay.ca\/wp-content\/uploads\/2025\/08\/Judy-Blake-Portrait-1024x1536.jpg 1024w, https:\/\/sheilahughmackay.ca\/wp-content\/uploads\/2025\/08\/Judy-Blake-Portrait-1365x2048.jpg 1365w, https:\/\/sheilahughmackay.ca\/wp-content\/uploads\/2025\/08\/Judy-Blake-Portrait-scaled.jpg 1707w\" sizes=\"(max-width: 240px) 100vw, 240px\" \/><p id=\"caption-attachment-8311\" class=\"wp-caption-text\">Judy Blake<\/p><\/div><\/p>\n<p>La d\u00e9fense des arts est une activit\u00e9 \u00e0 laquelle beaucoup s\u2019adonnent, mais de temps \u00e0 autre, une personnalit\u00e9 telle que Carol Collicutt s\u2019y distingue de mani\u00e8re exceptionnelle, au point de fa\u00e7onner la sc\u00e8ne culturelle pour toute une g\u00e9n\u00e9ration d\u2019artistes. Quiconque travaille dans les arts a une liste d\u2019am\u00e9liorations souhaitables, comme une plus grande pertinence, un meilleur financement ou un public plus large. Carol ne se contente pas de souhaiter ou, pire encore, de se plaindre. Elle agit pour obtenir ce qu\u2019elle veut. Gr\u00e2ce \u00e0 sa d\u00e9termination sans faille et \u00e0 sa conviction profonde que les arts ont leur place dans la soci\u00e9t\u00e9, elle a d\u00e9velopp\u00e9 les comp\u00e9tences professionnelles et les ressources n\u00e9cessaires pour engendrer des changements substantiels dans le milieu culturel, toujours \u00e0 titre b\u00e9n\u00e9vole, sans r\u00e9mun\u00e9ration.<\/p>\n<p>Carol a contribu\u00e9 \u00e0 la cr\u00e9ation de la Gallery Connexxion \u00e0 Fredericton, un centre g\u00e9r\u00e9 par des artistes, puis elle a si\u00e9g\u00e9 au conseil d\u2019administration de cet organisme pendant 25\u00a0ans, dont 10\u00a0ans en tant que pr\u00e9sidente. Gr\u00e2ce \u00e0 une combinaison unique de programmation contemporaine et d\u2019ateliers d\u2019artistes, ce lieu s\u2019est taill\u00e9 une place unique sur la sc\u00e8ne artistique locale. Sa gestion du projet Connexion \u00e0 Sainte-Croix, \u00e0 l\u2019occasion du 20<sup>e<\/sup>\u00a0anniversaire du centre, a \u00e9t\u00e9 remarquable. Ce projet hors site, qui int\u00e9grait des \u0153uvres d\u2019artistes autochtones en tant que voix essentielles dans une exposition sur la colonisation, a \u00e9t\u00e9 r\u00e9alis\u00e9 une d\u00e9cennie avant que cette pratique devienne en vogue.<\/p>\n<p>Carol est une leader qui n\u2019aime pas se faire dire qu\u2019il faut accepter les choses telles qu\u2019elles sont. Lorsque le Conseil des arts du Nouveau-Brunswick a \u00e9t\u00e9 confront\u00e9 \u00e0 de s\u00e9v\u00e8res restrictions budg\u00e9taires et \u00e0 des bouleversements organisationnels en 2016, elle en a assum\u00e9 la pr\u00e9sidence afin de pr\u00e9server cet organisme de financement provincial ind\u00e9pendant et pendant quatre ans, elle s\u2019est efforc\u00e9e de redresser la situation. Elle y est parvenue gr\u00e2ce \u00e0 l\u2019\u00e9tablissement de partenariats avec des organisations acadiennes, autochtones et d\u2019autres groupes culturels de la province. Un plan strat\u00e9gique triennal a \u00e9t\u00e9 mis en place et l\u2019organisation a travaill\u00e9 sur des objectifs concrets afin que toute la population de la province puisse profiter d\u2019une forte pr\u00e9sence culturelle.<\/p>\n<p>L\u2019une des principales initiatives de Carol a \u00e9t\u00e9 sa participation au Groupe de travail du premier ministre sur le statut des artistes. D\u00e8s sa publication en 2021, le rapport de ce groupe de travail est devenu un document de r\u00e9f\u00e9rence d\u00e9crivant les d\u00e9fis socio-\u00e9conomiques uniques auxquels sont confront\u00e9s les artistes de notre pays. Les 24\u00a0recommandations formul\u00e9es dans le rapport concernent toutes les instances gouvernementales et jettent les bases d\u2019un renouveau vers un traitement \u00e9quitable des artistes pendant de nombreuses g\u00e9n\u00e9rations. Plus de quatre ans plus tard, le 6\u00a0juin dernier, la <em>Loi sur le statut de l\u2019artiste<\/em> au Nouveau-Brunswick a re\u00e7u la sanction royale.<\/p>\n<p>Voil\u00e0 un bel exemple de strat\u00e9gie de pression efficace. Elle aboutit \u00e0 des r\u00e9sultats concrets, utiles aux artistes et \u00e0 la population. Elle demande du temps. Elle demande de la d\u00e9termination. Il faut savoir miser sur le long terme pour obtenir des changements importants et durables. M\u00eame si j\u2019ai soulign\u00e9 ses plus grandes r\u00e9alisations, il y a aussi toute cette multitude de petits gestes, comme animer une r\u00e9union ou une conversation ou simplement \u00eatre pr\u00e9sente lors d\u2019un \u00e9v\u00e9nement. Pour Carol, tous ces gestes ont leur importance. En tant que militante b\u00e9n\u00e9vole, elle est l\u2019une des meilleures dans son domaine et de nombreux artistes ont b\u00e9n\u00e9fici\u00e9 de ses efforts. Pour toutes ces raisons, Carol Collicut m\u00e9rite le prix\u00a02025 de d\u00e9fense des arts de la Fondation Sheila Hugh MacKay.<\/p>\n<p><em>Alexandra Badzak, G\u00e9rald Beaulieu, Suzanne Hill, Jennifer MacKlem, Sarah Quinton<\/em><\/p>\n<p><iframe loading=\"lazy\" title=\"YouTube video player\" src=\"https:\/\/www.youtube.com\/embed\/AQJhDdIR1NQ?si=2hLN431_14lJuuAB\" width=\"800\" height=\"450\" frameborder=\"0\" allowfullscreen=\"allowfullscreen\"><\/iframe><br \/>\n<i>* Audio disponible en anglais seulement.<\/i><\/p>","protected":false},"excerpt":{"rendered":"<p>La d\u00e9fense des arts est une activit\u00e9 \u00e0 laquelle beaucoup s\u2019adonnent, mais de temps \u00e0 autre, une personnalit\u00e9 telle que Carol Collicutt s\u2019y distingue de mani\u00e8re exceptionnelle, au point de fa\u00e7onner la sc\u00e8ne culturelle pour toute une g\u00e9n\u00e9ration d\u2019artistes. Quiconque travaille dans les arts a une liste d\u2019am\u00e9liorations souhaitables, comme une plus grande pertinence, un<a href=\"https:\/\/sheilahughmackay.ca\/fr\/artistes-strathbutler\/judy-blake\/\">[&#8230;]<\/a><\/p>\n","protected":false},"author":1,"featured_media":0,"parent":6796,"menu_order":0,"comment_status":"closed","ping_status":"closed","template":"","meta":[],"_links":{"self":[{"href":"https:\/\/sheilahughmackay.ca\/fr\/wp-json\/wp\/v2\/pages\/8309"}],"collection":[{"href":"https:\/\/sheilahughmackay.ca\/fr\/wp-json\/wp\/v2\/pages"}],"about":[{"href":"https:\/\/sheilahughmackay.ca\/fr\/wp-json\/wp\/v2\/types\/page"}],"author":[{"embeddable":true,"href":"https:\/\/sheilahughmackay.ca\/fr\/wp-json\/wp\/v2\/users\/1"}],"replies":[{"embeddable":true,"href":"https:\/\/sheilahughmackay.ca\/fr\/wp-json\/wp\/v2\/comments?post=8309"}],"version-history":[{"count":3,"href":"https:\/\/sheilahughmackay.ca\/fr\/wp-json\/wp\/v2\/pages\/8309\/revisions"}],"predecessor-version":[{"id":8318,"href":"https:\/\/sheilahughmackay.ca\/fr\/wp-json\/wp\/v2\/pages\/8309\/revisions\/8318"}],"up":[{"embeddable":true,"href":"https:\/\/sheilahughmackay.ca\/fr\/wp-json\/wp\/v2\/pages\/6796"}],"wp:attachment":[{"href":"https:\/\/sheilahughmackay.ca\/fr\/wp-json\/wp\/v2\/media?parent=8309"}],"curies":[{"name":"wp","href":"https:\/\/api.w.org\/{rel}","templated":true}]}}