{"id":9,"date":"2010-11-17T13:10:39","date_gmt":"2010-11-17T17:10:39","guid":{"rendered":"http:\/\/sheilahughmackay.com\/shmf\/?page_id=9"},"modified":"2016-10-04T14:29:59","modified_gmt":"2016-10-04T17:29:59","slug":"sheila-mackay-1946-2004","status":"publish","type":"page","link":"https:\/\/sheilahughmackay.ca\/fr\/fondation\/sheila-mackay-1946-2004\/","title":{"rendered":"Sheila Mackay 1946-2004"},"content":{"rendered":"<p><div id=\"attachment_4354\" style=\"width: 228px\" class=\"wp-caption alignleft\"><img aria-describedby=\"caption-attachment-4354\" loading=\"lazy\" class=\"alignleft size-medium wp-image-4354\" src=\"http:\/\/sheilahughmackay.ca\/\/wp-content\/uploads\/2010\/11\/Sheila-with-piper-218x300.jpg\" alt=\"Sheila en \u00c9cosse\" width=\"218\" height=\"300\" srcset=\"https:\/\/sheilahughmackay.ca\/wp-content\/uploads\/2010\/11\/Sheila-with-piper-218x300.jpg 218w, https:\/\/sheilahughmackay.ca\/wp-content\/uploads\/2010\/11\/Sheila-with-piper-768x1056.jpg 768w, https:\/\/sheilahughmackay.ca\/wp-content\/uploads\/2010\/11\/Sheila-with-piper-745x1024.jpg 745w, https:\/\/sheilahughmackay.ca\/wp-content\/uploads\/2010\/11\/Sheila-with-piper-400x550.jpg 400w, https:\/\/sheilahughmackay.ca\/wp-content\/uploads\/2010\/11\/Sheila-with-piper.jpg 814w\" sizes=\"(max-width: 218px) 100vw, 218px\" \/><p id=\"caption-attachment-4354\" class=\"wp-caption-text\">la fondatrice en \u00c9cosse.<\/p><\/div><\/p>\n<p>Durant toute sa vie, Sheila Hugh Mackay, amateur d\u2019art et m\u00e9c\u00e8ne, s\u2019est donn\u00e9 corps et \u00e2me \u00e0 la promotion et \u00e0 l\u2019encouragement des arts et des m\u00e9tiers d\u2019art au Nouveau-Brunswick. Dans son testament, elle a g\u00e9n\u00e9reusement dot\u00e9 la Fondation Sheila Hugh Mackay, lui assurant ainsi la capacit\u00e9 de perp\u00e9tuer son \u0153uvre.<\/p>\n<p>Fille de Hugh (Yip) Mackay et de Geraldine Jane Caruthers Mackay, Sheila a v\u00e9cu \u00e0 Rothesay, puis \u00e0 Toronto. Elle a fr\u00e9quent\u00e9 l\u2019\u00e9cole Rothesay Netherwood et l\u2019universit\u00e9 McGill. Elle a men\u00e9 sa carri\u00e8re dans les domaines de la publicit\u00e9, du marketing et de la gestion financi\u00e8re \u00e0 Toronto ainsi qu\u2019\u00e0 Londres, en Angleterre. Au d\u00e9but des ann\u00e9es 1980, Sheila, atteinte d\u2019une maladie grave, a d\u00fb quitter Toronto pour revenir au Nouveau-Brunswick. Dans cette province, elle a assur\u00e9 les fonctions d\u2019administratrice \u00e0 la revue ARTSAtlantic, au Conseil canadien des m\u00e9tiers d\u2019art, au Conseil des m\u00e9tiers d\u2019arts du Nouveau-Brunswick et \u00e0 la Embroiderers\u2019 Association of Canada.<\/p>\n<div id=\"attachment_4806\" style=\"width: 310px\" class=\"wp-caption alignright\"><a href=\"http:\/\/sheilahughmackay.ca\/\/wp-content\/uploads\/2016\/03\/Sheila-meeting-the-prince-adjusted-1.jpg\" rel=\"attachment wp-att-4806\"><img aria-describedby=\"caption-attachment-4806\" loading=\"lazy\" class=\"size-medium wp-image-4806\" src=\"http:\/\/sheilahughmackay.ca\/\/wp-content\/uploads\/2016\/03\/Sheila-meeting-the-prince-adjusted-1-300x254.jpg\" alt=\"Sheila Mackay salue SAR Charles, Prince de Galles, avec Cecily et Colin B Mackay.\" width=\"300\" height=\"254\" srcset=\"https:\/\/sheilahughmackay.ca\/wp-content\/uploads\/2016\/03\/Sheila-meeting-the-prince-adjusted-1-300x254.jpg 300w, https:\/\/sheilahughmackay.ca\/wp-content\/uploads\/2016\/03\/Sheila-meeting-the-prince-adjusted-1-768x651.jpg 768w, https:\/\/sheilahughmackay.ca\/wp-content\/uploads\/2016\/03\/Sheila-meeting-the-prince-adjusted-1-1024x868.jpg 1024w\" sizes=\"(max-width: 300px) 100vw, 300px\" \/><\/a><p id=\"caption-attachment-4806\" class=\"wp-caption-text\">Sheila Mackay salue SAR Charles, Prince de Galles, avec Cecily et Colin B Mackay.<\/p><\/div>\n<p>C\u2019est gr\u00e2ce \u00e0 l\u2019encouragement de Mary Crimmins et de Rosamond Campbell que Sheila s\u2019est int\u00e9ress\u00e9e aux arts alors qu\u2019elle \u00e9tait \u00e0 l\u2019\u00e9cole Rothesay Netherwood. Elle a ensuite continu\u00e9 \u00e0 perfectionner sa technique et ses \u0153uvres en arts textiles et a suivi des cours au Sheridan College et \u00e0 l\u2019Ontario College of Art. Chaque ann\u00e9e, elle se rendait \u00e0 Carmel, en Californie, pour \u00e9tudier avec des artistes comme Yvonne Porcella, Judi Warren, Jean Ray Laury, Gail Perry et Fran\u00e7oise Barnes.<\/p>\n<p>Le travail de Sheila Hugh Mackay s\u2019est port\u00e9 notamment sur l\u2019assemblage et le matelassage de courtepointe, la broderie et la sculpture textile. Son amie de toujours, Anne Fawcett, qui a \u00e9galement \u00e9t\u00e9 la premi\u00e8re responsable administrative de la Fondation Sheila Hugh Mackay, a fait remarquer que l\u2019ouvrage \u00e0 l\u2019aiguille \u00e9tait une passion pour Sheila\u00a0: \u00abHeureusement, les demandes du march\u00e9 ne viennent pas nuire \u00e0 sa cr\u00e9ativit\u00e9 et, de ce fait, elle n\u2019a jamais perdu son petit c\u00f4t\u00e9 fantaisiste.\u00bb<\/p>\n<p>De 1987 jusqu\u2019\u00e0 son d\u00e9c\u00e8s en 2004, Sheila a consacr\u00e9 son \u00e9nergie et ses ressources \u00e0 l\u2019am\u00e9lioration de la communaut\u00e9 artistique du Nouveau-Brunswick. En 1987, elle a ainsi fond\u00e9 un organisme caritatif en vue de \u00ab promouvoir la connaissance et l\u2019appr\u00e9ciation des arts et des m\u00e9tiers d\u2019art canadiens et de faire comprendre leur importance pour le patrimoine canadien. \u00bb<\/p>\n<p><a href=\"http:\/\/sheilahughmackay.ca\/\/wp-content\/uploads\/2010\/11\/mackay-tartan-and-crest.jpg\" rel=\"attachment wp-att-4356\"><img loading=\"lazy\" class=\"alignleft size-medium wp-image-4356\" src=\"http:\/\/sheilahughmackay.ca\/\/wp-content\/uploads\/2010\/11\/mackay-tartan-and-crest-143x300.jpg\" alt=\"mackay-tartan-and-crest\" width=\"143\" height=\"300\" srcset=\"https:\/\/sheilahughmackay.ca\/wp-content\/uploads\/2010\/11\/mackay-tartan-and-crest-143x300.jpg 143w, https:\/\/sheilahughmackay.ca\/wp-content\/uploads\/2010\/11\/mackay-tartan-and-crest.jpg 200w\" sizes=\"(max-width: 143px) 100vw, 143px\" \/><\/a>En 1996, les efforts qu\u2019elle a d\u00e9ploy\u00e9s au Canada atlantique lui valent la m\u00e9daille d\u2019argent de la Royal Society for the Encouragement of Arts. Comme le dit la personne qui a propos\u00e9 sa candidature, Joe Sherman, r\u00e9dacteur de ARTSAtlantic, \u00ab Sheila Mackay a mis sur pied une fondation visant \u00e0 accro\u00eetre l&#8217;int\u00e9r\u00eat du public pour l&#8217;art et \u00e0 faire progresser la carri\u00e8re et le travail de bon nombre de personnes et d\u2019organismes. Son soutien est g\u00e9n\u00e9reux, clairement d\u00e9fini et tr\u00e8s bien exprim\u00e9\u00a0: reconna\u00eetre l\u2019excellence et les contributions individuelles d\u2019artistes dans leurs domaines respectifs. \u00bb<\/p>\n<p>En 2004, la Fondation Sheila Hugh Mackay re\u00e7oit le premier prix en mati\u00e8re de philanthropie de la Fondation des arts du Nouveau-Brunswick. L\u2019organisation est ainsi reconnue pour l\u2019aide qu\u2019elle apporte \u00e0 des centaines d\u2019artistes et d\u2019artisanes et artisans du Nouveau-Brunswick par l\u2019entremise de subventions et de r\u00e9compenses ainsi que pour sa contribution consid\u00e9rable au rayonnement des arts et des beaux-arts dans la province. La m\u00eame ann\u00e9e, l\u2019Association acadienne des artistes professionnel.le.s du Nouveau-Brunswick (AAAPNB) d\u00e9cerne \u00e0 Sheila Hugh Mackay le prestigieux prix \u00c9loize \u2013 Soutien aux arts pour son travail philanthropique.<\/p>\n<p>Mme Mackay est d\u00e9c\u00e9d\u00e9e \u00e0 Aruba en 2004, l\u00e9guant une g\u00e9n\u00e9reuse dotation \u00e0 la fondation qu\u2019elle avait cr\u00e9\u00e9e pour appuyer les arts si chers \u00e0 son c\u0153ur.<\/p>\n<h4>Expositions<\/h4>\n<ul>\n<li><strong>Couplings and Other Delights<\/strong>, Sunbury Arts and Nature Centre, St. Andrews (N.-B.), exposition solo (courtepointes), 1995<\/li>\n<li><strong>Sheila\u2019s Bugherd<\/strong>, Aiken Bicentennial Exhibition Centre, solo (courtepointes) 1991<\/li>\n<li><strong>Slugger and the Saint John River<\/strong>, exposition du Conseil des m\u00e9tiers d\u2019arts du Nouveau-Brunswick \u00e0 l\u2019occasion de c\u00e9l\u00e9brations du fleuve Saint-Jean<\/li>\n<li><strong>Diletante\u2019s Delight,<\/strong> Art Studio Insight, Aruba 2002<\/li>\n<li><strong>Diletante\u2019s Delight<\/strong>, Saint John Arts Centre, 2003<\/li>\n<\/ul>\n<p><\/p>","protected":false},"excerpt":{"rendered":"<p>Durant toute sa vie, Sheila Hugh Mackay, amateur d\u2019art et m\u00e9c\u00e8ne, s\u2019est donn\u00e9 corps et \u00e2me \u00e0 la promotion et \u00e0 l\u2019encouragement des arts et des m\u00e9tiers d\u2019art au Nouveau-Brunswick. Dans son testament, elle a g\u00e9n\u00e9reusement dot\u00e9 la Fondation Sheila Hugh Mackay, lui assurant ainsi la capacit\u00e9 de perp\u00e9tuer son \u0153uvre. Fille de Hugh (Yip)<a href=\"https:\/\/sheilahughmackay.ca\/fr\/fondation\/sheila-mackay-1946-2004\/\">[&#8230;]<\/a><\/p>\n","protected":false},"author":1,"featured_media":0,"parent":5,"menu_order":4,"comment_status":"closed","ping_status":"closed","template":"","meta":[],"_links":{"self":[{"href":"https:\/\/sheilahughmackay.ca\/fr\/wp-json\/wp\/v2\/pages\/9"}],"collection":[{"href":"https:\/\/sheilahughmackay.ca\/fr\/wp-json\/wp\/v2\/pages"}],"about":[{"href":"https:\/\/sheilahughmackay.ca\/fr\/wp-json\/wp\/v2\/types\/page"}],"author":[{"embeddable":true,"href":"https:\/\/sheilahughmackay.ca\/fr\/wp-json\/wp\/v2\/users\/1"}],"replies":[{"embeddable":true,"href":"https:\/\/sheilahughmackay.ca\/fr\/wp-json\/wp\/v2\/comments?post=9"}],"version-history":[{"count":20,"href":"https:\/\/sheilahughmackay.ca\/fr\/wp-json\/wp\/v2\/pages\/9\/revisions"}],"predecessor-version":[{"id":5335,"href":"https:\/\/sheilahughmackay.ca\/fr\/wp-json\/wp\/v2\/pages\/9\/revisions\/5335"}],"up":[{"embeddable":true,"href":"https:\/\/sheilahughmackay.ca\/fr\/wp-json\/wp\/v2\/pages\/5"}],"wp:attachment":[{"href":"https:\/\/sheilahughmackay.ca\/fr\/wp-json\/wp\/v2\/media?parent=9"}],"curies":[{"name":"wp","href":"https:\/\/api.w.org\/{rel}","templated":true}]}}